{"id":260870,"date":"2022-11-01T12:16:35","date_gmt":"2022-11-01T11:16:35","guid":{"rendered":"https:\/\/stalko.com\/?page_id=260870"},"modified":"2023-03-29T21:39:41","modified_gmt":"2023-03-29T19:39:41","slug":"produkcja-specjalna","status":"publish","type":"page","link":"https:\/\/stalko.com\/de\/branze\/produkcja-specjalna\/","title":{"rendered":"Sonderfertigung"},"content":{"rendered":"<p>[et_pb_section fb_built=&#8221;1&#8243; disabled_on=&#8221;off|off|off&#8221; admin_label=&#8221;Header Section&#8221; _builder_version=&#8221;4.9.9&#8243; use_background_color_gradient=&#8221;on&#8221; background_color_gradient_start=&#8221;rgba(216,78,89,0.37)&#8221; background_color_gradient_end=&#8221;#d9000d&#8221; background_color_gradient_overlays_image=&#8221;on&#8221; background_image=&#8221;https:\/\/stalko.com\/wp-content\/uploads\/2022\/09\/CNC-Stalko-1.jpg&#8221; custom_margin=&#8221;|||&#8221; custom_padding=&#8221;6vw|0px|6vw|0px&#8221; bottom_divider_style=&#8221;mountains2&#8243; bottom_divider_color=&#8221;rgba(5,41,66,0.3)&#8221; bottom_divider_height=&#8221;20vw&#8221; animation_style=&#8221;slide&#8221; animation_direction=&#8221;top&#8221; animation_intensity_slide=&#8221;3%&#8221; animation_starting_opacity=&#8221;100%&#8221;][et_pb_row disabled_on=&#8221;off|off|off&#8221; module_class=&#8221; et_pb_row_fullwidth&#8221; _builder_version=&#8221;4.9.9&#8243; width=&#8221;89%&#8221; width_tablet=&#8221;80%&#8221; width_phone=&#8221;&#8221; width_last_edited=&#8221;on|desktop&#8221; max_width=&#8221;89%&#8221; max_width_tablet=&#8221;80%&#8221; max_width_phone=&#8221;&#8221; max_width_last_edited=&#8221;on|desktop&#8221; custom_padding=&#8221;|||&#8221; make_fullwidth=&#8221;on&#8221;][et_pb_column type=&#8221;4_4&#8243; _builder_version=&#8221;3.25&#8243; custom_padding=&#8221;|||&#8221; custom_padding__hover=&#8221;|||&#8221;][et_pb_text disabled_on=&#8221;off|off|off&#8221; _builder_version=&#8221;4.9.9&#8243; text_font=&#8221;Montserrat||||||||&#8221; text_font_size=&#8221;22px&#8221; text_line_height=&#8221;1.8em&#8221; header_font=&#8221;Montserrat|600||on|||||&#8221; header_text_align=&#8221;center&#8221; header_font_size=&#8221;6vw&#8221; header_line_height=&#8221;1.5em&#8221; text_orientation=&#8221;center&#8221; background_layout=&#8221;dark&#8221; custom_margin=&#8221;|||&#8221; hover_enabled=&#8221;0&#8243; header_font_size_tablet=&#8221;50px&#8221; header_font_size_phone=&#8221;36px&#8221; header_font_size_last_edited=&#8221;on|desktop&#8221; header_line_height_tablet=&#8221;1.1em&#8221; header_line_height_phone=&#8221;1.2em&#8221; header_line_height_last_edited=&#8221;off|desktop&#8221; sticky_enabled=&#8221;0&#8243;]<\/p>\n<h1>PRODUKCJA SPECJALNA<\/h1>\n<p>[\/et_pb_text][\/et_pb_column][\/et_pb_row][\/et_pb_section][et_pb_section fb_built=&#8221;1&#8243; admin_label=&#8221;About&#8221; _builder_version=&#8221;4.18.0&#8243; _module_preset=&#8221;default&#8221; custom_padding=&#8221;0px||0px||true|false&#8221; locked=&#8221;off&#8221; collapsed=&#8221;on&#8221; global_colors_info=&#8221;{}&#8221;][et_pb_row column_structure=&#8221;1_2,1_2&#8243; use_custom_gutter=&#8221;on&#8221; gutter_width=&#8221;1&#8243; make_equal=&#8221;on&#8221; _builder_version=&#8221;4.9.9&#8243; _module_preset=&#8221;default&#8221; width=&#8221;100%&#8221; max_width=&#8221;100%&#8221; custom_padding=&#8221;0px||0px||true|false&#8221; global_colors_info=&#8221;{}&#8221;][et_pb_column type=&#8221;1_2&#8243; _builder_version=&#8221;4.9.9&#8243; _module_preset=&#8221;default&#8221; background_image=&#8221;https:\/\/stalko.com\/wp-content\/uploads\/2022\/09\/O-nas-4.jpg&#8221; background_position=&#8221;top_center&#8221; global_colors_info=&#8221;{}&#8221;][et_pb_divider show_divider=&#8221;off&#8221; _builder_version=&#8221;4.9.9&#8243; _module_preset=&#8221;default&#8221; height_tablet=&#8221;60vw&#8221; height_phone=&#8221;60vw&#8221; height_last_edited=&#8221;on|desktop&#8221; global_colors_info=&#8221;{}&#8221;][\/et_pb_divider][\/et_pb_column][et_pb_column type=&#8221;1_2&#8243; _builder_version=&#8221;4.18.0&#8243; _module_preset=&#8221;default&#8221; custom_padding=&#8221;8%|10%|8%|10%|true|true&#8221; global_colors_info=&#8221;{}&#8221;][dsm_perspective_image src=&#8221;https:\/\/stalko.com\/wp-content\/uploads\/2022\/09\/stalko_logo_b.png&#8221; title_text=&#8221;stalko_logo_b&#8221; url=&#8221;https:\/\/hitze.pl&#8221; url_new_window=&#8221;on&#8221; dsm_rotate_x=&#8221;10deg&#8221; _builder_version=&#8221;4.9.9&#8243; _module_preset=&#8221;default&#8221; dsm_rotate_y__hover_enabled=&#8221;on|hover&#8221; dsm_rotate_y__hover=&#8221;16deg&#8221;][\/dsm_perspective_image][et_pb_text _builder_version=&#8221;4.9.9&#8243; _module_preset=&#8221;default&#8221; text_font=&#8221;Montserrat||||||||&#8221; text_text_color=&#8221;#747d88&#8243; text_font_size=&#8221;16px&#8221; text_line_height=&#8221;1.8em&#8221; text_orientation=&#8221;center&#8221; custom_margin=&#8221;29px||||false|false&#8221; locked=&#8221;off&#8221;]<\/p>\n<p style=\"text-align: left;\"><b>Posiadana koncesja <\/b><span style=\"font-weight: 400;\">nr: <\/span><b>B-041\/2021 <\/b><span style=\"font-weight: 400;\">wydana przez <\/span><b>Ministra Spraw Wewn\u0119trznych i Administracji<\/b><span style=\"font-weight: 400;\"> na wykonywanie dzia\u0142alno\u015bci gospodarczej w zakresie wytwarzania i obrotu broni i amunicji, pozwala sp\u00f3\u0142ce <\/span><b>STALKO<\/b><span style=\"font-weight: 400;\"> na opracowywanie konstrukcji i wykonywanie us\u0142ug na zasadzie podwykonawstwa dla <\/span><b>wyrob\u00f3w o przeznaczeniu wojskowym lub policyjnym<\/b><span style=\"font-weight: 400;\">. Posiadana wiedza i do\u015bwiadczenie zdobyte na wielu europejskich rynkach, przyczyni\u0142o si\u0119 do opinii, \u017ce <\/span><b>STALKO<\/b><span style=\"font-weight: 400;\"> to <\/span><b>wiarygodny, solidny i terminowy <\/b><span style=\"font-weight: 400;\">kontrahent. Rozbudowany park technologiczny, wyposa\u017cony w nowoczesne maszyny sterowane numerycznie, pozwala na kompleksowe wykonywanie zar\u00f3wno prostych jak i skomplikowanych zlece\u0144. Jeste\u015bmy w stanie wykonywa\u0107 lub obrabia\u0107 elementy w szerokim zakresie wymiar\u00f3w, pocz\u0105wszy od kilku milimetrowych element\u00f3w, ko\u0144cz\u0105c na kilkumetrowych zaawansowanych konstrukcjach.<\/span><\/p>\n<p>[\/et_pb_text][\/et_pb_column][\/et_pb_row][\/et_pb_section][et_pb_section fb_built=&#8221;1&#8243; admin_label=&#8221;Blog&#8221; _builder_version=&#8221;4.9.9&#8243; _module_preset=&#8221;default&#8221; background_color=&#8221;#f9f9f9&#8243; locked=&#8221;off&#8221; collapsed=&#8221;on&#8221; global_colors_info=&#8221;{}&#8221;][et_pb_row _builder_version=&#8221;4.9.9&#8243; _module_preset=&#8221;default&#8221;][et_pb_column type=&#8221;4_4&#8243; admin_label=&#8221;Kolumna&#8221; _builder_version=&#8221;4.9.9&#8243; _module_preset=&#8221;default&#8221;][et_pb_text _builder_version=&#8221;4.9.9&#8243; _module_preset=&#8221;534cc526-6274-4e31-9e1a-7f18a5947bf1&#8243; header_4_font=&#8221;Oswald|500||on|||||&#8221; header_4_text_color=&#8221;#d9000d&#8221; header_4_font_size=&#8221;14px&#8221; header_4_letter_spacing=&#8221;1px&#8221; header_4_line_height=&#8221;1.3em&#8221; custom_margin=&#8221;||0px||false|false&#8221; header_4_font_size_tablet=&#8221;13px&#8221; header_4_font_size_phone=&#8221;11px&#8221; header_4_font_size_last_edited=&#8221;on|tablet&#8221; locked=&#8221;off&#8221;]<\/p>\n<h4 style=\"text-align: center;\">produkcja specjalna<\/h4>\n<p>[\/et_pb_text][et_pb_text admin_label=&#8221;Tekst&#8221; _builder_version=&#8221;4.9.9&#8243; _module_preset=&#8221;df96b77a-cd4f-44a8-a771-2d6347592b53&#8243; header_2_font=&#8221;Oswald|500||on|||||&#8221; header_2_text_color=&#8221;#1a202c&#8221; header_2_font_size=&#8221;40px&#8221; header_2_letter_spacing=&#8221;1px&#8221; header_2_line_height=&#8221;1.35em&#8221; custom_margin=&#8221;||||false|false&#8221; custom_padding=&#8221;||||false|false&#8221; header_2_font_size_tablet=&#8221;32px&#8221; header_2_font_size_phone=&#8221;17px&#8221; header_2_font_size_last_edited=&#8221;on|phone&#8221; locked=&#8221;off&#8221; header_2_letter_spacing__hover_enabled=&#8221;off|hover&#8221;]<\/p>\n<h2 style=\"text-align: center;\">Indywidualne zam\u00f3wienia<\/h2>\n<p>[\/et_pb_text][et_pb_text admin_label=&#8221;Tekst&#8221; _builder_version=&#8221;4.9.9&#8243; _module_preset=&#8221;default&#8221; text_font=&#8221;Montserrat||||||||&#8221; text_text_color=&#8221;#747d88&#8243; text_font_size=&#8221;16px&#8221; text_line_height=&#8221;1.8em&#8221; text_orientation=&#8221;center&#8221; custom_margin=&#8221;29px||||false|false&#8221; locked=&#8221;off&#8221;]<\/p>\n<p style=\"text-align: left;\"><span style=\"font-weight: 400;\">Produkcja specjalna jest dla nas wa\u017cnym obszarem do kt\u00f3rego podchodzimy z du\u017cym zaanga\u017cowaniem, a ka\u017cde nowe zlecenie traktujemy jako wyzwanie. Wydana przez MSWiA koncesja powtierdza, \u017ce <\/span><b>STALKO<\/b><span style=\"font-weight: 400;\"> posiada wykwalifikowan\u0105 i do\u015bwiadczon\u0105 kadr\u0119 pracownicz\u0105, oraz spe\u0142nia wszystkie warunki techniczne i organizacyjne dla tego typu dzia\u0142alno\u015bci.<\/span><\/p>\n<p>[\/et_pb_text][dsm_masonry_gallery gallery_ids=&#8221;261274,261275,261276,261277,261278,261279,261280,261281,261282&#8243; gutter=&#8221;5&#8243; use_overlay=&#8221;on&#8221; overlay_title=&#8221;off&#8221; overlay_color=&#8221;rgba(217,0,13,0.66)&#8221; overlay_padding=&#8221;||||false|false&#8221; columns_tablet=&#8221;2&#8243; columns_phone=&#8221;1&#8243; columns_last_edited=&#8221;on|phone&#8221; disabled_on=&#8221;on|on|off&#8221; admin_label=&#8221;Supreme Masonry Gallery&#8221; _builder_version=&#8221;4.9.9&#8243; _module_preset=&#8221;default&#8221; link_option_url_new_window=&#8221;on&#8221;][\/dsm_masonry_gallery][dsm_masonry_gallery gallery_ids=&#8221;261284,261285,261286,261287,261288,261289&#8243; gutter=&#8221;5&#8243; use_overlay=&#8221;on&#8221; overlay_title=&#8221;off&#8221; overlay_color=&#8221;rgba(217,0,13,0.66)&#8221; overlay_padding=&#8221;||||false|false&#8221; columns_tablet=&#8221;2&#8243; columns_phone=&#8221;1&#8243; columns_last_edited=&#8221;on|phone&#8221; disabled_on=&#8221;on|off|on&#8221; admin_label=&#8221;Supreme Masonry Gallery&#8221; _builder_version=&#8221;4.9.9&#8243; _module_preset=&#8221;default&#8221; link_option_url_new_window=&#8221;on&#8221;][\/dsm_masonry_gallery][dsm_masonry_gallery gallery_ids=&#8221;261292,261293,261294&#8243; gutter=&#8221;5&#8243; use_overlay=&#8221;on&#8221; overlay_title=&#8221;off&#8221; overlay_color=&#8221;rgba(217,0,13,0.66)&#8221; overlay_padding=&#8221;||||false|false&#8221; columns_tablet=&#8221;2&#8243; columns_phone=&#8221;1&#8243; columns_last_edited=&#8221;on|phone&#8221; disabled_on=&#8221;off|on|on&#8221; admin_label=&#8221;Supreme Masonry Gallery&#8221; _builder_version=&#8221;4.9.9&#8243; _module_preset=&#8221;default&#8221; link_option_url_new_window=&#8221;on&#8221;][\/dsm_masonry_gallery][\/et_pb_column][\/et_pb_row][\/et_pb_section][et_pb_section fb_built=&#8221;1&#8243; disabled_on=&#8221;off|off|off&#8221; admin_label=&#8221;Stats&#8221; _builder_version=&#8221;4.9.9&#8243; use_background_color_gradient=&#8221;on&#8221; background_color_gradient_start=&#8221;rgba(216,84,91,0.3)&#8221; background_color_gradient_end=&#8221;#d9000d&#8221; background_color_gradient_overlays_image=&#8221;on&#8221; background_image=&#8221;https:\/\/stalko.com\/wp-content\/uploads\/2022\/09\/CNC-Stalko-4.png&#8221; max_width=&#8221;1920px&#8221; min_height=&#8221;438px&#8221; custom_margin=&#8221;||0px||false|false&#8221; custom_padding=&#8221;||0px||false|false&#8221; bottom_divider_style=&#8221;mountains2&#8243; bottom_divider_color=&#8221;rgba(5,41,66,0.3)&#8221; bottom_divider_height=&#8221;12vw&#8221; locked=&#8221;off&#8221;][et_pb_row admin_label=&#8221;Wiersz&#8221; _builder_version=&#8221;4.9.9&#8243; _module_preset=&#8221;default&#8221; custom_margin=&#8221;||||false|false&#8221; custom_padding=&#8221;||||false|false&#8221;][et_pb_column type=&#8221;4_4&#8243; _builder_version=&#8221;4.9.9&#8243; _module_preset=&#8221;default&#8221;][et_pb_text admin_label=&#8221;Title&#8221; _builder_version=&#8221;4.9.9&#8243; text_font=&#8221;Montserrat||||||||&#8221; text_text_color=&#8221;#FFFFFF&#8221; text_font_size=&#8221;16px&#8221; text_line_height=&#8221;1.9em&#8221; header_font=&#8221;||||||||&#8221; header_text_align=&#8221;left&#8221; header_text_color=&#8221;#FFFFFF&#8221; header_2_font=&#8221;Montserrat|700||on|||||&#8221; header_2_text_color=&#8221;#FFFFFF&#8221; header_2_font_size=&#8221;42px&#8221; header_2_line_height=&#8221;1.3em&#8221; width=&#8221;100%&#8221; max_width=&#8221;1200px&#8221; module_alignment=&#8221;center&#8221; animation_style=&#8221;slide&#8221; animation_direction=&#8221;bottom&#8221; animation_intensity_slide=&#8221;4%&#8221; hover_enabled=&#8221;0&#8243; header_2_font_size_tablet=&#8221;&#8221; header_2_font_size_phone=&#8221;27px&#8221; header_2_font_size_last_edited=&#8221;on|phone&#8221; locked=&#8221;off&#8221; sticky_enabled=&#8221;0&#8243;]<\/p>\n<h2 style=\"text-align: center;\">Zainteresowany wsp\u00f3\u0142prac\u0105?<\/h2>\n<p>[\/et_pb_text][et_pb_text _builder_version=&#8221;4.9.9&#8243; _module_preset=&#8221;default&#8221; text_text_color=&#8221;#FFFFFF&#8221; text_font_size=&#8221;19px&#8221; text_letter_spacing=&#8221;4px&#8221;]<\/p>\n<p style=\"text-align: center;\">Skontaktuj si\u0119 z nami, udzielimy szczeg\u00f3\u0142owych informacji na ka\u017cdy produkt z naszej oferty. Oferujemy konkurencyjne ceny oraz mo\u017cliwo\u015bc d\u0142u\u017cszej wsp\u00f3\u0142pracy.<\/p>\n<p>[\/et_pb_text][et_pb_button button_url=&#8221;https:\/\/stalko.com\/kontakt\/&#8221; button_text=&#8221;WY\u015aLIJ ZAPYTANIE&#8221; button_alignment=&#8221;center&#8221; admin_label=&#8221;Przycisk&#8221; _builder_version=&#8221;4.9.9&#8243; _module_preset=&#8221;default&#8221; custom_button=&#8221;on&#8221; button_text_size=&#8221;20px&#8221; button_text_color=&#8221;#d9000d&#8221; button_bg_color=&#8221;#FFFFFF&#8221; button_border_width=&#8221;0px&#8221; button_border_color=&#8221;#d9000d&#8221; button_border_radius=&#8221;7px&#8221; locked=&#8221;off&#8221;][\/et_pb_button][\/et_pb_column][\/et_pb_row][\/et_pb_section]<\/p>\n","protected":false},"excerpt":{"rendered":"<p>[et_pb_section fb_built=&#8221;1&#8243; disabled_on=&#8221;off|off|off&#8221; admin_label=&#8221;Header Section&#8221; _builder_version=&#8221;4.9.9&#8243; use_background_color_gradient=&#8221;on&#8221; background_color_gradient_start=&#8221;rgba(216,78,89,0.37)&#8221; background_color_gradient_end=&#8221;#d9000d&#8221; background_color_gradient_overlays_image=&#8221;on&#8221; background_image=&#8221;https:\/\/stalko.com\/wp-content\/uploads\/2022\/09\/CNC-Stalko-1.jpg&#8221; custom_margin=&#8221;|||&#8221; custom_padding=&#8221;6vw|0px|6vw|0px&#8221; bottom_divider_style=&#8221;mountains2&#8243; bottom_divider_color=&#8221;rgba(5,41,66,0.3)&#8221; bottom_divider_height=&#8221;20vw&#8221; animation_style=&#8221;slide&#8221; animation_direction=&#8221;top&#8221; animation_intensity_slide=&#8221;3%&#8221; animation_starting_opacity=&#8221;100%&#8221;][et_pb_row disabled_on=&#8221;off|off|off&#8221; module_class=&#8221; et_pb_row_fullwidth&#8221; _builder_version=&#8221;4.9.9&#8243; width=&#8221;89%&#8221; width_tablet=&#8221;80%&#8221; width_phone=&#8221;&#8221; width_last_edited=&#8221;on|desktop&#8221; max_width=&#8221;89%&#8221; max_width_tablet=&#8221;80%&#8221; max_width_phone=&#8221;&#8221; max_width_last_edited=&#8221;on|desktop&#8221; custom_padding=&#8221;|||&#8221; make_fullwidth=&#8221;on&#8221;][et_pb_column type=&#8221;4_4&#8243; _builder_version=&#8221;3.25&#8243; custom_padding=&#8221;|||&#8221; custom_padding__hover=&#8221;|||&#8221;][et_pb_text disabled_on=&#8221;off|off|off&#8221; _builder_version=&#8221;4.9.9&#8243; text_font=&#8221;Montserrat||||||||&#8221; text_font_size=&#8221;22px&#8221; text_line_height=&#8221;1.8em&#8221; header_font=&#8221;Montserrat|600||on|||||&#8221; header_text_align=&#8221;center&#8221; header_font_size=&#8221;6vw&#8221; header_line_height=&#8221;1.5em&#8221; text_orientation=&#8221;center&#8221; background_layout=&#8221;dark&#8221; custom_margin=&#8221;|||&#8221; hover_enabled=&#8221;0&#8243; header_font_size_tablet=&#8221;50px&#8221; header_font_size_phone=&#8221;36px&#8221; header_font_size_last_edited=&#8221;on|desktop&#8221; header_line_height_tablet=&#8221;1.1em&#8221; [&hellip;]<\/p>\n","protected":false},"author":1,"featured_media":0,"parent":260751,"menu_order":0,"comment_status":"closed","ping_status":"closed","template":"","meta":{"_et_pb_use_builder":"on","_et_pb_old_content":"","_et_gb_content_width":"","_monsterinsights_skip_tracking":false,"_monsterinsights_sitenote_active":false,"_monsterinsights_sitenote_note":"","_monsterinsights_sitenote_category":0,"footnotes":""},"class_list":["post-260870","page","type-page","status-publish","hentry"],"_links":{"self":[{"href":"https:\/\/stalko.com\/de\/wp-json\/wp\/v2\/pages\/260870","targetHints":{"allow":["GET"]}}],"collection":[{"href":"https:\/\/stalko.com\/de\/wp-json\/wp\/v2\/pages"}],"about":[{"href":"https:\/\/stalko.com\/de\/wp-json\/wp\/v2\/types\/page"}],"author":[{"embeddable":true,"href":"https:\/\/stalko.com\/de\/wp-json\/wp\/v2\/users\/1"}],"replies":[{"embeddable":true,"href":"https:\/\/stalko.com\/de\/wp-json\/wp\/v2\/comments?post=260870"}],"version-history":[{"count":0,"href":"https:\/\/stalko.com\/de\/wp-json\/wp\/v2\/pages\/260870\/revisions"}],"up":[{"embeddable":true,"href":"https:\/\/stalko.com\/de\/wp-json\/wp\/v2\/pages\/260751"}],"wp:attachment":[{"href":"https:\/\/stalko.com\/de\/wp-json\/wp\/v2\/media?parent=260870"}],"curies":[{"name":"wp","href":"https:\/\/api.w.org\/{rel}","templated":true}]}}