{"id":262652,"date":"2022-11-01T13:34:52","date_gmt":"2022-11-01T12:34:52","guid":{"rendered":"https:\/\/stalko.com\/karriere\/"},"modified":"2025-04-03T17:33:57","modified_gmt":"2025-04-03T15:33:57","slug":"karriere","status":"publish","type":"page","link":"https:\/\/stalko.com\/de\/karriere\/","title":{"rendered":"Karriere"},"content":{"rendered":"<p>[et_pb_section fb_built=&#8220;1&#8243; disabled_on=&#8220;off|off|off&#8220; admin_label=&#8220;Header Section&#8220; _builder_version=&#8220;4.9.9&#8243; use_background_color_gradient=&#8220;on&#8220; background_color_gradient_start=&#8220;rgba(216,78,89,0.37)&#8220; background_color_gradient_end=&#8220;#d9000d&#8220; background_color_gradient_overlays_image=&#8220;on&#8220; background_image=&#8220;https:\/\/stalko.com\/wp-content\/uploads\/2022\/09\/CNC-Stalko-1.jpg&#8220; custom_margin=&#8220;|||&#8220; custom_padding=&#8220;6vw|0px|6vw|0px&#8220; bottom_divider_style=&#8220;mountains2&#8243; bottom_divider_color=&#8220;rgba(5,41,66,0.3)&#8220; bottom_divider_height=&#8220;20vw&#8220; animation_style=&#8220;slide&#8220; animation_direction=&#8220;top&#8220; animation_intensity_slide=&#8220;3%&#8220; animation_starting_opacity=&#8220;100%&#8220; locked=&#8220;off&#8220;][et_pb_row disabled_on=&#8220;off|off|off&#8220; module_class=&#8220; et_pb_row_fullwidth&#8220; _builder_version=&#8220;3.25&#8243; width=&#8220;89%&#8220; width_tablet=&#8220;80%&#8220; width_phone=&#8220;&#8220; width_last_edited=&#8220;on|desktop&#8220; max_width=&#8220;89%&#8220; max_width_tablet=&#8220;80%&#8220; max_width_phone=&#8220;&#8220; max_width_last_edited=&#8220;on|desktop&#8220; custom_padding=&#8220;|||&#8220; make_fullwidth=&#8220;on&#8220;][et_pb_column type=&#8220;4_4&#8243; _builder_version=&#8220;3.25&#8243; custom_padding=&#8220;|||&#8220; custom_padding__hover=&#8220;|||&#8220;][et_pb_text disabled_on=&#8220;off|off|off&#8220; _builder_version=&#8220;4.9.9&#8243; text_font=&#8220;Montserrat||||||||&#8220; text_font_size=&#8220;22px&#8220; text_line_height=&#8220;1.8em&#8220; header_font=&#8220;Montserrat|600||on|||||&#8220; header_text_align=&#8220;center&#8220; header_font_size=&#8220;8vw&#8220; header_line_height=&#8220;1.5em&#8220; text_orientation=&#8220;center&#8220; background_layout=&#8220;dark&#8220; custom_margin=&#8220;|||&#8220; header_font_size_tablet=&#8220;50px&#8220; header_font_size_phone=&#8220;&#8220; header_font_size_last_edited=&#8220;on|desktop&#8220; header_line_height_tablet=&#8220;1.1em&#8220; header_line_height_phone=&#8220;1.2em&#8220; header_line_height_last_edited=&#8220;off|desktop&#8220;]<\/p>\n<h1>KARRIERE<\/h1>\n<p>[\/et_pb_text][\/et_pb_column][\/et_pb_row][\/et_pb_section][et_pb_section fb_built=&#8220;1&#8243; admin_label=&#8220;About&#8220; _builder_version=&#8220;4.18.0&#8243; _module_preset=&#8220;default&#8220; custom_padding=&#8220;0px||0px||true|false&#8220; locked=&#8220;off&#8220; collapsed=&#8220;on&#8220; global_colors_info=&#8220;{}&#8220;][et_pb_row column_structure=&#8220;1_2,1_2&#8243; use_custom_gutter=&#8220;on&#8220; gutter_width=&#8220;1&#8243; make_equal=&#8220;on&#8220; _builder_version=&#8220;4.9.9&#8243; _module_preset=&#8220;default&#8220; width=&#8220;100%&#8220; max_width=&#8220;100%&#8220; custom_padding=&#8220;0px||0px||true|false&#8220; global_colors_info=&#8220;{}&#8220;][et_pb_column type=&#8220;1_2&#8243; _builder_version=&#8220;4.9.9&#8243; _module_preset=&#8220;default&#8220; background_image=&#8220;https:\/\/stalko.com\/wp-content\/uploads\/2022\/11\/job-g23d8aa97a_1280.jpg&#8220; background_position=&#8220;top_center&#8220; global_colors_info=&#8220;{}&#8220;][et_pb_divider show_divider=&#8220;off&#8220; _builder_version=&#8220;4.18.0&#8243; _module_preset=&#8220;default&#8220; height_tablet=&#8220;60vw&#8220; height_phone=&#8220;60vw&#8220; height_last_edited=&#8220;on|desktop&#8220; global_colors_info=&#8220;{}&#8220;][\/et_pb_divider][\/et_pb_column][et_pb_column type=&#8220;1_2&#8243; _builder_version=&#8220;4.18.0&#8243; _module_preset=&#8220;default&#8220; custom_padding=&#8220;8%|10%|8%|10%|true|true&#8220; global_colors_info=&#8220;{}&#8220;][dsm_perspective_image src=&#8220;https:\/\/stalko.com\/wp-content\/uploads\/2022\/09\/stalko_logo_b.png&#8220; title_text=&#8220;stalko_logo_b&#8220; url=&#8220;https:\/\/hitze.pl&#8220; url_new_window=&#8220;on&#8220; dsm_rotate_x=&#8220;10deg&#8220; _builder_version=&#8220;4.9.9&#8243; _module_preset=&#8220;default&#8220; dsm_rotate_y__hover_enabled=&#8220;on|hover&#8220; dsm_rotate_y__hover=&#8220;16deg&#8220;][\/dsm_perspective_image][et_pb_text _builder_version=&#8220;4.9.9&#8243; _module_preset=&#8220;default&#8220; text_font=&#8220;Montserrat||||||||&#8220; text_text_color=&#8220;#747d88&#8243; text_font_size=&#8220;16px&#8220; text_line_height=&#8220;1.8em&#8220; text_orientation=&#8220;center&#8220; custom_margin=&#8220;29px||||false|false&#8220; locked=&#8220;off&#8220;]<\/p>\n<p style=\"text-align: left;\"><b>STALKO GRUPPE  <\/b><span style=\"font-weight: 400;\">in dem die Marken HITZE, LORRIES, EASY ROBOTS STALKO, SORTER t\u00e4tig sind, rekrutiert Mitarbeiter durch interne und externe Rekrutierung unter Einhaltung aller Prinzipien der Nachhaltigkeit. Bei der Auswahl unserer zuk\u00fcnftigen Mitarbeiter achten wir auf ihr Kompetenzniveau, unabh\u00e4ngig von Aussehen, Geschlecht, Orientierung oder Religion.<\/span><\/p>\n<p>[\/et_pb_text][\/et_pb_column][\/et_pb_row][\/et_pb_section][et_pb_section fb_built=&#8220;1&#8243; admin_label=&#8220;Blog&#8220; _builder_version=&#8220;4.9.9&#8243; _module_preset=&#8220;default&#8220; background_color=&#8220;#f9f9f9&#8243; locked=&#8220;off&#8220; collapsed=&#8220;on&#8220; global_colors_info=&#8220;{}&#8220;][et_pb_row column_structure=&#8220;1_2,1_2&#8243; _builder_version=&#8220;4.9.9&#8243; _module_preset=&#8220;default&#8220;][et_pb_column type=&#8220;1_2&#8243; _builder_version=&#8220;4.9.9&#8243; _module_preset=&#8220;default&#8220; custom_padding=&#8220;50px||||false|false&#8220;][et_pb_text _builder_version=&#8220;4.9.9&#8243; _module_preset=&#8220;534cc526-6274-4e31-9e1a-7f18a5947bf1&#8243; header_4_font=&#8220;Oswald|500||on|||||&#8220; header_4_text_color=&#8220;#d9000d&#8220; header_4_font_size=&#8220;14px&#8220; header_4_letter_spacing=&#8220;1px&#8220; header_4_line_height=&#8220;1.3em&#8220; custom_margin=&#8220;||0px||false|false&#8220; header_4_font_size_tablet=&#8220;13px&#8220; header_4_font_size_phone=&#8220;11px&#8220; header_4_font_size_last_edited=&#8220;on|tablet&#8220; locked=&#8220;off&#8220;]<\/p>\n<h4 style=\"text-align: center;\">Nach wem suchen wir?<\/h4>\n<p>[\/et_pb_text][et_pb_text _builder_version=&#8220;4.9.9&#8243; _module_preset=&#8220;df96b77a-cd4f-44a8-a771-2d6347592b53&#8243; header_2_font=&#8220;Oswald|500||on|||||&#8220; header_2_text_color=&#8220;#1a202c&#8220; header_2_font_size=&#8220;40px&#8220; header_2_letter_spacing=&#8220;1px&#8220; header_2_line_height=&#8220;1.35em&#8220; custom_margin=&#8220;||||false|false&#8220; custom_padding=&#8220;||||false|false&#8220; header_2_font_size_tablet=&#8220;32px&#8220; header_2_font_size_phone=&#8220;17px&#8220; header_2_font_size_last_edited=&#8220;on|phone&#8220; locked=&#8220;off&#8220; header_2_letter_spacing__hover_enabled=&#8220;off|hover&#8220;]<\/p>\n<h2 style=\"text-align: center;\">Wie l\u00e4uft der Einstellungsprozess ab?<\/h2>\n<p>[\/et_pb_text][et_pb_text _builder_version=&#8220;4.9.9&#8243; _module_preset=&#8220;default&#8220; text_font=&#8220;Montserrat||||||||&#8220; text_text_color=&#8220;#747d88&#8243; text_font_size=&#8220;16px&#8220; text_line_height=&#8220;1.8em&#8220; text_orientation=&#8220;center&#8220; custom_margin=&#8220;29px||||false|false&#8220; locked=&#8220;off&#8220;]<\/p>\n<p style=\"text-align: left;\"><span style=\"font-weight: 400;\">Wir ver\u00f6ffentlichen die Stellenanzeige auf unseren Websites, in der Presse und in Fachportalen, um allen potenziellen Kandidaten den gleichen Zugang zum Angebot zu erm\u00f6glichen. In diesem Stadium bevorzugen wir den Kontakt per E-Mail. Der Rekrutierungsprozess folgt dem unten stehenden Schema.<\/span><\/p>\n<p>[\/et_pb_text][dnxte_feature_list_parent _builder_version=&#8220;4.9.9&#8243; _module_preset=&#8220;default&#8220; custom_padding=&#8220;16px||0px|15px|false|false&#8220;][dnxte_feature_list_child dnxte_feature_list_title=&#8220;Og\u0142oszenie&#8220; dnxte_feature_list_icon_color=&#8220;#d9000d&#8220; _builder_version=&#8220;4.9.9&#8243; _module_preset=&#8220;default&#8220; module_font=&#8220;Montserrat||||||||&#8220; module_text_color=&#8220;#747d88&#8243; module_font_size=&#8220;16px&#8220;][\/dnxte_feature_list_child][dnxte_feature_list_child dnxte_feature_list_title=&#8220;Analiza otrzymanych aplikacji&#8220; dnxte_feature_list_icon_color=&#8220;#d9000d&#8220; _builder_version=&#8220;4.9.9&#8243; _module_preset=&#8220;default&#8220; module_font=&#8220;Montserrat||||||||&#8220; module_text_color=&#8220;#747d88&#8243; module_font_size=&#8220;16px&#8220;][\/dnxte_feature_list_child][dnxte_feature_list_child dnxte_feature_list_title=&#8220;Rozmowa kwalifikacyjna po\u0142\u0105czona z cz\u0119\u015bci\u0105 techniczn\u0105&#8220; dnxte_feature_list_icon_color=&#8220;#d9000d&#8220; _builder_version=&#8220;4.9.9&#8243; _module_preset=&#8220;default&#8220; module_font=&#8220;Montserrat||||||||&#8220; module_text_color=&#8220;#747d88&#8243; module_font_size=&#8220;16px&#8220;][\/dnxte_feature_list_child][dnxte_feature_list_child dnxte_feature_list_title=&#8220;Wyniki procesu rekrutacyjnego&#8220; dnxte_feature_list_icon_color=&#8220;#d9000d&#8220; _builder_version=&#8220;4.9.9&#8243; _module_preset=&#8220;default&#8220; module_font=&#8220;Montserrat||||||||&#8220; module_text_color=&#8220;#747d88&#8243; module_font_size=&#8220;16px&#8220;][\/dnxte_feature_list_child][\/dnxte_feature_list_parent][et_pb_text _builder_version=&#8220;4.9.9&#8243; _module_preset=&#8220;default&#8220; text_font=&#8220;Montserrat||||||||&#8220; text_text_color=&#8220;#747d88&#8243; text_font_size=&#8220;16px&#8220; text_line_height=&#8220;1.8em&#8220; text_orientation=&#8220;center&#8220; custom_margin=&#8220;29px||||false|false&#8220; locked=&#8220;off&#8220;]<\/p>\n<p style=\"text-align: left;\"><span style=\"font-weight: 400;\">Wenn wir derzeit keine Stelle f\u00fcr die von Ihnen gew\u00fcnschte Position suchen, bedeutet dies nicht, dass Sie uns Ihre Bewerbung nicht schicken k\u00f6nnen. Wir bauen kontinuierlich eine Basis von Fachleuten auf, mit denen wir in Zukunft zusammenarbeiten k\u00f6nnen. Schicken Sie Ihren Lebenslauf bitte an  <\/span><a href=\"mailto:rekrutacja@stalko.com\"><span style=\"font-weight: 400;\">rekrutacja@stalko.com<\/span><\/a><\/p>\n<p>[\/et_pb_text][\/et_pb_column][et_pb_column type=&#8220;1_2&#8243; _builder_version=&#8220;4.9.9&#8243; _module_preset=&#8220;default&#8220;][dsm_masonry_gallery gallery_ids=&#8220;260905&#8243; columns=&#8220;1&#8243; use_overlay=&#8220;on&#8220; use_lightbox=&#8220;on&#8220; overlay_color=&#8220;rgba(217,0,13,0.66)&#8220; columns_tablet=&#8220;1&#8243; columns_phone=&#8220;1&#8243; columns_last_edited=&#8220;on|tablet&#8220; _builder_version=&#8220;4.9.9&#8243; _module_preset=&#8220;default&#8220; custom_padding=&#8220;57px||||false|false&#8220; link_option_url_new_window=&#8220;on&#8220;][\/dsm_masonry_gallery][\/et_pb_column][\/et_pb_row][\/et_pb_section][et_pb_section fb_built=&#8220;1&#8243; disabled_on=&#8220;off|off|off&#8220; admin_label=&#8220;Stats&#8220; _builder_version=&#8220;4.9.9&#8243; use_background_color_gradient=&#8220;on&#8220; background_color_gradient_start=&#8220;rgba(216,84,91,0.3)&#8220; background_color_gradient_end=&#8220;#d9000d&#8220; background_color_gradient_overlays_image=&#8220;on&#8220; background_image=&#8220;https:\/\/stalko.com\/wp-content\/uploads\/2022\/09\/CNC-Stalko-4.png&#8220; max_width=&#8220;1920px&#8220; min_height=&#8220;438px&#8220; custom_margin=&#8220;||0px||false|false&#8220; custom_padding=&#8220;||0px||false|false&#8220; bottom_divider_style=&#8220;mountains2&#8243; bottom_divider_color=&#8220;rgba(5,41,66,0.3)&#8220; bottom_divider_height=&#8220;12vw&#8220; locked=&#8220;off&#8220;][et_pb_row admin_label=&#8220;Gedicht&#8220; _builder_version=&#8220;4.9.9&#8243; _module_preset=&#8220;default&#8220; custom_margin=&#8220;||||false|false&#8220; custom_padding=&#8220;||||false|false&#8220;][et_pb_column type=&#8220;4_4&#8243; _builder_version=&#8220;4.9.9&#8243; _module_preset=&#8220;default&#8220;][et_pb_text admin_label=&#8220;Title&#8220; _builder_version=&#8220;4.9.9&#8243; text_font=&#8220;Montserrat||||||||&#8220; text_text_color=&#8220;#FFFFFF&#8220; text_font_size=&#8220;16px&#8220; text_line_height=&#8220;1.9em&#8220; header_font=&#8220;||||||||&#8220; header_text_align=&#8220;left&#8220; header_text_color=&#8220;#FFFFFF&#8220; header_2_font=&#8220;Montserrat|700||on|||||&#8220; header_2_text_color=&#8220;#FFFFFF&#8220; header_2_font_size=&#8220;42px&#8220; header_2_line_height=&#8220;1.3em&#8220; width=&#8220;100%&#8220; max_width=&#8220;1200px&#8220; module_alignment=&#8220;center&#8220; animation_style=&#8220;slide&#8220; animation_direction=&#8220;bottom&#8220; animation_intensity_slide=&#8220;4%&#8220; header_2_font_size_tablet=&#8220;&#8220; header_2_font_size_phone=&#8220;29px&#8220; header_2_font_size_last_edited=&#8220;on|phone&#8220; locked=&#8220;off&#8220;]<\/p>\n<h2 style=\"text-align: center;\">Sind Sie an einer Zusammenarbeit interessiert?<\/h2>\n<p>[\/et_pb_text][et_pb_text _builder_version=&#8220;4.9.9&#8243; _module_preset=&#8220;default&#8220; text_text_color=&#8220;#FFFFFF&#8220; text_font_size=&#8220;19px&#8220; text_letter_spacing=&#8220;4px&#8220;]<\/p>\n<p style=\"text-align: center;\">Suchen wir derzeit keine Stelle, die Sie interessiert? Senden Sie uns Ihren Lebenslauf und wir werden uns bei Ihnen melden!<\/p>\n<p>[\/et_pb_text][et_pb_button button_url=&#8220;https:\/\/stalko.com\/kontakt\/&#8220; button_text=&#8220;ANFRAGE SENDEN&#8220; button_alignment=&#8220;center&#8220; admin_label=&#8220;Przycisk&#8220; _builder_version=&#8220;4.9.9&#8243; _module_preset=&#8220;default&#8220; custom_button=&#8220;on&#8220; button_text_size=&#8220;20px&#8220; button_text_color=&#8220;#d9000d&#8220; button_bg_color=&#8220;#FFFFFF&#8220; button_border_width=&#8220;0px&#8220; button_border_color=&#8220;#d9000d&#8220; button_border_radius=&#8220;7px&#8220; locked=&#8220;off&#8220;][\/et_pb_button][\/et_pb_column][\/et_pb_row][\/et_pb_section]<\/p>\n","protected":false},"excerpt":{"rendered":"<p>[et_pb_section fb_built=&#8220;1&#8243; disabled_on=&#8220;off|off|off&#8220; admin_label=&#8220;Header Section&#8220; _builder_version=&#8220;4.9.9&#8243; use_background_color_gradient=&#8220;on&#8220; background_color_gradient_start=&#8220;rgba(216,78,89,0.37)&#8220; background_color_gradient_end=&#8220;#d9000d&#8220; background_color_gradient_overlays_image=&#8220;on&#8220; background_image=&#8220;https:\/\/stalko.com\/wp-content\/uploads\/2022\/09\/CNC-Stalko-1.jpg&#8220; custom_margin=&#8220;|||&#8220; custom_padding=&#8220;6vw|0px|6vw|0px&#8220; bottom_divider_style=&#8220;mountains2&#8243; bottom_divider_color=&#8220;rgba(5,41,66,0.3)&#8220; bottom_divider_height=&#8220;20vw&#8220; animation_style=&#8220;slide&#8220; animation_direction=&#8220;top&#8220; animation_intensity_slide=&#8220;3%&#8220; animation_starting_opacity=&#8220;100%&#8220; locked=&#8220;off&#8220;][et_pb_row disabled_on=&#8220;off|off|off&#8220; module_class=&#8220; et_pb_row_fullwidth&#8220; _builder_version=&#8220;3.25&#8243; width=&#8220;89%&#8220; width_tablet=&#8220;80%&#8220; width_phone=&#8220;&#8220; width_last_edited=&#8220;on|desktop&#8220; max_width=&#8220;89%&#8220; max_width_tablet=&#8220;80%&#8220; max_width_phone=&#8220;&#8220; max_width_last_edited=&#8220;on|desktop&#8220; custom_padding=&#8220;|||&#8220; make_fullwidth=&#8220;on&#8220;][et_pb_column type=&#8220;4_4&#8243; _builder_version=&#8220;3.25&#8243; custom_padding=&#8220;|||&#8220; custom_padding__hover=&#8220;|||&#8220;][et_pb_text disabled_on=&#8220;off|off|off&#8220; _builder_version=&#8220;4.9.9&#8243; text_font=&#8220;Montserrat||||||||&#8220; text_font_size=&#8220;22px&#8220; text_line_height=&#8220;1.8em&#8220; header_font=&#8220;Montserrat|600||on|||||&#8220; header_text_align=&#8220;center&#8220; header_font_size=&#8220;8vw&#8220; header_line_height=&#8220;1.5em&#8220; text_orientation=&#8220;center&#8220; background_layout=&#8220;dark&#8220; custom_margin=&#8220;|||&#8220; header_font_size_tablet=&#8220;50px&#8220; header_font_size_phone=&#8220;&#8220; header_font_size_last_edited=&#8220;on|desktop&#8220; header_line_height_tablet=&#8220;1.1em&#8220; [&hellip;]<\/p>\n","protected":false},"author":1,"featured_media":0,"parent":0,"menu_order":0,"comment_status":"closed","ping_status":"closed","template":"","meta":{"_et_pb_use_builder":"on","_et_pb_old_content":"","_et_gb_content_width":"","_monsterinsights_skip_tracking":false,"_monsterinsights_sitenote_active":false,"_monsterinsights_sitenote_note":"","_monsterinsights_sitenote_category":0,"footnotes":""},"class_list":["post-262652","page","type-page","status-publish","hentry"],"yoast_head":"<!-- This site is optimized with the Yoast SEO Premium plugin v22.5 (Yoast SEO v23.1) - https:\/\/yoast.com\/wordpress\/plugins\/seo\/ -->\n<title>Karriere - STALKO<\/title>\n<meta name=\"robots\" content=\"index, follow, max-snippet:-1, max-image-preview:large, max-video-preview:-1\" \/>\n<link rel=\"canonical\" href=\"https:\/\/stalko.com\/de\/karriere\/\" \/>\n<meta property=\"og:locale\" content=\"de_DE\" \/>\n<meta property=\"og:type\" content=\"article\" \/>\n<meta property=\"og:title\" content=\"Karriere\" \/>\n<meta property=\"og:description\" content=\"[et_pb_section fb_built=&#8220;1&#8243; disabled_on=&#8220;off|off|off&#8220; admin_label=&#8220;Header Section&#8220; _builder_version=&#8220;4.9.9&#8243; use_background_color_gradient=&#8220;on&#8220; background_color_gradient_start=&#8220;rgba(216,78,89,0.37)&#8220; background_color_gradient_end=&#8220;#d9000d&#8220; background_color_gradient_overlays_image=&#8220;on&#8220; background_image=&#8220;https:\/\/stalko.com\/wp-content\/uploads\/2022\/09\/CNC-Stalko-1.jpg&#8220; custom_margin=&#8220;|||&#8220; custom_padding=&#8220;6vw|0px|6vw|0px&#8220; bottom_divider_style=&#8220;mountains2&#8243; bottom_divider_color=&#8220;rgba(5,41,66,0.3)&#8220; bottom_divider_height=&#8220;20vw&#8220; animation_style=&#8220;slide&#8220; animation_direction=&#8220;top&#8220; animation_intensity_slide=&#8220;3%&#8220; animation_starting_opacity=&#8220;100%&#8220; locked=&#8220;off&#8220;][et_pb_row disabled_on=&#8220;off|off|off&#8220; module_class=&#8220; et_pb_row_fullwidth&#8220; _builder_version=&#8220;3.25&#8243; width=&#8220;89%&#8220; width_tablet=&#8220;80%&#8220; width_phone=&#8220;&#8220; width_last_edited=&#8220;on|desktop&#8220; max_width=&#8220;89%&#8220; max_width_tablet=&#8220;80%&#8220; max_width_phone=&#8220;&#8220; max_width_last_edited=&#8220;on|desktop&#8220; custom_padding=&#8220;|||&#8220; make_fullwidth=&#8220;on&#8220;][et_pb_column type=&#8220;4_4&#8243; _builder_version=&#8220;3.25&#8243; custom_padding=&#8220;|||&#8220; custom_padding__hover=&#8220;|||&#8220;][et_pb_text disabled_on=&#8220;off|off|off&#8220; _builder_version=&#8220;4.9.9&#8243; text_font=&#8220;Montserrat||||||||&#8220; text_font_size=&#8220;22px&#8220; text_line_height=&#8220;1.8em&#8220; header_font=&#8220;Montserrat|600||on|||||&#8220; header_text_align=&#8220;center&#8220; header_font_size=&#8220;8vw&#8220; header_line_height=&#8220;1.5em&#8220; text_orientation=&#8220;center&#8220; background_layout=&#8220;dark&#8220; custom_margin=&#8220;|||&#8220; header_font_size_tablet=&#8220;50px&#8220; header_font_size_phone=&#8220;&#8220; header_font_size_last_edited=&#8220;on|desktop&#8220; header_line_height_tablet=&#8220;1.1em&#8220; [&hellip;]\" \/>\n<meta property=\"og:url\" content=\"https:\/\/stalko.com\/de\/karriere\/\" \/>\n<meta property=\"og:site_name\" content=\"STALKO\" \/>\n<meta property=\"article:modified_time\" content=\"2025-04-03T15:33:57+00:00\" \/>\n<meta name=\"twitter:card\" content=\"summary_large_image\" \/>\n<meta name=\"twitter:label1\" content=\"Gesch\u00e4tzte Lesezeit\" \/>\n\t<meta name=\"twitter:data1\" content=\"7\u00a0Minuten\" \/>\n<script type=\"application\/ld+json\" class=\"yoast-schema-graph\">{\"@context\":\"https:\/\/schema.org\",\"@graph\":[{\"@type\":\"WebPage\",\"@id\":\"https:\/\/stalko.com\/de\/karriere\/\",\"url\":\"https:\/\/stalko.com\/de\/karriere\/\",\"name\":\"Karriere - STALKO\",\"isPartOf\":{\"@id\":\"https:\/\/stalko.com\/de\/#website\"},\"datePublished\":\"2022-11-01T12:34:52+00:00\",\"dateModified\":\"2025-04-03T15:33:57+00:00\",\"breadcrumb\":{\"@id\":\"https:\/\/stalko.com\/de\/karriere\/#breadcrumb\"},\"inLanguage\":\"de\",\"potentialAction\":[{\"@type\":\"ReadAction\",\"target\":[\"https:\/\/stalko.com\/de\/karriere\/\"]}]},{\"@type\":\"BreadcrumbList\",\"@id\":\"https:\/\/stalko.com\/de\/karriere\/#breadcrumb\",\"itemListElement\":[{\"@type\":\"ListItem\",\"position\":1,\"name\":\"Strona g\u0142\u00f3wna\",\"item\":\"https:\/\/stalko.com\/de\/\"},{\"@type\":\"ListItem\",\"position\":2,\"name\":\"Karriere\"}]},{\"@type\":\"WebSite\",\"@id\":\"https:\/\/stalko.com\/de\/#website\",\"url\":\"https:\/\/stalko.com\/de\/\",\"name\":\"STALKO\",\"description\":\"Skupiamy si\u0119 na produkcji i dostawie swoim klientom nowoczesnych produkt\u00f3w bran\u017cy metalowej, spo\u017cywczej, automatyzacji proces\u00f3w produkcyjnych, oraz urz\u0105dze\u0144 centralnego ogrzewania.\",\"potentialAction\":[{\"@type\":\"SearchAction\",\"target\":{\"@type\":\"EntryPoint\",\"urlTemplate\":\"https:\/\/stalko.com\/de\/?s={search_term_string}\"},\"query-input\":\"required name=search_term_string\"}],\"inLanguage\":\"de\"}]}<\/script>\n<!-- \/ Yoast SEO Premium plugin. -->","yoast_head_json":{"title":"Karriere - STALKO","robots":{"index":"index","follow":"follow","max-snippet":"max-snippet:-1","max-image-preview":"max-image-preview:large","max-video-preview":"max-video-preview:-1"},"canonical":"https:\/\/stalko.com\/de\/karriere\/","og_locale":"de_DE","og_type":"article","og_title":"Karriere","og_description":"[et_pb_section fb_built=&#8220;1&#8243; disabled_on=&#8220;off|off|off&#8220; admin_label=&#8220;Header Section&#8220; _builder_version=&#8220;4.9.9&#8243; use_background_color_gradient=&#8220;on&#8220; background_color_gradient_start=&#8220;rgba(216,78,89,0.37)&#8220; background_color_gradient_end=&#8220;#d9000d&#8220; background_color_gradient_overlays_image=&#8220;on&#8220; background_image=&#8220;https:\/\/stalko.com\/wp-content\/uploads\/2022\/09\/CNC-Stalko-1.jpg&#8220; custom_margin=&#8220;|||&#8220; custom_padding=&#8220;6vw|0px|6vw|0px&#8220; bottom_divider_style=&#8220;mountains2&#8243; bottom_divider_color=&#8220;rgba(5,41,66,0.3)&#8220; bottom_divider_height=&#8220;20vw&#8220; animation_style=&#8220;slide&#8220; animation_direction=&#8220;top&#8220; animation_intensity_slide=&#8220;3%&#8220; animation_starting_opacity=&#8220;100%&#8220; locked=&#8220;off&#8220;][et_pb_row disabled_on=&#8220;off|off|off&#8220; module_class=&#8220; et_pb_row_fullwidth&#8220; _builder_version=&#8220;3.25&#8243; width=&#8220;89%&#8220; width_tablet=&#8220;80%&#8220; width_phone=&#8220;&#8220; width_last_edited=&#8220;on|desktop&#8220; max_width=&#8220;89%&#8220; max_width_tablet=&#8220;80%&#8220; max_width_phone=&#8220;&#8220; max_width_last_edited=&#8220;on|desktop&#8220; custom_padding=&#8220;|||&#8220; make_fullwidth=&#8220;on&#8220;][et_pb_column type=&#8220;4_4&#8243; _builder_version=&#8220;3.25&#8243; custom_padding=&#8220;|||&#8220; custom_padding__hover=&#8220;|||&#8220;][et_pb_text disabled_on=&#8220;off|off|off&#8220; _builder_version=&#8220;4.9.9&#8243; text_font=&#8220;Montserrat||||||||&#8220; text_font_size=&#8220;22px&#8220; text_line_height=&#8220;1.8em&#8220; header_font=&#8220;Montserrat|600||on|||||&#8220; header_text_align=&#8220;center&#8220; header_font_size=&#8220;8vw&#8220; header_line_height=&#8220;1.5em&#8220; text_orientation=&#8220;center&#8220; background_layout=&#8220;dark&#8220; custom_margin=&#8220;|||&#8220; header_font_size_tablet=&#8220;50px&#8220; header_font_size_phone=&#8220;&#8220; header_font_size_last_edited=&#8220;on|desktop&#8220; header_line_height_tablet=&#8220;1.1em&#8220; [&hellip;]","og_url":"https:\/\/stalko.com\/de\/karriere\/","og_site_name":"STALKO","article_modified_time":"2025-04-03T15:33:57+00:00","twitter_card":"summary_large_image","twitter_misc":{"Gesch\u00e4tzte Lesezeit":"7\u00a0Minuten"},"schema":{"@context":"https:\/\/schema.org","@graph":[{"@type":"WebPage","@id":"https:\/\/stalko.com\/de\/karriere\/","url":"https:\/\/stalko.com\/de\/karriere\/","name":"Karriere - STALKO","isPartOf":{"@id":"https:\/\/stalko.com\/de\/#website"},"datePublished":"2022-11-01T12:34:52+00:00","dateModified":"2025-04-03T15:33:57+00:00","breadcrumb":{"@id":"https:\/\/stalko.com\/de\/karriere\/#breadcrumb"},"inLanguage":"de","potentialAction":[{"@type":"ReadAction","target":["https:\/\/stalko.com\/de\/karriere\/"]}]},{"@type":"BreadcrumbList","@id":"https:\/\/stalko.com\/de\/karriere\/#breadcrumb","itemListElement":[{"@type":"ListItem","position":1,"name":"Strona g\u0142\u00f3wna","item":"https:\/\/stalko.com\/de\/"},{"@type":"ListItem","position":2,"name":"Karriere"}]},{"@type":"WebSite","@id":"https:\/\/stalko.com\/de\/#website","url":"https:\/\/stalko.com\/de\/","name":"STALKO","description":"Skupiamy si\u0119 na produkcji i dostawie swoim klientom nowoczesnych produkt\u00f3w bran\u017cy metalowej, spo\u017cywczej, automatyzacji proces\u00f3w produkcyjnych, oraz urz\u0105dze\u0144 centralnego ogrzewania.","potentialAction":[{"@type":"SearchAction","target":{"@type":"EntryPoint","urlTemplate":"https:\/\/stalko.com\/de\/?s={search_term_string}"},"query-input":"required name=search_term_string"}],"inLanguage":"de"}]}},"_links":{"self":[{"href":"https:\/\/stalko.com\/de\/wp-json\/wp\/v2\/pages\/262652","targetHints":{"allow":["GET"]}}],"collection":[{"href":"https:\/\/stalko.com\/de\/wp-json\/wp\/v2\/pages"}],"about":[{"href":"https:\/\/stalko.com\/de\/wp-json\/wp\/v2\/types\/page"}],"author":[{"embeddable":true,"href":"https:\/\/stalko.com\/de\/wp-json\/wp\/v2\/users\/1"}],"replies":[{"embeddable":true,"href":"https:\/\/stalko.com\/de\/wp-json\/wp\/v2\/comments?post=262652"}],"version-history":[{"count":12,"href":"https:\/\/stalko.com\/de\/wp-json\/wp\/v2\/pages\/262652\/revisions"}],"predecessor-version":[{"id":262832,"href":"https:\/\/stalko.com\/de\/wp-json\/wp\/v2\/pages\/262652\/revisions\/262832"}],"wp:attachment":[{"href":"https:\/\/stalko.com\/de\/wp-json\/wp\/v2\/media?parent=262652"}],"curies":[{"name":"wp","href":"https:\/\/api.w.org\/{rel}","templated":true}]}}