{"id":263130,"date":"2025-05-14T11:27:48","date_gmt":"2025-05-14T09:27:48","guid":{"rendered":"https:\/\/stalko.com\/eu-projekte\/"},"modified":"2025-05-14T14:34:21","modified_gmt":"2025-05-14T12:34:21","slug":"eu-projekte","status":"publish","type":"page","link":"https:\/\/stalko.com\/de\/eu-projekte\/","title":{"rendered":"EU-Projekte"},"content":{"rendered":"<p>[et_pb_section fb_built=&#8220;1&#8243; disabled_on=&#8220;off|off|off&#8220; admin_label=&#8220;Header Section&#8220; _builder_version=&#8220;4.9.9&#8243; use_background_color_gradient=&#8220;on&#8220; background_color_gradient_start=&#8220;rgba(216,78,89,0.37)&#8220; background_color_gradient_end=&#8220;#d9000d&#8220; background_color_gradient_overlays_image=&#8220;on&#8220; background_image=&#8220;https:\/\/stalko.com\/wp-content\/uploads\/2022\/09\/CNC-Stalko-1.jpg&#8220; custom_margin=&#8220;|||&#8220; custom_padding=&#8220;6vw|0px|6vw|0px&#8220; bottom_divider_style=&#8220;mountains2&#8243; bottom_divider_color=&#8220;rgba(5,41,66,0.3)&#8220; bottom_divider_height=&#8220;20vw&#8220; animation_style=&#8220;slide&#8220; animation_direction=&#8220;top&#8220; animation_intensity_slide=&#8220;3%&#8220; animation_starting_opacity=&#8220;100%&#8220; locked=&#8220;off&#8220;][et_pb_row disabled_on=&#8220;off|off|off&#8220; module_class=&#8220; et_pb_row_fullwidth&#8220; _builder_version=&#8220;3.25&#8243; width=&#8220;89%&#8220; width_tablet=&#8220;80%&#8220; width_phone=&#8220;&#8220; width_last_edited=&#8220;on|desktop&#8220; max_width=&#8220;89%&#8220; max_width_tablet=&#8220;80%&#8220; max_width_phone=&#8220;&#8220; max_width_last_edited=&#8220;on|desktop&#8220; custom_padding=&#8220;|||&#8220; make_fullwidth=&#8220;on&#8220;][et_pb_column type=&#8220;4_4&#8243; _builder_version=&#8220;3.25&#8243; custom_padding=&#8220;|||&#8220; custom_padding__hover=&#8220;|||&#8220;][et_pb_text disabled_on=&#8220;off|off|off&#8220; _builder_version=&#8220;4.9.9&#8243; text_font=&#8220;Montserrat||||||||&#8220; text_font_size=&#8220;22px&#8220; text_line_height=&#8220;1.8em&#8220; header_font=&#8220;Montserrat|600||on|||||&#8220; header_text_align=&#8220;center&#8220; header_font_size=&#8220;8vw&#8220; header_line_height=&#8220;1.5em&#8220; text_orientation=&#8220;center&#8220; background_layout=&#8220;dark&#8220; custom_margin=&#8220;|||&#8220; header_font_size_tablet=&#8220;50px&#8220; header_font_size_phone=&#8220;40px&#8220; header_font_size_last_edited=&#8220;on|phone&#8220; header_line_height_tablet=&#8220;1.1em&#8220; header_line_height_phone=&#8220;1.2em&#8220; header_line_height_last_edited=&#8220;off|desktop&#8220;]<\/p>\n<h1>EU-PROJEKTE<\/h1>\n<p>[\/et_pb_text][\/et_pb_column][\/et_pb_row][\/et_pb_section][et_pb_section fb_built=&#8220;1&#8243; _builder_version=&#8220;4.9.9&#8243; _module_preset=&#8220;default&#8220;][et_pb_row _builder_version=&#8220;4.9.9&#8243; _module_preset=&#8220;default&#8220;][et_pb_column type=&#8220;4_4&#8243; _builder_version=&#8220;4.9.9&#8243; _module_preset=&#8220;default&#8220;][et_pb_text _builder_version=&#8220;4.9.9&#8243; _module_preset=&#8220;df96b77a-cd4f-44a8-a771-2d6347592b53&#8243; header_2_font=&#8220;Oswald|500||on|||||&#8220; header_2_text_color=&#8220;#1a202c&#8220; header_2_font_size=&#8220;40px&#8220; header_2_letter_spacing=&#8220;1px&#8220; header_2_line_height=&#8220;1.35em&#8220; custom_margin=&#8220;60px||||false|false&#8220; header_2_font_size_tablet=&#8220;32px&#8220; header_2_font_size_phone=&#8220;17px&#8220; header_2_font_size_last_edited=&#8220;on|phone&#8220; locked=&#8220;off&#8220; header_2_letter_spacing__hover_enabled=&#8220;off|hover&#8220;]<\/p>\n<h2 style=\"text-align: center\">Europ\u00e4ische F\u00f6rdermittel<\/h2>\n<p>[\/et_pb_text][et_pb_text _builder_version=&#8220;4.9.9&#8243; _module_preset=&#8220;default&#8220; text_font=&#8220;Montserrat||||||||&#8220; text_text_color=&#8220;#747d88&#8243; text_font_size=&#8220;16px&#8220; text_line_height=&#8220;1.8em&#8220; text_orientation=&#8220;center&#8220; custom_margin=&#8220;29px||||false|false&#8220; locked=&#8220;off&#8220;]<\/p>\n<p style=\"text-align: left\"><strong>Liste der Zusch\u00fcsse und Subventionen, die STALKO Sp\u00f3\u0142ka z Ograniczon\u0105 Odpowiedzialno\u015bci\u0105 Sp\u00f3\u0142ka Komandytowa f\u00fcr die Durchf\u00fchrung von Projekten im Rahmen der Europ\u00e4ischen Fonds erhalten hat:<\/strong><\/p>\n<p style=\"text-align: left\">&#8211; Einf\u00fchrung einer Umweltinnovation in den technologischen Prozess bei STALKO<\/p>\n<p>[\/et_pb_text][et_pb_image src=&#8220;https:\/\/stalko.com\/wp-content\/uploads\/2025\/05\/KPO_barwy-RP_NextGenerationEU_poziom_zestawienie_podstawowe_EN_RGB-1-scaled.webp&#8220; title_text=&#8220;KPO_barwy RP_NextGenerationEU_poziom_zestawienie_podstawowe_EN_RGB (1)&#8220; _builder_version=&#8220;4.9.9&#8243; _module_preset=&#8220;default&#8220; hover_enabled=&#8220;0&#8243; sticky_enabled=&#8220;0&#8243;][\/et_pb_image][et_pb_text _builder_version=&#8220;4.9.9&#8243; _module_preset=&#8220;default&#8220; text_font=&#8220;Montserrat||||||||&#8220; text_text_color=&#8220;#747d88&#8243; text_font_size=&#8220;16px&#8220; text_line_height=&#8220;1.8em&#8220; text_orientation=&#8220;center&#8220; custom_margin=&#8220;29px||||false|false&#8220; locked=&#8220;off&#8220;]<\/p>\n<p style=\"text-align: left\"><strong>Projekt, das im Rahmen des Nationalen Plans f\u00fcr Wiederaufbau und Resilienz umgesetzt wird<\/strong><\/p>\n<p style=\"text-align: left\"><strong>Projektbeschreibung<\/strong><br \/>STALKO f\u00fchrt ein vom Nationalen Plan f\u00fcr Wiederaufbau und Resilienz (NRP) kofinanziertes Projekt im Rahmen der Ma\u00dfnahme A2.2.1 durch, bei dem es um die Einrichtung einer modernen Anlage zum automatischen Abwickeln und Laserschneiden von Blechen von Spulen geht.<\/p>\n<p style=\"text-align: left\">Das Ziel der Investition ist es, die Produktionseffizienz zu steigern, die Betriebskosten zu senken und den Rohstoffverbrauch zu optimieren. Die neue Technologie erm\u00f6glicht die vollst\u00e4ndige Automatisierung der Abwicklungs-, Richt- und Schneideprozesse, was den Abfall erheblich reduziert und die Produktqualit\u00e4t und Wiederholbarkeit verbessert. Dank des pr\u00e4zisen CNC-Systems werden Materialverluste reduziert und der Energieverbrauch und die CO\u2082-Emissionen verringert.  <\/p>\n<p style=\"text-align: left\">Die Investition steht im Einklang mit den Prinzipien der Kreislaufwirtschaft (GOZ) und der Nationalen Intelligenten Spezialisierung (NIS Nr. 7), die die Idee von &#8218;Null Abfall&#8216; unterst\u00fctzen und moderne, gr\u00fcne Technologien in der Industrie f\u00f6rdern.<\/p>\n<p style=\"text-align: left\"><strong>Projektdetails<\/strong><br \/>Projekttitel: Implementierung einer Umweltinnovation in den technologischen Prozess mit dem Ziel der Verbesserung der Materialwirtschaft, der Energieeffizienz und der Umstellung des Unternehmens auf Null-Abfall bei STALKO SP. Z O.O. SP. K.<br \/>Priorit\u00e4t: Widerstandsf\u00e4higkeit und Wettbewerbsf\u00e4higkeit der Wirtschaft &#8211; Zuschussteil<br \/>Ma\u00dfnahme: A2.2.1. Investitionen in die Umsetzung von Umwelttechnologien und -innovationen, einschlie\u00dflich derjenigen, die sich auf die GOZ beziehen<br \/>Aufrufnummer: KPOD.01.13-IW.01-001\/24<br \/>Durchf\u00fchrungszeitraum: 3. Februar 2025 &#8211; 23. M\u00e4rz 2026<br \/>Wert des Projekts: 2 104 559.40 PLN<br \/>Wert der EU-Finanzierung: 1 052 279,70 PLN<br \/>Quelle der Finanzierung: Das Projekt wird durch den Nationalen Plan f\u00fcr Wiederaufbau und Resilienz und die Europ\u00e4ische Union im Rahmen des NextGenerationEU-Instruments kofinanziert.   <\/p>\n<p>[\/et_pb_text][\/et_pb_column][\/et_pb_row][\/et_pb_section]<\/p>\n","protected":false},"excerpt":{"rendered":"<p>[et_pb_section fb_built=&#8220;1&#8243; disabled_on=&#8220;off|off|off&#8220; admin_label=&#8220;Header Section&#8220; _builder_version=&#8220;4.9.9&#8243; use_background_color_gradient=&#8220;on&#8220; background_color_gradient_start=&#8220;rgba(216,78,89,0.37)&#8220; background_color_gradient_end=&#8220;#d9000d&#8220; background_color_gradient_overlays_image=&#8220;on&#8220; background_image=&#8220;https:\/\/stalko.com\/wp-content\/uploads\/2022\/09\/CNC-Stalko-1.jpg&#8220; custom_margin=&#8220;|||&#8220; custom_padding=&#8220;6vw|0px|6vw|0px&#8220; bottom_divider_style=&#8220;mountains2&#8243; bottom_divider_color=&#8220;rgba(5,41,66,0.3)&#8220; bottom_divider_height=&#8220;20vw&#8220; animation_style=&#8220;slide&#8220; animation_direction=&#8220;top&#8220; animation_intensity_slide=&#8220;3%&#8220; animation_starting_opacity=&#8220;100%&#8220; locked=&#8220;off&#8220;][et_pb_row disabled_on=&#8220;off|off|off&#8220; module_class=&#8220; et_pb_row_fullwidth&#8220; _builder_version=&#8220;3.25&#8243; width=&#8220;89%&#8220; width_tablet=&#8220;80%&#8220; width_phone=&#8220;&#8220; width_last_edited=&#8220;on|desktop&#8220; max_width=&#8220;89%&#8220; max_width_tablet=&#8220;80%&#8220; max_width_phone=&#8220;&#8220; max_width_last_edited=&#8220;on|desktop&#8220; custom_padding=&#8220;|||&#8220; make_fullwidth=&#8220;on&#8220;][et_pb_column type=&#8220;4_4&#8243; _builder_version=&#8220;3.25&#8243; custom_padding=&#8220;|||&#8220; custom_padding__hover=&#8220;|||&#8220;][et_pb_text disabled_on=&#8220;off|off|off&#8220; _builder_version=&#8220;4.9.9&#8243; text_font=&#8220;Montserrat||||||||&#8220; text_font_size=&#8220;22px&#8220; text_line_height=&#8220;1.8em&#8220; header_font=&#8220;Montserrat|600||on|||||&#8220; header_text_align=&#8220;center&#8220; header_font_size=&#8220;8vw&#8220; header_line_height=&#8220;1.5em&#8220; text_orientation=&#8220;center&#8220; background_layout=&#8220;dark&#8220; custom_margin=&#8220;|||&#8220; header_font_size_tablet=&#8220;50px&#8220; header_font_size_phone=&#8220;40px&#8220; header_font_size_last_edited=&#8220;on|phone&#8220; header_line_height_tablet=&#8220;1.1em&#8220; [&hellip;]<\/p>\n","protected":false},"author":1,"featured_media":0,"parent":0,"menu_order":0,"comment_status":"closed","ping_status":"closed","template":"","meta":{"_et_pb_use_builder":"on","_et_pb_old_content":"","_et_gb_content_width":"","_monsterinsights_skip_tracking":false,"_monsterinsights_sitenote_active":false,"_monsterinsights_sitenote_note":"","_monsterinsights_sitenote_category":0,"footnotes":""},"class_list":["post-263130","page","type-page","status-publish","hentry"],"yoast_head":"<!-- This site is optimized with the Yoast SEO Premium plugin v22.5 (Yoast SEO v23.1) - https:\/\/yoast.com\/wordpress\/plugins\/seo\/ -->\n<title>EU-Projekte - STALKO<\/title>\n<meta name=\"robots\" content=\"index, follow, max-snippet:-1, max-image-preview:large, max-video-preview:-1\" \/>\n<link rel=\"canonical\" href=\"https:\/\/stalko.com\/de\/eu-projekte\/\" \/>\n<meta property=\"og:locale\" content=\"de_DE\" \/>\n<meta property=\"og:type\" content=\"article\" \/>\n<meta property=\"og:title\" content=\"EU-Projekte\" \/>\n<meta property=\"og:description\" content=\"[et_pb_section fb_built=&#8220;1&#8243; disabled_on=&#8220;off|off|off&#8220; admin_label=&#8220;Header Section&#8220; _builder_version=&#8220;4.9.9&#8243; use_background_color_gradient=&#8220;on&#8220; background_color_gradient_start=&#8220;rgba(216,78,89,0.37)&#8220; background_color_gradient_end=&#8220;#d9000d&#8220; background_color_gradient_overlays_image=&#8220;on&#8220; background_image=&#8220;https:\/\/stalko.com\/wp-content\/uploads\/2022\/09\/CNC-Stalko-1.jpg&#8220; custom_margin=&#8220;|||&#8220; custom_padding=&#8220;6vw|0px|6vw|0px&#8220; bottom_divider_style=&#8220;mountains2&#8243; bottom_divider_color=&#8220;rgba(5,41,66,0.3)&#8220; bottom_divider_height=&#8220;20vw&#8220; animation_style=&#8220;slide&#8220; animation_direction=&#8220;top&#8220; animation_intensity_slide=&#8220;3%&#8220; animation_starting_opacity=&#8220;100%&#8220; locked=&#8220;off&#8220;][et_pb_row disabled_on=&#8220;off|off|off&#8220; module_class=&#8220; et_pb_row_fullwidth&#8220; _builder_version=&#8220;3.25&#8243; width=&#8220;89%&#8220; width_tablet=&#8220;80%&#8220; width_phone=&#8220;&#8220; width_last_edited=&#8220;on|desktop&#8220; max_width=&#8220;89%&#8220; max_width_tablet=&#8220;80%&#8220; max_width_phone=&#8220;&#8220; max_width_last_edited=&#8220;on|desktop&#8220; custom_padding=&#8220;|||&#8220; make_fullwidth=&#8220;on&#8220;][et_pb_column type=&#8220;4_4&#8243; _builder_version=&#8220;3.25&#8243; custom_padding=&#8220;|||&#8220; custom_padding__hover=&#8220;|||&#8220;][et_pb_text disabled_on=&#8220;off|off|off&#8220; _builder_version=&#8220;4.9.9&#8243; text_font=&#8220;Montserrat||||||||&#8220; text_font_size=&#8220;22px&#8220; text_line_height=&#8220;1.8em&#8220; header_font=&#8220;Montserrat|600||on|||||&#8220; header_text_align=&#8220;center&#8220; header_font_size=&#8220;8vw&#8220; header_line_height=&#8220;1.5em&#8220; text_orientation=&#8220;center&#8220; background_layout=&#8220;dark&#8220; custom_margin=&#8220;|||&#8220; header_font_size_tablet=&#8220;50px&#8220; header_font_size_phone=&#8220;40px&#8220; header_font_size_last_edited=&#8220;on|phone&#8220; header_line_height_tablet=&#8220;1.1em&#8220; [&hellip;]\" \/>\n<meta property=\"og:url\" content=\"https:\/\/stalko.com\/de\/eu-projekte\/\" \/>\n<meta property=\"og:site_name\" content=\"STALKO\" \/>\n<meta property=\"article:modified_time\" content=\"2025-05-14T12:34:21+00:00\" \/>\n<meta name=\"twitter:card\" content=\"summary_large_image\" \/>\n<meta name=\"twitter:label1\" content=\"Gesch\u00e4tzte Lesezeit\" \/>\n\t<meta name=\"twitter:data1\" content=\"4\u00a0Minuten\" \/>\n<script type=\"application\/ld+json\" class=\"yoast-schema-graph\">{\"@context\":\"https:\/\/schema.org\",\"@graph\":[{\"@type\":\"WebPage\",\"@id\":\"https:\/\/stalko.com\/de\/eu-projekte\/\",\"url\":\"https:\/\/stalko.com\/de\/eu-projekte\/\",\"name\":\"EU-Projekte - STALKO\",\"isPartOf\":{\"@id\":\"https:\/\/stalko.com\/de\/#website\"},\"datePublished\":\"2025-05-14T09:27:48+00:00\",\"dateModified\":\"2025-05-14T12:34:21+00:00\",\"breadcrumb\":{\"@id\":\"https:\/\/stalko.com\/de\/eu-projekte\/#breadcrumb\"},\"inLanguage\":\"de\",\"potentialAction\":[{\"@type\":\"ReadAction\",\"target\":[\"https:\/\/stalko.com\/de\/eu-projekte\/\"]}]},{\"@type\":\"BreadcrumbList\",\"@id\":\"https:\/\/stalko.com\/de\/eu-projekte\/#breadcrumb\",\"itemListElement\":[{\"@type\":\"ListItem\",\"position\":1,\"name\":\"Strona g\u0142\u00f3wna\",\"item\":\"https:\/\/stalko.com\/de\/\"},{\"@type\":\"ListItem\",\"position\":2,\"name\":\"EU-Projekte\"}]},{\"@type\":\"WebSite\",\"@id\":\"https:\/\/stalko.com\/de\/#website\",\"url\":\"https:\/\/stalko.com\/de\/\",\"name\":\"STALKO\",\"description\":\"Skupiamy si\u0119 na produkcji i dostawie swoim klientom nowoczesnych produkt\u00f3w bran\u017cy metalowej, spo\u017cywczej, automatyzacji proces\u00f3w produkcyjnych, oraz urz\u0105dze\u0144 centralnego ogrzewania.\",\"potentialAction\":[{\"@type\":\"SearchAction\",\"target\":{\"@type\":\"EntryPoint\",\"urlTemplate\":\"https:\/\/stalko.com\/de\/?s={search_term_string}\"},\"query-input\":\"required name=search_term_string\"}],\"inLanguage\":\"de\"}]}<\/script>\n<!-- \/ Yoast SEO Premium plugin. -->","yoast_head_json":{"title":"EU-Projekte - STALKO","robots":{"index":"index","follow":"follow","max-snippet":"max-snippet:-1","max-image-preview":"max-image-preview:large","max-video-preview":"max-video-preview:-1"},"canonical":"https:\/\/stalko.com\/de\/eu-projekte\/","og_locale":"de_DE","og_type":"article","og_title":"EU-Projekte","og_description":"[et_pb_section fb_built=&#8220;1&#8243; disabled_on=&#8220;off|off|off&#8220; admin_label=&#8220;Header Section&#8220; _builder_version=&#8220;4.9.9&#8243; use_background_color_gradient=&#8220;on&#8220; background_color_gradient_start=&#8220;rgba(216,78,89,0.37)&#8220; background_color_gradient_end=&#8220;#d9000d&#8220; background_color_gradient_overlays_image=&#8220;on&#8220; background_image=&#8220;https:\/\/stalko.com\/wp-content\/uploads\/2022\/09\/CNC-Stalko-1.jpg&#8220; custom_margin=&#8220;|||&#8220; custom_padding=&#8220;6vw|0px|6vw|0px&#8220; bottom_divider_style=&#8220;mountains2&#8243; bottom_divider_color=&#8220;rgba(5,41,66,0.3)&#8220; bottom_divider_height=&#8220;20vw&#8220; animation_style=&#8220;slide&#8220; animation_direction=&#8220;top&#8220; animation_intensity_slide=&#8220;3%&#8220; animation_starting_opacity=&#8220;100%&#8220; locked=&#8220;off&#8220;][et_pb_row disabled_on=&#8220;off|off|off&#8220; module_class=&#8220; et_pb_row_fullwidth&#8220; _builder_version=&#8220;3.25&#8243; width=&#8220;89%&#8220; width_tablet=&#8220;80%&#8220; width_phone=&#8220;&#8220; width_last_edited=&#8220;on|desktop&#8220; max_width=&#8220;89%&#8220; max_width_tablet=&#8220;80%&#8220; max_width_phone=&#8220;&#8220; max_width_last_edited=&#8220;on|desktop&#8220; custom_padding=&#8220;|||&#8220; make_fullwidth=&#8220;on&#8220;][et_pb_column type=&#8220;4_4&#8243; _builder_version=&#8220;3.25&#8243; custom_padding=&#8220;|||&#8220; custom_padding__hover=&#8220;|||&#8220;][et_pb_text disabled_on=&#8220;off|off|off&#8220; _builder_version=&#8220;4.9.9&#8243; text_font=&#8220;Montserrat||||||||&#8220; text_font_size=&#8220;22px&#8220; text_line_height=&#8220;1.8em&#8220; header_font=&#8220;Montserrat|600||on|||||&#8220; header_text_align=&#8220;center&#8220; header_font_size=&#8220;8vw&#8220; header_line_height=&#8220;1.5em&#8220; text_orientation=&#8220;center&#8220; background_layout=&#8220;dark&#8220; custom_margin=&#8220;|||&#8220; header_font_size_tablet=&#8220;50px&#8220; header_font_size_phone=&#8220;40px&#8220; header_font_size_last_edited=&#8220;on|phone&#8220; header_line_height_tablet=&#8220;1.1em&#8220; [&hellip;]","og_url":"https:\/\/stalko.com\/de\/eu-projekte\/","og_site_name":"STALKO","article_modified_time":"2025-05-14T12:34:21+00:00","twitter_card":"summary_large_image","twitter_misc":{"Gesch\u00e4tzte Lesezeit":"4\u00a0Minuten"},"schema":{"@context":"https:\/\/schema.org","@graph":[{"@type":"WebPage","@id":"https:\/\/stalko.com\/de\/eu-projekte\/","url":"https:\/\/stalko.com\/de\/eu-projekte\/","name":"EU-Projekte - STALKO","isPartOf":{"@id":"https:\/\/stalko.com\/de\/#website"},"datePublished":"2025-05-14T09:27:48+00:00","dateModified":"2025-05-14T12:34:21+00:00","breadcrumb":{"@id":"https:\/\/stalko.com\/de\/eu-projekte\/#breadcrumb"},"inLanguage":"de","potentialAction":[{"@type":"ReadAction","target":["https:\/\/stalko.com\/de\/eu-projekte\/"]}]},{"@type":"BreadcrumbList","@id":"https:\/\/stalko.com\/de\/eu-projekte\/#breadcrumb","itemListElement":[{"@type":"ListItem","position":1,"name":"Strona g\u0142\u00f3wna","item":"https:\/\/stalko.com\/de\/"},{"@type":"ListItem","position":2,"name":"EU-Projekte"}]},{"@type":"WebSite","@id":"https:\/\/stalko.com\/de\/#website","url":"https:\/\/stalko.com\/de\/","name":"STALKO","description":"Skupiamy si\u0119 na produkcji i dostawie swoim klientom nowoczesnych produkt\u00f3w bran\u017cy metalowej, spo\u017cywczej, automatyzacji proces\u00f3w produkcyjnych, oraz urz\u0105dze\u0144 centralnego ogrzewania.","potentialAction":[{"@type":"SearchAction","target":{"@type":"EntryPoint","urlTemplate":"https:\/\/stalko.com\/de\/?s={search_term_string}"},"query-input":"required name=search_term_string"}],"inLanguage":"de"}]}},"_links":{"self":[{"href":"https:\/\/stalko.com\/de\/wp-json\/wp\/v2\/pages\/263130","targetHints":{"allow":["GET"]}}],"collection":[{"href":"https:\/\/stalko.com\/de\/wp-json\/wp\/v2\/pages"}],"about":[{"href":"https:\/\/stalko.com\/de\/wp-json\/wp\/v2\/types\/page"}],"author":[{"embeddable":true,"href":"https:\/\/stalko.com\/de\/wp-json\/wp\/v2\/users\/1"}],"replies":[{"embeddable":true,"href":"https:\/\/stalko.com\/de\/wp-json\/wp\/v2\/comments?post=263130"}],"version-history":[{"count":5,"href":"https:\/\/stalko.com\/de\/wp-json\/wp\/v2\/pages\/263130\/revisions"}],"predecessor-version":[{"id":263156,"href":"https:\/\/stalko.com\/de\/wp-json\/wp\/v2\/pages\/263130\/revisions\/263156"}],"wp:attachment":[{"href":"https:\/\/stalko.com\/de\/wp-json\/wp\/v2\/media?parent=263130"}],"curies":[{"name":"wp","href":"https:\/\/api.w.org\/{rel}","templated":true}]}}