{"id":263431,"date":"2026-04-07T13:41:51","date_gmt":"2026-04-07T11:41:51","guid":{"rendered":"https:\/\/stalko.com\/?page_id=263431"},"modified":"2026-04-07T14:20:30","modified_gmt":"2026-04-07T12:20:30","slug":"qualitatspolitik","status":"publish","type":"page","link":"https:\/\/stalko.com\/de\/polityka-jakosci\/","title":{"rendered":"Qualit\u00e4tspolitik"},"content":{"rendered":"<p>[et_pb_section fb_built=&#8221;1&#8243; disabled_on=&#8221;off|off|off&#8221; admin_label=&#8221;Header Section&#8221; _builder_version=&#8221;4.9.9&#8243; use_background_color_gradient=&#8221;on&#8221; background_color_gradient_start=&#8221;rgba(216,78,89,0.37)&#8221; background_color_gradient_end=&#8221;#d9000d&#8221; background_color_gradient_overlays_image=&#8221;on&#8221; background_image=&#8221;https:\/\/stalko.com\/wp-content\/uploads\/2022\/09\/CNC-Stalko-1.jpg&#8221; custom_margin=&#8221;|||&#8221; custom_padding=&#8221;6vw|0px|6vw|0px&#8221; bottom_divider_style=&#8221;mountains2&#8243; bottom_divider_color=&#8221;rgba(5,41,66,0.3)&#8221; bottom_divider_height=&#8221;20vw&#8221; animation_style=&#8221;slide&#8221; animation_direction=&#8221;top&#8221; animation_intensity_slide=&#8221;3%&#8221; animation_starting_opacity=&#8221;100%&#8221; locked=&#8221;off&#8221;][et_pb_row disabled_on=&#8221;off|off|off&#8221; module_class=&#8221; et_pb_row_fullwidth&#8221; _builder_version=&#8221;3.25&#8243; width=&#8221;89%&#8221; width_tablet=&#8221;80%&#8221; width_phone=&#8221;&#8221; width_last_edited=&#8221;on|desktop&#8221; max_width=&#8221;89%&#8221; max_width_tablet=&#8221;80%&#8221; max_width_phone=&#8221;&#8221; max_width_last_edited=&#8221;on|desktop&#8221; custom_padding=&#8221;|||&#8221; make_fullwidth=&#8221;on&#8221;][et_pb_column type=&#8221;4_4&#8243; _builder_version=&#8221;3.25&#8243; custom_padding=&#8221;|||&#8221; custom_padding__hover=&#8221;|||&#8221;][et_pb_text disabled_on=&#8221;off|off|off&#8221; _builder_version=&#8221;4.9.9&#8243; text_font=&#8221;Montserrat||||||||&#8221; text_font_size=&#8221;22px&#8221; text_line_height=&#8221;1.8em&#8221; header_font=&#8221;Montserrat|600||on|||||&#8221; header_text_align=&#8221;center&#8221; header_font_size=&#8221;8vw&#8221; header_line_height=&#8221;1.5em&#8221; text_orientation=&#8221;center&#8221; background_layout=&#8221;dark&#8221; custom_margin=&#8221;|||&#8221; hover_enabled=&#8221;0&#8243; header_font_size_tablet=&#8221;50px&#8221; header_font_size_phone=&#8221;40px&#8221; header_font_size_last_edited=&#8221;on|phone&#8221; header_line_height_tablet=&#8221;1.1em&#8221; header_line_height_phone=&#8221;1.2em&#8221; header_line_height_last_edited=&#8221;off|desktop&#8221; sticky_enabled=&#8221;0&#8243;]<\/p>\n<h1>POLITYKA JAKO\u015aCI<\/h1>\n<p>[\/et_pb_text][\/et_pb_column][\/et_pb_row][\/et_pb_section][et_pb_section fb_built=&#8221;1&#8243; _builder_version=&#8221;4.9.9&#8243; _module_preset=&#8221;default&#8221; locked=&#8221;off&#8221;][et_pb_row _builder_version=&#8221;4.9.9&#8243; _module_preset=&#8221;default&#8221;][et_pb_column type=&#8221;4_4&#8243; _builder_version=&#8221;4.9.9&#8243; _module_preset=&#8221;default&#8221;][et_pb_text _builder_version=&#8221;4.9.9&#8243; _module_preset=&#8221;534cc526-6274-4e31-9e1a-7f18a5947bf1&#8243; header_4_font=&#8221;Oswald|500||on|||||&#8221; header_4_text_color=&#8221;#d9000d&#8221; header_4_font_size=&#8221;14px&#8221; header_4_letter_spacing=&#8221;1px&#8221; header_4_line_height=&#8221;1.3em&#8221; custom_margin=&#8221;||0px||false|false&#8221; hover_enabled=&#8221;0&#8243; header_4_font_size_tablet=&#8221;13px&#8221; header_4_font_size_phone=&#8221;11px&#8221; header_4_font_size_last_edited=&#8221;on|tablet&#8221; locked=&#8221;off&#8221; sticky_enabled=&#8221;0&#8243;]<\/p>\n<h4 style=\"text-align: center;\">Precyzja, zgodno\u015b\u0107 i ci\u0105g\u0142e doskonalenie w ka\u017cdym obszarze dzia\u0142alno\u015bci<\/h4>\n<p>[\/et_pb_text][et_pb_text _builder_version=&#8221;4.9.9&#8243; _module_preset=&#8221;df96b77a-cd4f-44a8-a771-2d6347592b53&#8243; header_2_font=&#8221;Oswald|500||on|||||&#8221; header_2_text_color=&#8221;#1a202c&#8221; header_2_font_size=&#8221;40px&#8221; header_2_letter_spacing=&#8221;1px&#8221; header_2_line_height=&#8221;1.35em&#8221; custom_margin=&#8221;12px||||false|false&#8221; hover_enabled=&#8221;0&#8243; header_2_font_size_tablet=&#8221;32px&#8221; header_2_font_size_phone=&#8221;17px&#8221; header_2_font_size_last_edited=&#8221;on|phone&#8221; locked=&#8221;off&#8221; header_2_letter_spacing__hover_enabled=&#8221;off|hover&#8221; sticky_enabled=&#8221;0&#8243;]<\/p>\n<h2 style=\"text-align: center;\">Polityka Jako\u015bci STALKO<\/h2>\n<p>[\/et_pb_text][et_pb_text _builder_version=&#8221;4.9.9&#8243; _module_preset=&#8221;default&#8221; text_font=&#8221;Montserrat||||||||&#8221; text_text_color=&#8221;#747d88&#8243; text_font_size=&#8221;16px&#8221; text_line_height=&#8221;1.8em&#8221; text_orientation=&#8221;center&#8221; custom_margin=&#8221;29px||||false|false&#8221; hover_enabled=&#8221;0&#8243; locked=&#8221;off&#8221; sticky_enabled=&#8221;0&#8243;]<\/p>\n<p style=\"text-align: justify;\"><strong>\u00a0<\/strong><strong>STALKO <\/strong>prowadzi polityk\u0119 zapewniaj\u0105c\u0105 jako\u015b\u0107 we wszystkich obszarach swojego dzia\u0142ania. W celu realizacji polityki jako\u015bci firma wdro\u017cy\u0142a i stosuje system zarz\u0105dzania jako\u015bci\u0105 zgodny z PN-EN ISO 9001:2015, Ustaw\u0105 z dnia 29 listopada 2000 (Dz. U. 2020, poz. 509) &#8211; WSK, oraz AQAP 2110:2016.<\/p>\n<p>[\/et_pb_text][et_pb_text _builder_version=&#8221;4.9.9&#8243; _module_preset=&#8221;default&#8221; text_font=&#8221;Montserrat||||||||&#8221; text_text_color=&#8221;#747d88&#8243; text_font_size=&#8221;16px&#8221; text_line_height=&#8221;1.8em&#8221; text_orientation=&#8221;center&#8221; custom_margin=&#8221;29px||||false|false&#8221; hover_enabled=&#8221;0&#8243; locked=&#8221;off&#8221; sticky_enabled=&#8221;0&#8243;]<\/p>\n<p style=\"text-align: justify;\"><strong>W STALKO wdro\u017cono system zarz\u0105dzania jako\u015bci\u0105 obejmuj\u0105cy nast\u0119puj\u0105cy zakres:<\/strong><\/p>\n<ul style=\"text-align: justify;\">\n<li><strong>Projektowanie, produkcja i obr\u00f3t element\u00f3w broni i amunicji, konstrukcji stalowych i aluminiowych, przyczep, podzespo\u0142\u00f3w mechanicznych i urz\u0105dze\u0144 techniki grzewczej (wk\u0142ad\u00f3w kominkowych powietrznych, z p\u0142aszczem wodnym, piec\u00f3w wolnostoj\u0105cych, ogrzewaczy pomieszcze\u0144 oraz ogrzewaczy tarasowych spalaj\u0105cych paliwa gazowe lub zasilanych gazem), w tym wyrob\u00f3w o\u00a0przeznaczeniu wojskowym i policyjnym.<\/strong><\/li>\n<li><strong>Obr\u00f3t towarami o znaczeniu strategicznym (w zakresie WSK).<\/strong><\/li>\n<\/ul>\n<p style=\"text-align: justify;\">\n<p style=\"text-align: justify;\">Misj\u0105 STALKO jest dostarczanie swoim klientom najwy\u017cszej jako\u015bci produkt\u00f3w i\u00a0us\u0142ug, co realizujemy poprzez skupienie si\u0119 na potrzebach klienta, podnoszeniu jako\u015bci produkt\u00f3w i us\u0142ug jak r\u00f3wnie\u017c poprzez szacunek dla jednostki.<\/p>\n<p style=\"text-align: justify;\">\n<p style=\"text-align: justify;\">Strategicznym celem STALKO jest zaspokojenie zmieniaj\u0105cych si\u0119 potrzeb<br \/>i wymaga\u0144 Klient\u00f3w poprzez wysok\u0105 jako\u015b\u0107 dostarczanych wyrob\u00f3w, z\u00a0uwzgl\u0119dnieniem ochrony \u015brodowiska i klimatu.<\/p>\n<p style=\"text-align: justify;\">\n<p style=\"text-align: justify;\"><strong>Podstawowe cele operacyjne, to:<\/strong><\/p>\n<ul style=\"text-align: justify;\">\n<li>zaspokojenie potrzeb i wymaga\u0144 Klient\u00f3w<\/li>\n<li>utrzymanie zaufania dotychczasowych i zdobycie nowych klient\u00f3w;<\/li>\n<li>spe\u0142nienie wymaga\u0144 ustawowych i przepis\u00f3w prawnych oraz przepis\u00f3w dotycz\u0105cych ochrony \u015brodowiska i klimatu;<\/li>\n<li>wysoka jako\u015b\u0107 dostarczanych wyrob\u00f3w i \u015bwiadczonych us\u0142ug;<\/li>\n<li>dostarczanie wyrob\u00f3w zgodnie z wymaganiami;<\/li>\n<li>niezw\u0142oczne i obiektywne rozpatrywanie reklamacji.<\/li>\n<\/ul>\n<p style=\"text-align: justify;\">\n<p style=\"text-align: justify;\"><strong>Deklarowana polityka jako\u015bci jest realizowana poprzez \u015bcis\u0142\u0105 wsp\u00f3\u0142prac\u0119 ca\u0142ego personelu firmy. Kierownictwo firmy nie przewiduje odst\u0119pstw od zadeklarowanej polityki zarz\u0105dzania jako\u015bci\u0105. Kierownictwo firmy zobowi\u0105zuje si\u0119 do spe\u0142niania wymaga\u0144 i ci\u0105g\u0142ego doskonalenia skuteczno\u015bci systemu zarz\u0105dzania.<\/strong><\/p>\n<p style=\"text-align: justify;\"><strong>Deklaruj\u0119 rozw\u00f3j i doskonalenie Systemu Zarz\u0105dzania Jako\u015bci\u0105, opisanego w\u00a0\u201eKsi\u0119dze Jako\u015bci\u201d jako zobowi\u0105zanie osobiste i ca\u0142ego personelu firmy.<\/strong><\/p>\n<p>[\/et_pb_text][et_pb_text _builder_version=&#8221;4.9.9&#8243; _module_preset=&#8221;default&#8221; text_orientation=&#8221;center&#8221; module_alignment=&#8221;center&#8221; link_option_url=&#8221;https:\/\/stalko.com\/wp-content\/uploads\/2026\/04\/Polityka_jakosci_-_Stalko.pdf&#8221; hover_enabled=&#8221;0&#8243; locked=&#8221;off&#8221; sticky_enabled=&#8221;0&#8243; transform_styles__hover_enabled=&#8221;on|desktop&#8221; transform_scale__hover_enabled=&#8221;on|hover&#8221; transform_translate__hover_enabled=&#8221;on|desktop&#8221; transform_rotate__hover_enabled=&#8221;on|desktop&#8221; transform_skew__hover_enabled=&#8221;on|desktop&#8221; transform_origin__hover_enabled=&#8221;on|desktop&#8221; transform_translate_linked__hover=&#8221;off&#8221; transform_translate__hover=&#8221;0px|-9px&#8221;]<\/p>\n<p><span class=\"et-pb-icon\" style=\"color: #da000c;\">\ue05f<\/span><\/p>\n<p>[\/et_pb_text][\/et_pb_column][\/et_pb_row][\/et_pb_section]<\/p>\n","protected":false},"excerpt":{"rendered":"<p>[et_pb_section fb_built=&#8221;1&#8243; disabled_on=&#8221;off|off|off&#8221; admin_label=&#8221;Header Section&#8221; _builder_version=&#8221;4.9.9&#8243; use_background_color_gradient=&#8221;on&#8221; background_color_gradient_start=&#8221;rgba(216,78,89,0.37)&#8221; background_color_gradient_end=&#8221;#d9000d&#8221; background_color_gradient_overlays_image=&#8221;on&#8221; background_image=&#8221;https:\/\/stalko.com\/wp-content\/uploads\/2022\/09\/CNC-Stalko-1.jpg&#8221; custom_margin=&#8221;|||&#8221; custom_padding=&#8221;6vw|0px|6vw|0px&#8221; bottom_divider_style=&#8221;mountains2&#8243; bottom_divider_color=&#8221;rgba(5,41,66,0.3)&#8221; bottom_divider_height=&#8221;20vw&#8221; animation_style=&#8221;slide&#8221; animation_direction=&#8221;top&#8221; animation_intensity_slide=&#8221;3%&#8221; animation_starting_opacity=&#8221;100%&#8221; locked=&#8221;off&#8221;][et_pb_row disabled_on=&#8221;off|off|off&#8221; module_class=&#8221; et_pb_row_fullwidth&#8221; _builder_version=&#8221;3.25&#8243; width=&#8221;89%&#8221; width_tablet=&#8221;80%&#8221; width_phone=&#8221;&#8221; width_last_edited=&#8221;on|desktop&#8221; max_width=&#8221;89%&#8221; max_width_tablet=&#8221;80%&#8221; max_width_phone=&#8221;&#8221; max_width_last_edited=&#8221;on|desktop&#8221; custom_padding=&#8221;|||&#8221; make_fullwidth=&#8221;on&#8221;][et_pb_column type=&#8221;4_4&#8243; _builder_version=&#8221;3.25&#8243; custom_padding=&#8221;|||&#8221; custom_padding__hover=&#8221;|||&#8221;][et_pb_text disabled_on=&#8221;off|off|off&#8221; _builder_version=&#8221;4.9.9&#8243; text_font=&#8221;Montserrat||||||||&#8221; text_font_size=&#8221;22px&#8221; text_line_height=&#8221;1.8em&#8221; header_font=&#8221;Montserrat|600||on|||||&#8221; header_text_align=&#8221;center&#8221; header_font_size=&#8221;8vw&#8221; header_line_height=&#8221;1.5em&#8221; text_orientation=&#8221;center&#8221; background_layout=&#8221;dark&#8221; custom_margin=&#8221;|||&#8221; hover_enabled=&#8221;0&#8243; header_font_size_tablet=&#8221;50px&#8221; header_font_size_phone=&#8221;40px&#8221; header_font_size_last_edited=&#8221;on|phone&#8221; [&hellip;]<\/p>\n","protected":false},"author":1,"featured_media":0,"parent":0,"menu_order":0,"comment_status":"closed","ping_status":"closed","template":"","meta":{"_et_pb_use_builder":"on","_et_pb_old_content":"","_et_gb_content_width":"","_monsterinsights_skip_tracking":false,"_monsterinsights_sitenote_active":false,"_monsterinsights_sitenote_note":"","_monsterinsights_sitenote_category":0,"footnotes":""},"class_list":["post-263431","page","type-page","status-publish","hentry"],"_links":{"self":[{"href":"https:\/\/stalko.com\/de\/wp-json\/wp\/v2\/pages\/263431","targetHints":{"allow":["GET"]}}],"collection":[{"href":"https:\/\/stalko.com\/de\/wp-json\/wp\/v2\/pages"}],"about":[{"href":"https:\/\/stalko.com\/de\/wp-json\/wp\/v2\/types\/page"}],"author":[{"embeddable":true,"href":"https:\/\/stalko.com\/de\/wp-json\/wp\/v2\/users\/1"}],"replies":[{"embeddable":true,"href":"https:\/\/stalko.com\/de\/wp-json\/wp\/v2\/comments?post=263431"}],"version-history":[{"count":0,"href":"https:\/\/stalko.com\/de\/wp-json\/wp\/v2\/pages\/263431\/revisions"}],"wp:attachment":[{"href":"https:\/\/stalko.com\/de\/wp-json\/wp\/v2\/media?parent=263431"}],"curies":[{"name":"wp","href":"https:\/\/api.w.org\/{rel}","templated":true}]}}