{"id":263444,"date":"2026-04-07T14:21:01","date_gmt":"2026-04-07T12:21:01","guid":{"rendered":"https:\/\/stalko.com\/?page_id=263444"},"modified":"2026-04-07T14:24:06","modified_gmt":"2026-04-07T12:24:06","slug":"richtlinie-zur-indikation","status":"publish","type":"page","link":"https:\/\/stalko.com\/de\/polityka-wsk\/","title":{"rendered":"WSK-Richtlinie"},"content":{"rendered":"<p>[et_pb_section fb_built=&#8221;1&#8243; disabled_on=&#8221;off|off|off&#8221; admin_label=&#8221;Header Section&#8221; _builder_version=&#8221;4.9.9&#8243; use_background_color_gradient=&#8221;on&#8221; background_color_gradient_start=&#8221;rgba(216,78,89,0.37)&#8221; background_color_gradient_end=&#8221;#d9000d&#8221; background_color_gradient_overlays_image=&#8221;on&#8221; background_image=&#8221;https:\/\/stalko.com\/wp-content\/uploads\/2022\/09\/CNC-Stalko-1.jpg&#8221; custom_margin=&#8221;|||&#8221; custom_padding=&#8221;6vw|0px|6vw|0px&#8221; bottom_divider_style=&#8221;mountains2&#8243; bottom_divider_color=&#8221;rgba(5,41,66,0.3)&#8221; bottom_divider_height=&#8221;20vw&#8221; animation_style=&#8221;slide&#8221; animation_direction=&#8221;top&#8221; animation_intensity_slide=&#8221;3%&#8221; animation_starting_opacity=&#8221;100%&#8221; locked=&#8221;off&#8221;][et_pb_row disabled_on=&#8221;off|off|off&#8221; module_class=&#8221; et_pb_row_fullwidth&#8221; _builder_version=&#8221;3.25&#8243; width=&#8221;89%&#8221; width_tablet=&#8221;80%&#8221; width_phone=&#8221;&#8221; width_last_edited=&#8221;on|desktop&#8221; max_width=&#8221;89%&#8221; max_width_tablet=&#8221;80%&#8221; max_width_phone=&#8221;&#8221; max_width_last_edited=&#8221;on|desktop&#8221; custom_padding=&#8221;|||&#8221; make_fullwidth=&#8221;on&#8221;][et_pb_column type=&#8221;4_4&#8243; _builder_version=&#8221;3.25&#8243; custom_padding=&#8221;|||&#8221; custom_padding__hover=&#8221;|||&#8221;][et_pb_text disabled_on=&#8221;off|off|off&#8221; _builder_version=&#8221;4.9.9&#8243; text_font=&#8221;Montserrat||||||||&#8221; text_font_size=&#8221;22px&#8221; text_line_height=&#8221;1.8em&#8221; header_font=&#8221;Montserrat|600||on|||||&#8221; header_text_align=&#8221;center&#8221; header_font_size=&#8221;8vw&#8221; header_line_height=&#8221;1.5em&#8221; text_orientation=&#8221;center&#8221; background_layout=&#8221;dark&#8221; custom_margin=&#8221;|||&#8221; hover_enabled=&#8221;0&#8243; header_font_size_tablet=&#8221;50px&#8221; header_font_size_phone=&#8221;40px&#8221; header_font_size_last_edited=&#8221;on|phone&#8221; header_line_height_tablet=&#8221;1.1em&#8221; header_line_height_phone=&#8221;1.2em&#8221; header_line_height_last_edited=&#8221;off|desktop&#8221; sticky_enabled=&#8221;0&#8243;]<\/p>\n<h1>POLITYKA WSK<\/h1>\n<p>[\/et_pb_text][\/et_pb_column][\/et_pb_row][\/et_pb_section][et_pb_section fb_built=&#8221;1&#8243; _builder_version=&#8221;4.9.9&#8243; _module_preset=&#8221;default&#8221; locked=&#8221;off&#8221;][et_pb_row _builder_version=&#8221;4.9.9&#8243; _module_preset=&#8221;default&#8221;][et_pb_column type=&#8221;4_4&#8243; _builder_version=&#8221;4.9.9&#8243; _module_preset=&#8221;default&#8221;][et_pb_text _builder_version=&#8221;4.9.9&#8243; _module_preset=&#8221;534cc526-6274-4e31-9e1a-7f18a5947bf1&#8243; header_4_font=&#8221;Oswald|500||on|||||&#8221; header_4_text_color=&#8221;#d9000d&#8221; header_4_font_size=&#8221;14px&#8221; header_4_letter_spacing=&#8221;1px&#8221; header_4_line_height=&#8221;1.3em&#8221; custom_margin=&#8221;||0px||false|false&#8221; hover_enabled=&#8221;0&#8243; header_4_font_size_tablet=&#8221;13px&#8221; header_4_font_size_phone=&#8221;11px&#8221; header_4_font_size_last_edited=&#8221;on|tablet&#8221; locked=&#8221;off&#8221; sticky_enabled=&#8221;0&#8243;]<\/p>\n<h4 style=\"text-align: center;\">Wewn\u0119trzny System Kontroli obrotu towarami o znaczeniu strategicznym zgodny z krajowymi i mi\u0119dzynarodowymi przepisami prawa<\/h4>\n<p>[\/et_pb_text][et_pb_text _builder_version=&#8221;4.9.9&#8243; _module_preset=&#8221;df96b77a-cd4f-44a8-a771-2d6347592b53&#8243; header_2_font=&#8221;Oswald|500||on|||||&#8221; header_2_text_color=&#8221;#1a202c&#8221; header_2_font_size=&#8221;40px&#8221; header_2_letter_spacing=&#8221;1px&#8221; header_2_line_height=&#8221;1.35em&#8221; custom_margin=&#8221;12px||||false|false&#8221; hover_enabled=&#8221;0&#8243; header_2_font_size_tablet=&#8221;32px&#8221; header_2_font_size_phone=&#8221;17px&#8221; header_2_font_size_last_edited=&#8221;on|phone&#8221; locked=&#8221;off&#8221; header_2_letter_spacing__hover_enabled=&#8221;off|hover&#8221; sticky_enabled=&#8221;0&#8243;]<\/p>\n<h2 style=\"text-align: center;\">O\u015aWIADCZENIE O POLITYCE WSK <br \/>STALKO SP\u00d3\u0141KA Z OGRANICZON\u0104 ODPOWIEDZIALNO\u015aCI\u0104 SP. K. <\/h2>\n<p>[\/et_pb_text][et_pb_text _builder_version=&#8221;4.9.9&#8243; _module_preset=&#8221;default&#8221; text_font=&#8221;Montserrat||||||||&#8221; text_text_color=&#8221;#747d88&#8243; text_font_size=&#8221;16px&#8221; text_line_height=&#8221;1.8em&#8221; text_orientation=&#8221;center&#8221; custom_margin=&#8221;29px||||false|false&#8221; hover_enabled=&#8221;0&#8243; locked=&#8221;off&#8221; sticky_enabled=&#8221;0&#8243;]<\/p>\n<p style=\"text-align: justify;\">Intencj\u0105 <strong>STALKO Sp. z o.o. Sp. K. <\/strong>jest przestrzeganie zasad kontroli obrotu okre\u015blonych w\u00a0krajowych i mi\u0119dzynarodowych przepisach prawnych oraz wykluczenie osi\u0105gania zysku w\u00a0spos\u00f3b sprzeczny z niniejsz\u0105 polityk\u0105.<\/p>\n<p style=\"text-align: justify;\">Bior\u0105c pod uwag\u0119 obowi\u0105zuj\u0105ce przepisy Zarz\u0105d utworzy\u0142 stanowisko Pe\u0142nomocnika ds. Kontroli Obrotu, kt\u00f3ry b\u0119dzie nadzorowa\u0107 wszystkie sprawy zwi\u0105zane z obrotem. Pe\u0142nomocnik ds. Kontroli Obrotu b\u0119dzie zajmowa\u0107 si\u0119 wdro\u017ceniem i utrzymywaniem Wewn\u0119trznego Systemu Kontroli (WSK). W systemie okre\u015blono procedury post\u0119powania <br \/>i zakresy obowi\u0105zk\u00f3w poszczeg\u00f3lnych pracownik\u00f3w. Dzia\u0142ania te zapewniaj\u0105 zgodno\u015b\u0107 procedur stosowanych w naszej firmie z przepisami prawa.<\/p>\n<p style=\"text-align: justify;\">Polska uczestniczy w wielu re\u017cimach kontrolnych, kt\u00f3re nadzoruj\u0105 obr\u00f3t towarami, materia\u0142ami, technologiami i oprogramowaniem podw\u00f3jnego zastosowania oraz uzbrojeniem. <strong>STALKO Sp. z o.o. Sp. K. <\/strong>\u00a0dokonuje obrotu wyrobami, kt\u00f3re s\u0105 wymienione w Wykazach Towar\u00f3w i Technologii o znaczeniu strategicznym. W wielu przypadkach nasza firma potrzebuje zezwole\u0144 na eksport dla wysy\u0142ki za granic\u0119 produkt\u00f3w. Pozwolenia te mog\u0105 by\u0107 wymagane z wielu powod\u00f3w, takich jak umieszczenie danego towaru w wykazach towar\u00f3w<br \/>\u00a0i technologii obj\u0119tych szczeg\u00f3ln\u0105 kontrol\u0105 obrotu z zagranic\u0105, stosowanie zaawansowanych technologii, ko\u0144cowego odbiorcy lub ko\u0144cowego zastosowania podlegaj\u0105cych szczeg\u00f3lnej kontroli. Pe\u0142nomocnik ds. Kontroli Obrotu b\u0119dzie nadzorowa\u0142 prawid\u0142owo\u015b\u0107 realizowanych transakcji z przepisami prawa.<\/p>\n<p style=\"text-align: justify;\">Naruszenie przepis\u00f3w i procedur kontroli obrotu mo\u017ce narazi\u0107 nasz\u0105 firm\u0119 i osoby odpowiedzialne za obr\u00f3t na r\u00f3\u017cne sankcje administracyjne i karne. Sankcje te mog\u0105 mie\u0107 du\u017ce znaczenie dla naszej firmy i wi\u0105za\u0107 si\u0119 ze stratami finansowymi. Ka\u017cdy pracownik naszej firmy, kt\u00f3ry \u015bwiadomie naruszy obowi\u0105zuj\u0105ce przepisy b\u0119dzie surowo ukarany, w\u0142\u0105cznie ze zwolnieniem z pracy.<\/p>\n<p style=\"text-align: justify;\">Wdro\u017cenie Wewn\u0119trznego Systemu Kontroli pozwoli nam wyeliminowa\u0107 transakcje lub praktyki post\u0119powania, kt\u00f3re s\u0105 niezgodne z obowi\u0105zuj\u0105cymi przepisami. <br \/>O wszystkich takich przypadkach prosz\u0119 informowa\u0107 Zarz\u0105d, w celu podj\u0119cia niezb\u0119dnych dzia\u0142a\u0144 zgodnych z procedurami okre\u015blonymi w przepisach prawa.<\/p>\n<p style=\"text-align: justify;\">Wszyscy pracownicy s\u0105 zobowi\u0105zani do informowania Zarz\u0105du o przypadkach mo\u017cliwych narusze\u0144 zasad kontroli obrotu.\u00a0<\/p>\n<p>[\/et_pb_text][et_pb_text _builder_version=&#8221;4.9.9&#8243; _module_preset=&#8221;default&#8221; transform_translate_linked__hover=&#8221;off&#8221; text_orientation=&#8221;center&#8221; module_alignment=&#8221;center&#8221; link_option_url=&#8221;https:\/\/stalko.com\/wp-content\/uploads\/2026\/04\/Polityka_WSK_-_STALKO.pdf&#8221; hover_enabled=&#8221;0&#8243; locked=&#8221;off&#8221; transform_styles__hover_enabled=&#8221;on|desktop&#8221; transform_scale__hover_enabled=&#8221;on|hover&#8221; transform_translate__hover_enabled=&#8221;on|desktop&#8221; transform_rotate__hover_enabled=&#8221;on|desktop&#8221; transform_skew__hover_enabled=&#8221;on|desktop&#8221; transform_origin__hover_enabled=&#8221;on|desktop&#8221; transform_translate__hover=&#8221;0px|-9px&#8221; sticky_enabled=&#8221;0&#8243;]<\/p>\n<p><span class=\"et-pb-icon\" style=\"color: #da000c;\">\ue05f<\/span><\/p>\n<p>[\/et_pb_text][\/et_pb_column][\/et_pb_row][\/et_pb_section]<\/p>\n","protected":false},"excerpt":{"rendered":"<p>[et_pb_section fb_built=&#8221;1&#8243; disabled_on=&#8221;off|off|off&#8221; admin_label=&#8221;Header Section&#8221; _builder_version=&#8221;4.9.9&#8243; use_background_color_gradient=&#8221;on&#8221; background_color_gradient_start=&#8221;rgba(216,78,89,0.37)&#8221; background_color_gradient_end=&#8221;#d9000d&#8221; background_color_gradient_overlays_image=&#8221;on&#8221; background_image=&#8221;https:\/\/stalko.com\/wp-content\/uploads\/2022\/09\/CNC-Stalko-1.jpg&#8221; custom_margin=&#8221;|||&#8221; custom_padding=&#8221;6vw|0px|6vw|0px&#8221; bottom_divider_style=&#8221;mountains2&#8243; bottom_divider_color=&#8221;rgba(5,41,66,0.3)&#8221; bottom_divider_height=&#8221;20vw&#8221; animation_style=&#8221;slide&#8221; animation_direction=&#8221;top&#8221; animation_intensity_slide=&#8221;3%&#8221; animation_starting_opacity=&#8221;100%&#8221; locked=&#8221;off&#8221;][et_pb_row disabled_on=&#8221;off|off|off&#8221; module_class=&#8221; et_pb_row_fullwidth&#8221; _builder_version=&#8221;3.25&#8243; width=&#8221;89%&#8221; width_tablet=&#8221;80%&#8221; width_phone=&#8221;&#8221; width_last_edited=&#8221;on|desktop&#8221; max_width=&#8221;89%&#8221; max_width_tablet=&#8221;80%&#8221; max_width_phone=&#8221;&#8221; max_width_last_edited=&#8221;on|desktop&#8221; custom_padding=&#8221;|||&#8221; make_fullwidth=&#8221;on&#8221;][et_pb_column type=&#8221;4_4&#8243; _builder_version=&#8221;3.25&#8243; custom_padding=&#8221;|||&#8221; custom_padding__hover=&#8221;|||&#8221;][et_pb_text disabled_on=&#8221;off|off|off&#8221; _builder_version=&#8221;4.9.9&#8243; text_font=&#8221;Montserrat||||||||&#8221; text_font_size=&#8221;22px&#8221; text_line_height=&#8221;1.8em&#8221; header_font=&#8221;Montserrat|600||on|||||&#8221; header_text_align=&#8221;center&#8221; header_font_size=&#8221;8vw&#8221; header_line_height=&#8221;1.5em&#8221; text_orientation=&#8221;center&#8221; background_layout=&#8221;dark&#8221; custom_margin=&#8221;|||&#8221; hover_enabled=&#8221;0&#8243; header_font_size_tablet=&#8221;50px&#8221; header_font_size_phone=&#8221;40px&#8221; header_font_size_last_edited=&#8221;on|phone&#8221; [&hellip;]<\/p>\n","protected":false},"author":1,"featured_media":0,"parent":0,"menu_order":0,"comment_status":"closed","ping_status":"closed","template":"","meta":{"_et_pb_use_builder":"on","_et_pb_old_content":"","_et_gb_content_width":"","_monsterinsights_skip_tracking":false,"_monsterinsights_sitenote_active":false,"_monsterinsights_sitenote_note":"","_monsterinsights_sitenote_category":0,"footnotes":""},"class_list":["post-263444","page","type-page","status-publish","hentry"],"_links":{"self":[{"href":"https:\/\/stalko.com\/de\/wp-json\/wp\/v2\/pages\/263444","targetHints":{"allow":["GET"]}}],"collection":[{"href":"https:\/\/stalko.com\/de\/wp-json\/wp\/v2\/pages"}],"about":[{"href":"https:\/\/stalko.com\/de\/wp-json\/wp\/v2\/types\/page"}],"author":[{"embeddable":true,"href":"https:\/\/stalko.com\/de\/wp-json\/wp\/v2\/users\/1"}],"replies":[{"embeddable":true,"href":"https:\/\/stalko.com\/de\/wp-json\/wp\/v2\/comments?post=263444"}],"version-history":[{"count":0,"href":"https:\/\/stalko.com\/de\/wp-json\/wp\/v2\/pages\/263444\/revisions"}],"wp:attachment":[{"href":"https:\/\/stalko.com\/de\/wp-json\/wp\/v2\/media?parent=263444"}],"curies":[{"name":"wp","href":"https:\/\/api.w.org\/{rel}","templated":true}]}}