{"id":3,"date":"2022-09-18T18:57:05","date_gmt":"2022-09-18T16:57:05","guid":{"rendered":"https:\/\/stalko.com\/?page_id=3"},"modified":"2024-12-11T22:16:22","modified_gmt":"2024-12-11T21:16:22","slug":"privacy-policy","status":"publish","type":"page","link":"https:\/\/stalko.com\/en\/polityka-prywatnosci\/","title":{"rendered":"Privacy Policy"},"content":{"rendered":"<p>[et_pb_section fb_built=&#8221;1&#8243; disabled_on=&#8221;off|off|off&#8221; admin_label=&#8221;Header Section&#8221; _builder_version=&#8221;4.9.9&#8243; use_background_color_gradient=&#8221;on&#8221; background_color_gradient_start=&#8221;rgba(216,78,89,0.37)&#8221; background_color_gradient_end=&#8221;#d9000d&#8221; background_color_gradient_overlays_image=&#8221;on&#8221; background_image=&#8221;https:\/\/stalko.com\/wp-content\/uploads\/2022\/09\/CNC-Stalko-1.jpg&#8221; custom_margin=&#8221;|||&#8221; custom_padding=&#8221;6vw|0px|6vw|0px&#8221; bottom_divider_style=&#8221;mountains2&#8243; bottom_divider_color=&#8221;rgba(5,41,66,0.3)&#8221; bottom_divider_height=&#8221;20vw&#8221; animation_style=&#8221;slide&#8221; animation_direction=&#8221;top&#8221; animation_intensity_slide=&#8221;3%&#8221; animation_starting_opacity=&#8221;100%&#8221; locked=&#8221;off&#8221;][et_pb_row disabled_on=&#8221;off|off|off&#8221; module_class=&#8221; et_pb_row_fullwidth&#8221; _builder_version=&#8221;3.25&#8243; width=&#8221;89%&#8221; width_tablet=&#8221;80%&#8221; width_phone=&#8221;&#8221; width_last_edited=&#8221;on|desktop&#8221; max_width=&#8221;89%&#8221; max_width_tablet=&#8221;80%&#8221; max_width_phone=&#8221;&#8221; max_width_last_edited=&#8221;on|desktop&#8221; custom_padding=&#8221;|||&#8221; make_fullwidth=&#8221;on&#8221;][et_pb_column type=&#8221;4_4&#8243; _builder_version=&#8221;3.25&#8243; custom_padding=&#8221;|||&#8221; custom_padding__hover=&#8221;|||&#8221;][et_pb_text disabled_on=&#8221;off|off|off&#8221; _builder_version=&#8221;4.9.9&#8243; text_font=&#8221;Montserrat||||||||&#8221; text_font_size=&#8221;22px&#8221; text_line_height=&#8221;1.8em&#8221; header_font=&#8221;Montserrat|600||on|||||&#8221; header_text_align=&#8221;center&#8221; header_font_size=&#8221;4vw&#8221; header_line_height=&#8221;1.5em&#8221; text_orientation=&#8221;center&#8221; background_layout=&#8221;dark&#8221; custom_margin=&#8221;|||&#8221; header_font_size_tablet=&#8221;50px&#8221; header_font_size_phone=&#8221;34px&#8221; header_font_size_last_edited=&#8221;on|phone&#8221; header_line_height_tablet=&#8221;1.1em&#8221; header_line_height_phone=&#8221;1.2em&#8221; header_line_height_last_edited=&#8221;off|desktop&#8221;]<\/p>\n<h1>POLITYKA PRYWATNO\u015aCI<\/h1>\n<p>[\/et_pb_text][\/et_pb_column][\/et_pb_row][\/et_pb_section][et_pb_section fb_built=&#8221;1&#8243; admin_label=&#8221;section&#8221; _builder_version=&#8221;3.22&#8243;][et_pb_row admin_label=&#8221;row&#8221; _builder_version=&#8221;3.25&#8243; background_size=&#8221;initial&#8221; background_position=&#8221;top_left&#8221; background_repeat=&#8221;repeat&#8221;][et_pb_column type=&#8221;4_4&#8243; _builder_version=&#8221;3.25&#8243; custom_padding=&#8221;|||&#8221; custom_padding__hover=&#8221;|||&#8221;][et_pb_text admin_label=&#8221;Text&#8221; _builder_version=&#8221;4.9.9&#8243; background_size=&#8221;initial&#8221; background_position=&#8221;top_left&#8221; background_repeat=&#8221;repeat&#8221; hover_enabled=&#8221;0&#8243; sticky_enabled=&#8221;0&#8243;]<\/p>\n<div class=\"et_pb_row et_pb_row_0\">\n<div class=\"et_pb_column et_pb_column_4_4 et_pb_column_0  et_pb_css_mix_blend_mode_passthrough et-last-child\">\n<div class=\"et_pb_module et_pb_text et_pb_text_0  et_pb_text_align_center et_pb_bg_layout_light\">\n<div class=\"et_pb_text_inner\">\n<h2><strong>Polityka Prywatno\u015bci<\/strong><\/h2>\n<\/div>\n<\/div>\n<\/div>\n<\/div>\n<div class=\"et_pb_row et_pb_row_1\">\n<div class=\"et_pb_column et_pb_column_4_4 et_pb_column_1  et_pb_css_mix_blend_mode_passthrough et-last-child\">\n<div class=\"et_pb_module et_pb_text et_pb_text_1  et_pb_text_align_left et_pb_bg_layout_light\">\n<div class=\"et_pb_text_inner\">\n<h2><strong>\u00a0<\/strong>I. Nota prawna<\/h2>\n<p>Strona www www.stalko.com (zwanej dalej Serwisem) nale\u017cy do STALKO Sp\u00f3\u0142ka z ograniczon\u0105 odpowiedzialno\u015bci\u0105 sp.k.\u00a0 z siedzib\u0105 W Warszawie pod adresem: ul. Solec 24\/253, 00-403 Warszawa, adres do korespondencji: ul. Gdy\u0144ska 32\/14, 26-600 Radom, zarejestrowana przez S\u0105d Rejonowy dla M.St. Warszawy w Warszawie, XII Wydzia\u0142 Gospodarczy Krajowego Rejestru S\u0105dowego pod numerem KRS: 0000836475, REGON: 361379132, NIP: 9482603545, adres e-mail: stalko@stalko.com.<\/p>\n<p>&nbsp;<\/p>\n<h2>II. Dane Osobowe<\/h2>\n<p>Zgodnie z art. 13 ust. 1 i 2 Rozporz\u0105dzenia Parlamentu Europejskiego i Rady (UE) 2016\/679 z dnia 27 kwietnia 2016 r. w sprawie ochrony os\u00f3b fizycznych w zwi\u0105zku z przetwarzaniem danych osobowych i w sprawie swobodnego przep\u0142ywu takich danych oraz uchylenia dyrektywy 95\/46\/WE (Og\u00f3lne rozporz\u0105dzenie o ochronie danych \u2013 RODO) informujemy, \u017ce:<\/p>\n<p>Administratorem Danych Osobowych pozyskiwanych za pomoc\u0105 strony: www.stalko.com jest STALKO Sp\u00f3\u0142ka z ograniczon\u0105 odpowiedzialno\u015bci\u0105 sp.k.\u00a0 z siedzib\u0105 pod adresem: ul. Solec 24\/253, 00-403 Warszawa, KRS: 0000836475, adres do korespondencji: ul. Gdy\u0144ska 32\/14, 26-600 Radom.<\/p>\n<p>Dane mog\u0105 by\u0107 zbierane podczas korzystania z Serwisu poprzez analiz\u0119 log\u00f3w dost\u0119powych oraz przy wys\u0142aniu wiadomo\u015bci e-mail przez u\u017cytkownika do Administratora Danych \u2013 w celu technicznym, statystycznym oraz rozpatrzenia zapytania lub przes\u0142ania oferty \u2013 marketing (art.6 ust.1 lit.f RODO \u2013 prawnie uzasadniony interes administratora).<\/p>\n<p>Dane osobowe b\u0119d\u0105 udost\u0119pnianie podmiotom zarz\u0105dzaj\u0105cymi w\/w stron\u0105 www, podmiotom \u015bwiadcz\u0105cym obs\u0142ug\u0119 informatyczn\u0105 oprogramowani stosowanych przez Administratora oraz podmiotom upowa\u017cnionych na podstawie przepis\u00f3w prawa.<\/p>\n<p>Przys\u0142uguj\u0105 Pani \/ Panu nast\u0119puj\u0105ce prawa:<\/p>\n<p>prawo dost\u0119pu do tre\u015bci danych (zgodnie z art. 15 RODO);<\/p>\n<p>prawo do sprostowania danych (zgodnie z art. 16 RODO);<\/p>\n<p>prawo do usuni\u0119cia danych (zgodnie z art. 17 RODO);<\/p>\n<p>prawo do ograniczenia przetwarzania danych (zgodnie z art. 18 RODO);<\/p>\n<p>prawo do przenoszenia danych (zgodnie z art. 20 RODO);<\/p>\n<p>prawo do wniesienia sprzeciwu (zgodnie z art. 21 RODO);<\/p>\n<p>prawo do cofni\u0119cia zgody w dowolnym momencie bez wp\u0142ywu na zgodno\u015b\u0107 z prawem przetwarzania, kt\u00f3rego dokonano na podstawie zgody przed jej cofni\u0119ciem; cofni\u0119cie zgody nale\u017cy wys\u0142a\u0107 na adres wskazany w pkt 1 powy\u017cej lub elektronicznie na adres e-mail: iod@stalko.com;<\/p>\n<p>prawo do wniesienia skargi do organu nadzorczego (Prezesa Urz\u0119du Ochrony Danych Osobowych) w przypadku uznania, \u017ce przetwarzanie danych osobowych Pani\u0105 \/ Pana dotycz\u0105cych narusza przepisy Og\u00f3lnego rozporz\u0105dzenia o ochronie danych.<\/p>\n<p>Podanie danych osobowych jest dobrowolne, lecz niezb\u0119dne do prawid\u0142owego korzystania ze niniejszej strony www i uzyskania odpowiedzi na zapytanie.<\/p>\n<p>Podane przez Pana\/Pani\u0105 informacje nie podlegaj\u0105 zautomatyzowanym podejmowaniu decyzji i nie s\u0105 profilowane.<\/p>\n<p>Dane nie b\u0119d\u0105 przekazywane do pa\u0144stwa trzeciego oraz organizacji mi\u0119dzynarodowej.<\/p>\n<p>Dane b\u0119d\u0105 przechowywane do czasu zg\u0142oszenia sprzeciwu co zg\u0142oszenia danych, lecz nie d\u0142u\u017cej ni\u017c jest to wymagane przez przepisy prawa.<\/p>\n<p>W sprawach zwi\u0105zanych z ochron\u0105 danych osobowych w prosimy o kontakt z wyznaczonym Inspektorem Danych Osobowych Panem Bart\u0142omiejem Kid\u0105, poprzez wys\u0142anie maila na adres:<span>\u00a0<\/span><span><a href=\"mailto:iod@stalko.com\">iod@stalko.com<\/a><\/span><\/p>\n<p>&nbsp;<\/p>\n<h3>III. COOKIES<\/h3>\n<p>Serwis u\u017cywa plik\u00f3w cookies w celu prawid\u0142owego dzia\u0142ania w\/w strony www. U\u017cytkownik mo\u017ce w ka\u017cdej chwili wy\u0142\u0105czy\u0107 w swojej przegl\u0105darce internetowej opcj\u0119 przyjmowania cookies. Mo\u017ce to spowodowa\u0107 pewne utrudnienia w korzystaniu z Serwisu. Gromadzone w dziennikach log\u00f3w dane s\u0105 wykorzystywane tylko i wy\u0142\u0105cznie do cel\u00f3w administrowania Serwisem.\u00a0 Dane te nie s\u0105 kojarzone z konkretnymi osobami przegl\u0105daj\u0105cymi Serwis. Cookies nie powoduj\u0105 zmian konfiguracyjnych urz\u0105dzenia oraz oprogramowani zainstalowanych na urz\u0105dzeniu. Dla zapewnienia jak najwy\u017cszej jako\u015bci Serwisu, analizujemy pliki z logami w celu okre\u015blenia: kt\u00f3re strony odwiedzane s\u0105 najcz\u0119\u015bciej, jakie przegl\u0105darki stron WWW s\u0105 stosowane, czy struktura strony nie zawiera b\u0142\u0119d\u00f3w itp.<\/p>\n<p>Jakie cookies u\u017cywamy:<\/p>\n<p>\u201eCookies\u201d sesyjne \u2013 s\u0105 to tymczasowe informacje przechowywane w pami\u0119ci przegl\u0105darki do momentu zako\u0144czenia sesji przegl\u0105darki, czyli do momentu jej zamkni\u0119cia. Te cookies s\u0105 obowi\u0105zkowe, aby niekt\u00f3re aplikacje lub funkcjonalno\u015bci dzia\u0142a\u0142y poprawnie.<\/p>\n<p>\u201eCookies\u201d sta\u0142e \u2013 dzi\u0119ki nim korzystanie z cz\u0119sto odwiedzanych stron jest \u0142atwiejsze (np. zapewniaj\u0105 optymaln\u0105 nawigacj\u0119, zapami\u0119tuj\u0105 wybran\u0105 rozdzielczo\u015b\u0107, uk\u0142ad tre\u015bci etc.). Te informacje pozostaj\u0105 pami\u0119ci przegl\u0105darki przez d\u0142u\u017cszy okres. Czas ten zale\u017cy od wyboru, kt\u00f3rego mo\u017cna dokona\u0107 w ustawieniach przegl\u0105darki. Ten rodzaj cookies zezwala na przekazywanie informacji na serwer za ka\u017cdym razem, gdy odwiedzana jest dana strona. Sta\u0142e cookies s\u0105 r\u00f3wnie\u017c nazywane jako tzw. \u015bledz\u0105ce \u201ecookie\u201d (ang. tracking cookies).<\/p>\n<p>\u201eCookies\u201d podmiot\u00f3w zewn\u0119trznych \u2013 (ang. third parties cookies) \u2013 to informacje pochodz\u0105ce np. z serwer\u00f3w reklamowych, serwer\u00f3w firm i dostawc\u00f3w us\u0142ug (np. wyszukiwania albo map umieszczanych na stronie) wsp\u00f3\u0142pracuj\u0105cych z w\u0142a\u015bcicielem danej strony internetowej. Ten rodzaj cookie pozwala dostosowywa\u0107 reklamy \u2013 dzi\u0119ki kt\u00f3rym korzystanie ze stron internetowych mo\u017ce by\u0107 bezp\u0142atne \u2013 do preferencji i zwyczaj\u00f3w ich u\u017cytkownik\u00f3w. Pozwalaj\u0105 r\u00f3wnie\u017c oceni\u0107 skuteczno\u015b\u0107 dzia\u0142a\u0144 reklamowych (np. dzi\u0119ki zliczaniu, ile os\u00f3b klikn\u0119\u0142o w dan\u0105 reklam\u0119 i przesz\u0142o na stron\u0119 internetow\u0105 reklamodawcy).<\/p>\n<p>Powy\u017csze informacje pochodz\u0105 ze strony: http:\/\/wszystkoociasteczkach.pl\/ prowadzonej przez Zwi\u0105zek Pracodawc\u00f3w Bran\u017cy Internetowej IAB Polska.<\/p>\n<p>Zarz\u0105dzanie cookies<\/p>\n<p>U\u017cytkownik ma mo\u017cliwo\u015b\u0107 samodzielnego zarz\u0105dzania cookies. W przegl\u0105darce jest mo\u017cliwo\u015b\u0107 zaakceptowania obs\u0142ugi \u201ecookies\u201d, co pozwala na pe\u0142ne korzystanie z opcji oferowanych przez Serwis lub okre\u015blenia ustawie\u0144 dla r\u00f3\u017cnych typ\u00f3w \u201ecookie\u201d (na przyk\u0142ad akceptowania plik\u00f3w trwa\u0142ych \u2013 cookies seryjne) lub blokowania lub usuwania cookies.<\/p>\n<p>Logi przechowywane s\u0105 przez czas nieokre\u015blony, nie s\u0105 udost\u0119pniane innym podmiotom, z wy\u0142\u0105czeniem os\u00f3b zarz\u0105dzaj\u0105cych stron\u0105, serwerem oraz podmiotom analizuj\u0105cym wej\u015bcia na stron\u0119. Cookies nie s\u0142u\u017c\u0105 do pozyskiwania jakichkolwiek informacji o u\u017cytkownikach Serwisu ani \u015bledzenia ich nawigacji. Serwis nie przechowuje \u017cadnych danych osobowych pozwalaj\u0105cych na identyfikacj\u0119 u\u017cytkownika.<\/p>\n<p>&nbsp;<\/p>\n<h2>IV. Prawa autorskie<\/h2>\n<p>Tre\u015bci zawarte na stronach Serwisu nie stanowi\u0105 oferty w rozumieniu przepis\u00f3w kodeksu cywilnego, maj\u0105 charakter wy\u0142\u0105cznie informacyjny. STALKO sp. z o.o. sp.k. nie daje gwarancji co do formy i tre\u015bci informacji umieszczonych w Serwisie, w szczeg\u00f3lno\u015bci aktualno\u015bci, dok\u0142adno\u015bci, przydatno\u015bci prezentowanych danych. STALKO sp. z o.o. sp.k.\u00a0 nie ponosi \u017cadnej odpowiedzialno\u015bci z tytu\u0142u ewentualnych szk\u00f3d poniesionych przez osoby korzystaj\u0105ce z Serwisu. Wszelkie ryzyko zwi\u0105zane z wykorzystywaniem tre\u015bci umieszczonych w Serwisie ponosi osoba korzystaj\u0105ca z Serwisu.<\/p>\n<p>Wszelkie prawa zastrze\u017cone. Prawa do powielania, u\u017cywania i publikacji zawarto\u015bci strony www.stalko.com lub jej cz\u0119\u015bci podlegaj\u0105 przepisom ustawy o prawie autorskim i prawach pokrewnych z dnia 04.02.1994 r. (t.j. Dz.U. z 2019, poz. 1231 z p\u00f3\u017a.zm.). Zabronione jest kopiowanie, publiczne udost\u0119pnianie i u\u017cywanie w celach komercyjnych wszelkich materia\u0142\u00f3w i grafik zawartych na stronie internetowej<span>\u00a0<\/span><span><a href=\"https:\/\/www.stalko.com\/\">www.stalko.com<\/a><\/span><span>\u00a0<\/span>lub ich cz\u0119\u015bci, poza przypadkami wymienionymi w wy\u017cej wymienionej ustawie. Korzystanie z tre\u015bci zawartych na www.stalko.com nie oznacza nabycia do nich jakichkolwiek praw. Wykorzystanie tre\u015bci z www.stalko.com w celach nie komercyjnych mo\u017ce by\u0107 dopuszczone wy\u0142\u0105cznie po uprzedniej konsultacji z przedstawicielem STALKO sp. z o.o. sp.k.. Wszystkie znaki graficzne (logo) i nazwy handlowe produkt\u00f3w u\u017cyte w Serwisie nale\u017c\u0105 do ich w\u0142a\u015bcicieli.<\/p>\n<\/div>\n<\/div>\n<\/div>\n<\/div>\n<p>[\/et_pb_text][\/et_pb_column][\/et_pb_row][\/et_pb_section]<\/p>\n","protected":false},"excerpt":{"rendered":"<p>[et_pb_section fb_built=&#8221;1&#8243; disabled_on=&#8221;off|off|off&#8221; admin_label=&#8221;Header Section&#8221; _builder_version=&#8221;4.9.9&#8243; use_background_color_gradient=&#8221;on&#8221; background_color_gradient_start=&#8221;rgba(216,78,89,0.37)&#8221; background_color_gradient_end=&#8221;#d9000d&#8221; background_color_gradient_overlays_image=&#8221;on&#8221; background_image=&#8221;https:\/\/stalko.com\/wp-content\/uploads\/2022\/09\/CNC-Stalko-1.jpg&#8221; custom_margin=&#8221;|||&#8221; custom_padding=&#8221;6vw|0px|6vw|0px&#8221; bottom_divider_style=&#8221;mountains2&#8243; bottom_divider_color=&#8221;rgba(5,41,66,0.3)&#8221; bottom_divider_height=&#8221;20vw&#8221; animation_style=&#8221;slide&#8221; animation_direction=&#8221;top&#8221; animation_intensity_slide=&#8221;3%&#8221; animation_starting_opacity=&#8221;100%&#8221; locked=&#8221;off&#8221;][et_pb_row disabled_on=&#8221;off|off|off&#8221; module_class=&#8221; et_pb_row_fullwidth&#8221; _builder_version=&#8221;3.25&#8243; width=&#8221;89%&#8221; width_tablet=&#8221;80%&#8221; width_phone=&#8221;&#8221; width_last_edited=&#8221;on|desktop&#8221; max_width=&#8221;89%&#8221; max_width_tablet=&#8221;80%&#8221; max_width_phone=&#8221;&#8221; max_width_last_edited=&#8221;on|desktop&#8221; custom_padding=&#8221;|||&#8221; make_fullwidth=&#8221;on&#8221;][et_pb_column type=&#8221;4_4&#8243; _builder_version=&#8221;3.25&#8243; custom_padding=&#8221;|||&#8221; custom_padding__hover=&#8221;|||&#8221;][et_pb_text disabled_on=&#8221;off|off|off&#8221; _builder_version=&#8221;4.9.9&#8243; text_font=&#8221;Montserrat||||||||&#8221; text_font_size=&#8221;22px&#8221; text_line_height=&#8221;1.8em&#8221; header_font=&#8221;Montserrat|600||on|||||&#8221; header_text_align=&#8221;center&#8221; header_font_size=&#8221;4vw&#8221; header_line_height=&#8221;1.5em&#8221; text_orientation=&#8221;center&#8221; background_layout=&#8221;dark&#8221; custom_margin=&#8221;|||&#8221; header_font_size_tablet=&#8221;50px&#8221; header_font_size_phone=&#8221;34px&#8221; header_font_size_last_edited=&#8221;on|phone&#8221; header_line_height_tablet=&#8221;1.1em&#8221; [&hellip;]<\/p>\n","protected":false},"author":1,"featured_media":0,"parent":0,"menu_order":0,"comment_status":"closed","ping_status":"open","template":"","meta":{"_et_pb_use_builder":"on","_et_pb_old_content":"<!-- wp:heading --><h2>Kim jeste\u015bmy<\/h2><!-- \/wp:heading --><!-- wp:paragraph --><p><strong class=\"privacy-policy-tutorial\">Sugerowany tekst: <\/strong>Adres naszej strony internetowej to: https:\/\/stalko.com.<\/p><!-- \/wp:paragraph --><!-- wp:heading --><h2>Komentarze<\/h2><!-- \/wp:heading --><!-- wp:paragraph --><p><strong class=\"privacy-policy-tutorial\">Sugerowany tekst: <\/strong>Kiedy odwiedzaj\u0105cy witryn\u0119 zostawia komentarz, zbieramy dane widoczne w formularzu komentowania, jak i adres IP odwiedzaj\u0105cego oraz podpis jego przegl\u0105darki jako pomoc przy wykrywaniu spamu.<\/p><!-- \/wp:paragraph --><!-- wp:paragraph --><p>Anonimizowany ci\u0105g znak\u00f3w utworzony z twojego adresu e-mail (zwany te\u017c hashem) mo\u017ce zosta\u0107 przes\u0142any do us\u0142ugi Gravatar w celu sprawdzenia czy jest u\u017cywany. Polityka prywatno\u015bci us\u0142ugi Gravatar jest dost\u0119pna pod adresem: https:\/\/automattic.com\/privacy\/. Po zatwierdzeniu komentarza tw\u00f3j obrazek profilowy jest widoczny publicznie w kontek\u015bcie twojego komentarza.<\/p><!-- \/wp:paragraph --><!-- wp:heading --><h2>Media<\/h2><!-- \/wp:heading --><!-- wp:paragraph --><p><strong class=\"privacy-policy-tutorial\">Sugerowany tekst: <\/strong>Je\u015bli jeste\u015b zarejestrowanym u\u017cytkownikiem i wgrywasz na witryn\u0119 obrazki, powiniene\u015b unika\u0107 przesy\u0142ania obrazk\u00f3w z tagami EXIF lokalizacji. Odwiedzaj\u0105cy stron\u0119 mog\u0105 pobra\u0107 i odczyta\u0107 pe\u0142ne dane lokalizacyjne z obrazk\u00f3w w witrynie.<\/p><!-- \/wp:paragraph --><!-- wp:heading --><h2>Ciasteczka<\/h2><!-- \/wp:heading --><!-- wp:paragraph --><p><strong class=\"privacy-policy-tutorial\">Sugerowany tekst: <\/strong>Je\u015bli skomentujesz co\u015b w witrynie, b\u0119dzie mo\u017cna wybra\u0107 opcj\u0119 zapisu nazwy, adresu e-mail i witryny internetowej w ciasteczkach, dzi\u0119ki kt\u00f3rym podczas pisania kolejnych komentarzy powy\u017csze informacje b\u0119d\u0105 ju\u017c dogodnie uzupe\u0142nione. Ciasteczka wygasaj\u0105 po roku.<\/p><!-- \/wp:paragraph --><!-- wp:paragraph --><p>Je\u015bli odwiedzisz stron\u0119 logowania, utworzymy tymczasowe ciasteczko na potrzeby sprawdzenia czy twoja przegl\u0105darka akceptuje ciasteczka. Nie zawiera ono \u017cadnych danych osobistych i zostanie usuni\u0119te, kiedy przegl\u0105darka zostanie zamkni\u0119ta.<\/p><!-- \/wp:paragraph --><!-- wp:paragraph --><p>Podczas logowania tworzymy dodatkowo kilka ciasteczek potrzebnych do zapisu twoich informacji logowania oraz wybranych opcji ekranu. Ciasteczka logowania wygasaj\u0105 po dw\u00f3ch dniach, a opcji ekranu po roku. Je\u015bli zaznaczysz opcj\u0119 &bdquo;Pami\u0119taj mnie&rdquo;, logowanie wyga\u015bnie po dw\u00f3ch tygodniach. Je\u015bli wylogujesz si\u0119 ze swojego konta, ciasteczka logowania zostan\u0105 usuni\u0119te.<\/p><!-- \/wp:paragraph --><!-- wp:paragraph --><p>Je\u015bli zmodyfikujesz albo opublikujesz artyku\u0142, w twojej przegl\u0105darce zostanie zapisane dodatkowe ciasteczko. To ciasteczko nie zawiera \u017cadnych danych osobistych, wskazuj\u0105c po prostu na identyfikator przed chwil\u0105 edytowanego artyku\u0142u. Wygasa ono po 1 dniu.<\/p><!-- \/wp:paragraph --><!-- wp:heading --><h2>Osadzone tre\u015bci z innych witryn<\/h2><!-- \/wp:heading --><!-- wp:paragraph --><p><strong class=\"privacy-policy-tutorial\">Sugerowany tekst: <\/strong>Artyku\u0142y na tej witrynie mog\u0105 zawiera\u0107 osadzone tre\u015bci (np. filmy, obrazki, artyku\u0142y itp.). Osadzone tre\u015bci z innych witryn zachowuj\u0105 si\u0119 analogicznie do tego, jakby u\u017cytkownik odwiedzi\u0142 bezpo\u015brednio konkretn\u0105 witryn\u0119.<\/p><!-- \/wp:paragraph --><!-- wp:paragraph --><p>Witryny mog\u0105 zbiera\u0107 informacje o tobie, u\u017cywa\u0107 ciasteczek, do\u0142\u0105cza\u0107 dodatkowe, zewn\u0119trzne systemy \u015bledzenia i monitorowa\u0107 twoje interakcje z osadzonym materia\u0142em, w\u0142\u0105czaj\u0105c w to \u015bledzenie twoich interakcji z osadzonym materia\u0142em je\u015bli posiadasz konto i jeste\u015b zalogowany w tamtej witrynie.<\/p><!-- \/wp:paragraph --><!-- wp:heading --><h2>Z kim dzielimy si\u0119 danymi<\/h2><!-- \/wp:heading --><!-- wp:paragraph --><p><strong class=\"privacy-policy-tutorial\">Sugerowany tekst: <\/strong>Je\u015bli za\u017c\u0105dasz zresetowania has\u0142a, tw\u00f3j adres IP zostanie do\u0142\u0105czony do wysy\u0142anej wiadomo\u015bci.<\/p><!-- \/wp:paragraph --><!-- wp:heading --><h2>Jak d\u0142ugo przechowujemy twoje dane<\/h2><!-- \/wp:heading --><!-- wp:paragraph --><p><strong class=\"privacy-policy-tutorial\">Sugerowany tekst: <\/strong>Je\u015bli zostawisz komentarz, jego tre\u015b\u0107 i metadane b\u0119d\u0105 przechowywane przez czas nieokre\u015blony. Dzi\u0119ki temu jeste\u015bmy w stanie rozpoznawa\u0107 i zatwierdza\u0107 kolejne komentarze automatycznie, bez wysy\u0142ania ich do ka\u017cdorazowej moderacji.<\/p><!-- \/wp:paragraph --><!-- wp:paragraph --><p>Dla u\u017cytkownik\u00f3w kt\u00f3rzy zarejestrowali si\u0119 na naszej stronie internetowej (je\u015bli tacy s\u0105), przechowujemy r\u00f3wnie\u017c informacje osobiste wprowadzone w profilu. Ka\u017cdy u\u017cytkownik mo\u017ce dokona\u0107 wgl\u0105du, korekty albo skasowa\u0107 swoje informacje osobiste w dowolnej chwili (nie licz\u0105c nazwy u\u017cytkownika, kt\u00f3rej nie mo\u017cna zmieni\u0107). Administratorzy strony r\u00f3wnie\u017c mog\u0105 przegl\u0105da\u0107 i modyfikowa\u0107 te informacje.<\/p><!-- \/wp:paragraph --><!-- wp:heading --><h2>Jakie masz prawa do swoich danych<\/h2><!-- \/wp:heading --><!-- wp:paragraph --><p><strong class=\"privacy-policy-tutorial\">Sugerowany tekst: <\/strong>Je\u015bli masz konto u\u017cytkownika albo doda\u0142e\u015b komentarze w tej witrynie, mo\u017cesz za\u017c\u0105da\u0107 dostarczenia pliku z wyeksportowanym kompletem twoich danych osobistych b\u0119d\u0105cych w naszym posiadaniu, w tym ca\u0142o\u015b\u0107 tych dostarczonych przez ciebie. Mo\u017cesz r\u00f3wnie\u017c za\u017c\u0105da\u0107 usuni\u0119cia przez nas ca\u0142o\u015bci twoich danych osobistych w naszym posiadaniu. Nie dotyczy to \u017cadnych danych kt\u00f3re jeste\u015bmy zobligowani zachowa\u0107 ze wzgl\u0119d\u00f3w administracyjnych, prawnych albo bezpiecze\u0144stwa.<\/p><!-- \/wp:paragraph --><!-- wp:heading --><h2>Gdzie wys\u0142amy twoje dane<\/h2><!-- \/wp:heading --><!-- wp:paragraph --><p><strong class=\"privacy-policy-tutorial\">Sugerowany tekst: <\/strong>Komentarze go\u015bci mog\u0105 by\u0107 sprawdzane za pomoc\u0105 automatycznej us\u0142ugi wykrywania spamu.<\/p><!-- \/wp:paragraph -->","_et_gb_content_width":"","_monsterinsights_skip_tracking":false,"_monsterinsights_sitenote_active":false,"_monsterinsights_sitenote_note":"","_monsterinsights_sitenote_category":0,"footnotes":""},"class_list":["post-3","page","type-page","status-publish","hentry"],"_links":{"self":[{"href":"https:\/\/stalko.com\/en\/wp-json\/wp\/v2\/pages\/3","targetHints":{"allow":["GET"]}}],"collection":[{"href":"https:\/\/stalko.com\/en\/wp-json\/wp\/v2\/pages"}],"about":[{"href":"https:\/\/stalko.com\/en\/wp-json\/wp\/v2\/types\/page"}],"author":[{"embeddable":true,"href":"https:\/\/stalko.com\/en\/wp-json\/wp\/v2\/users\/1"}],"replies":[{"embeddable":true,"href":"https:\/\/stalko.com\/en\/wp-json\/wp\/v2\/comments?post=3"}],"version-history":[{"count":0,"href":"https:\/\/stalko.com\/en\/wp-json\/wp\/v2\/pages\/3\/revisions"}],"wp:attachment":[{"href":"https:\/\/stalko.com\/en\/wp-json\/wp\/v2\/media?parent=3"}],"curies":[{"name":"wp","href":"https:\/\/api.w.org\/{rel}","templated":true}]}}