{"id":260687,"date":"2022-10-12T21:49:30","date_gmt":"2022-10-12T19:49:30","guid":{"rendered":"https:\/\/stalko.com\/?page_id=260687"},"modified":"2022-12-11T17:49:27","modified_gmt":"2022-12-11T16:49:27","slug":"services","status":"publish","type":"page","link":"https:\/\/stalko.com\/fr\/uslugi\/","title":{"rendered":"Services"},"content":{"rendered":"<p>[et_pb_section fb_built=&#8221;1&#8243; disabled_on=&#8221;off|off|off&#8221; admin_label=&#8221;Header Section&#8221; _builder_version=&#8221;4.9.9&#8243; use_background_color_gradient=&#8221;on&#8221; background_color_gradient_start=&#8221;rgba(216,78,89,0.37)&#8221; background_color_gradient_end=&#8221;#d9000d&#8221; background_color_gradient_overlays_image=&#8221;on&#8221; background_image=&#8221;https:\/\/stalko.com\/wp-content\/uploads\/2022\/09\/CNC-Stalko-1.jpg&#8221; custom_margin=&#8221;|||&#8221; custom_padding=&#8221;6vw|0px|6vw|0px&#8221; bottom_divider_style=&#8221;mountains2&#8243; bottom_divider_color=&#8221;rgba(5,41,66,0.3)&#8221; bottom_divider_height=&#8221;20vw&#8221; animation_style=&#8221;slide&#8221; animation_direction=&#8221;top&#8221; animation_intensity_slide=&#8221;3%&#8221; animation_starting_opacity=&#8221;100%&#8221; locked=&#8221;off&#8221;][et_pb_row disabled_on=&#8221;off|off|off&#8221; module_class=&#8221; et_pb_row_fullwidth&#8221; _builder_version=&#8221;3.25&#8243; width=&#8221;89%&#8221; width_tablet=&#8221;80%&#8221; width_phone=&#8221;&#8221; width_last_edited=&#8221;on|desktop&#8221; max_width=&#8221;89%&#8221; max_width_tablet=&#8221;80%&#8221; max_width_phone=&#8221;&#8221; max_width_last_edited=&#8221;on|desktop&#8221; custom_padding=&#8221;|||&#8221; make_fullwidth=&#8221;on&#8221;][et_pb_column type=&#8221;4_4&#8243; _builder_version=&#8221;3.25&#8243; custom_padding=&#8221;|||&#8221; custom_padding__hover=&#8221;|||&#8221;][et_pb_text disabled_on=&#8221;off|off|off&#8221; _builder_version=&#8221;4.9.9&#8243; text_font=&#8221;Montserrat||||||||&#8221; text_font_size=&#8221;22px&#8221; text_line_height=&#8221;1.8em&#8221; header_font=&#8221;Montserrat|600||on|||||&#8221; header_text_align=&#8221;center&#8221; header_font_size=&#8221;8vw&#8221; header_line_height=&#8221;1.5em&#8221; text_orientation=&#8221;center&#8221; background_layout=&#8221;dark&#8221; custom_margin=&#8221;|||&#8221; header_font_size_tablet=&#8221;50px&#8221; header_font_size_phone=&#8221;&#8221; header_font_size_last_edited=&#8221;on|desktop&#8221; header_line_height_tablet=&#8221;1.1em&#8221; header_line_height_phone=&#8221;1.2em&#8221; header_line_height_last_edited=&#8221;off|desktop&#8221;]<\/p>\n<h1>US\u0141UGI<\/h1>\n<p>[\/et_pb_text][\/et_pb_column][\/et_pb_row][\/et_pb_section][et_pb_section fb_built=&#8221;1&#8243; admin_label=&#8221;Blog&#8221; _builder_version=&#8221;4.9.9&#8243; _module_preset=&#8221;default&#8221; background_color=&#8221;#f9f9f9&#8243; custom_padding=&#8221;2px|||||&#8221; animation_style=&#8221;fade&#8221; locked=&#8221;off&#8221; collapsed=&#8221;on&#8221; global_colors_info=&#8221;{}&#8221;][et_pb_row _builder_version=&#8221;4.9.9&#8243; _module_preset=&#8221;default&#8221;][et_pb_column type=&#8221;4_4&#8243; _builder_version=&#8221;4.9.9&#8243; _module_preset=&#8221;default&#8221; custom_padding=&#8221;50px||||false|false&#8221;][et_pb_text _builder_version=&#8221;4.9.9&#8243; _module_preset=&#8221;534cc526-6274-4e31-9e1a-7f18a5947bf1&#8243; header_4_font=&#8221;Oswald|500||on|||||&#8221; header_4_text_color=&#8221;#d9000d&#8221; header_4_font_size=&#8221;14px&#8221; header_4_letter_spacing=&#8221;1px&#8221; header_4_line_height=&#8221;1.3em&#8221; custom_margin=&#8221;||0px||false|false&#8221; header_4_font_size_tablet=&#8221;13px&#8221; header_4_font_size_phone=&#8221;11px&#8221; header_4_font_size_last_edited=&#8221;on|tablet&#8221; locked=&#8221;off&#8221;]<\/p>\n<h4 style=\"text-align: center;\">Us\u0142ugi<\/h4>\n<p>[\/et_pb_text][et_pb_text _builder_version=&#8221;4.9.9&#8243; _module_preset=&#8221;df96b77a-cd4f-44a8-a771-2d6347592b53&#8243; header_2_font=&#8221;Oswald|500||on|||||&#8221; header_2_text_color=&#8221;#1a202c&#8221; header_2_font_size=&#8221;40px&#8221; header_2_letter_spacing=&#8221;1px&#8221; header_2_line_height=&#8221;1.35em&#8221; custom_margin=&#8221;||||false|false&#8221; custom_padding=&#8221;||||false|false&#8221; header_2_font_size_tablet=&#8221;32px&#8221; header_2_font_size_phone=&#8221;17px&#8221; header_2_font_size_last_edited=&#8221;on|phone&#8221; locked=&#8221;off&#8221; header_2_letter_spacing__hover_enabled=&#8221;off|hover&#8221;]<\/p>\n<h2 style=\"text-align: center;\">Oferta STALKO<\/h2>\n<p>[\/et_pb_text][et_pb_text _builder_version=&#8221;4.9.9&#8243; _module_preset=&#8221;default&#8221; text_font=&#8221;Montserrat||||||||&#8221; text_text_color=&#8221;#747d88&#8243; text_font_size=&#8221;16px&#8221; text_line_height=&#8221;1.8em&#8221; text_orientation=&#8221;center&#8221; custom_margin=&#8221;29px||||false|false&#8221; locked=&#8221;off&#8221;]<\/p>\n<p style=\"text-align: left;\"><b>GRUPA STALKO<\/b><span style=\"font-weight: 400;\"> ma do dyspozycji obszar <\/span><b>50 000 m<\/b><b>2<\/b><span style=\"font-weight: 400;\"> z kompleksem hal o \u0142\u0105cznej powierzchni ponad <\/span><b>12 000 m<\/b><b>2<\/b><span style=\"font-weight: 400;\">. Ka\u017cda hala produkcyjna wyposa\u017cona jest w <\/span><b>suwnic\u0119 <\/b><span style=\"font-weight: 400;\">zapewniaj\u0105c\u0105 ud\u017awig od <\/span><b>2,5 do 8 ton<\/b><span style=\"font-weight: 400;\">. Scentralizowanie obszaru dzia\u0142a\u0144 i dogodna lokalizacja, czyni z radomskiej firmy idealnego partnera mog\u0105cego sprosta\u0107 najbardziej wymagaj\u0105cym oczekiwaniom.<\/span><\/p>\n<p style=\"text-align: left;\"><b>STALKO<\/b><span style=\"font-weight: 400;\"> dysponuje nowoczesnym, rozbudowanym parkiem maszynowym, a dzi\u0119ki wieloletniemu do\u015bwiadczeniu w bran\u017cy obr\u00f3bki metali, posiada wyspecjalizowany dzia\u0142 koordynacji, umiej\u0119tnie wsp\u00f3\u0142pracuj\u0105cy z podmiotami zewn\u0119trznymi.<\/span><\/p>\n<p style=\"text-align: left;\"><span style=\"font-weight: 400;\">Dzi\u0119ki umiej\u0119tnemu zarz\u0105dzaniu i dopracowaniu uniwersalnych procedur dotycz\u0105cych poszczeg\u00f3lnych proces\u00f3w produkcyjnych, <\/span><b>STALKO <\/b><span style=\"font-weight: 400;\">pomimo posiadania kilku wiod\u0105cych brand\u00f3w jest w stanie \u015bwiadczy\u0107 dodatkowo us\u0142ugi na zewn\u0119trzne.<\/span><\/p>\n<p style=\"text-align: left;\"><span style=\"font-weight: 400;\">Ze wzgl\u0119du na du\u017ce do\u015bwiadczenie w bran\u017cy produkcyjnej, jeste\u015bmy w stanie nie tylko odwzorowywa\u0107 przekazane nam projekty, ale r\u00f3wnie\u017c opracowywa\u0107 nowe, kompletne rozwi\u0105zania, r\u00f3wnie\u017c <\/span><b>na zasadach OEM<\/b><span style=\"font-weight: 400;\">.<\/span><span style=\"font-weight: 400;\">\u00a0<\/span><\/p>\n<p style=\"text-align: left;\"><span style=\"font-weight: 400;\">Posiadamy do\u015bwiadczony zesp\u00f3\u0142 <\/span><b>konstruktor\u00f3w, automatyk\u00f3w, programist\u00f3w i technolog\u00f3w<\/b><span style=\"font-weight: 400;\">, sprawnie poruszaj\u0105cych si\u0119 w wielu bran\u017cach. Jeste\u015bmy w stanie opracowywa\u0107 pojedyncze urz\u0105dzenia, jak i z\u0142o\u017cone, linie produkcyjne r\u00f3\u017cnego typu, wykorzystuj\u0105ce szeroko poj\u0119t\u0105 automatyzacj\u0119.<\/span><\/p>\n<p style=\"text-align: left;\"><span style=\"font-weight: 400;\">W <\/span><b>STALKO<\/b><span style=\"font-weight: 400;\"> wierzymy, \u017ce firm\u0119 tworz\u0105 ludzie, dlatego z szacunkiem podchodzimy do wszystkich pracownik\u00f3w, co przek\u0142ada si\u0119 na ich bezpo\u015brednie zaanga\u017cowanie w wykonywan\u0105 przez nich prac\u0119.<\/span><\/p>\n<p>[\/et_pb_text][\/et_pb_column][\/et_pb_row][\/et_pb_section][et_pb_section fb_built=&#8221;1&#8243; _builder_version=&#8221;4.9.9&#8243; _module_preset=&#8221;default&#8221;][et_pb_row column_structure=&#8221;1_2,1_2&#8243; _builder_version=&#8221;4.9.9&#8243; _module_preset=&#8221;default&#8221;][et_pb_column type=&#8221;1_2&#8243; _builder_version=&#8221;4.9.9&#8243; _module_preset=&#8221;default&#8221; animation_style=&#8221;slide&#8221; animation_direction=&#8221;left&#8221;][dsm_flipbox flipbox_type=&#8221;slide&#8221; flipbox_height=&#8221;240px&#8221; _builder_version=&#8221;4.9.9&#8243; _module_preset=&#8221;default&#8221; header_font=&#8221;Montserrat||||||||&#8221; content_font=&#8221;Montserrat||||||||&#8221; subhead_font=&#8221;Montserrat||||||||&#8221; background_color=&#8221;#FFFFFF&#8221; link_option_url=&#8221;https:\/\/stalko.com\/uslugi\/ciecia-laserem-cnc\/&#8221; global_colors_info=&#8221;{}&#8221;][dsm_flipbox_child title=&#8221;Ci\u0119cie laserem\/CNC&#8221; button_url_new_window=&#8221;1&#8243; _builder_version=&#8221;4.9.9&#8243; _module_preset=&#8221;default&#8221; header_level=&#8221;h3&#8243; header_font=&#8221;Montserrat|700|||||||&#8221; header_text_align=&#8221;center&#8221; header_text_color=&#8221;#FFFFFF&#8221; content_font=&#8221;Montserrat||||||||&#8221; content_text_color=&#8221;#FFFFFF&#8221; subhead_font=&#8221;Montserrat||||||||&#8221; background_enable_color=&#8221;off&#8221; background_image=&#8221;https:\/\/stalko.com\/wp-content\/uploads\/2022\/11\/Stalko-uslugi-2.png&#8221; background_enable_image=&#8221;on&#8221; text_orientation=&#8221;center&#8221; custom_padding=&#8221;|30px||30px|false|true&#8221; border_radii=&#8221;on|5px|5px|5px|5px&#8221; global_colors_info=&#8221;{}&#8221;][\/dsm_flipbox_child][dsm_flipbox_child alt=&#8221;Easy Robots&#8221; button_url_new_window=&#8221;1&#8243; _builder_version=&#8221;4.9.9&#8243; _module_preset=&#8221;default&#8221; header_level=&#8221;h3&#8243; header_font=&#8221;Montserrat|700|||||||&#8221; header_text_align=&#8221;center&#8221; content_font=&#8221;Montserrat||||||||&#8221; subhead_font=&#8221;Montserrat||||||||&#8221; background_color=&#8221;RGBA(0,0,0,0)&#8221; background_enable_color=&#8221;on&#8221; background_image=&#8221;https:\/\/stalko.com\/wp-content\/uploads\/2022\/11\/Stalko-uslugi-3.png&#8221; background_enable_image=&#8221;on&#8221; border_radii=&#8221;on|5px|5px|5px|5px&#8221; global_colors_info=&#8221;{}&#8221;][\/dsm_flipbox_child][\/dsm_flipbox][dsm_flipbox flipbox_type=&#8221;slide&#8221; flipbox_height=&#8221;240px&#8221; _builder_version=&#8221;4.9.9&#8243; _module_preset=&#8221;default&#8221; header_font=&#8221;Montserrat||||||||&#8221; content_font=&#8221;Montserrat||||||||&#8221; subhead_font=&#8221;Montserrat||||||||&#8221; background_color=&#8221;#FFFFFF&#8221; link_option_url=&#8221;https:\/\/stalko.com\/uslugi\/frezowanie-cnc-toczenie\/&#8221; global_colors_info=&#8221;{}&#8221;][dsm_flipbox_child title=&#8221;Frezowanie CNC\/Toczenie&#8221; button_url_new_window=&#8221;1&#8243; _builder_version=&#8221;4.9.9&#8243; _module_preset=&#8221;default&#8221; header_level=&#8221;h3&#8243; header_font=&#8221;Montserrat|700|||||||&#8221; header_text_align=&#8221;center&#8221; header_text_color=&#8221;#FFFFFF&#8221; content_font=&#8221;Montserrat||||||||&#8221; content_text_color=&#8221;#FFFFFF&#8221; subhead_font=&#8221;Montserrat||||||||&#8221; background_enable_color=&#8221;off&#8221; background_image=&#8221;https:\/\/stalko.com\/wp-content\/uploads\/2022\/11\/Stalko-uslugi-2.png&#8221; background_enable_image=&#8221;on&#8221; text_orientation=&#8221;center&#8221; custom_padding=&#8221;|30px||30px|false|true&#8221; border_radii=&#8221;on|5px|5px|5px|5px&#8221; global_colors_info=&#8221;{}&#8221;][\/dsm_flipbox_child][dsm_flipbox_child alt=&#8221;Easy Robots&#8221; button_url_new_window=&#8221;1&#8243; _builder_version=&#8221;4.9.9&#8243; _module_preset=&#8221;default&#8221; header_level=&#8221;h3&#8243; header_font=&#8221;Montserrat|700|||||||&#8221; header_text_align=&#8221;center&#8221; content_font=&#8221;Montserrat||||||||&#8221; subhead_font=&#8221;Montserrat||||||||&#8221; background_color=&#8221;RGBA(0,0,0,0)&#8221; background_enable_color=&#8221;on&#8221; background_image=&#8221;https:\/\/stalko.com\/wp-content\/uploads\/2022\/11\/Stalko-uslugi-3.png&#8221; background_enable_image=&#8221;on&#8221; border_radii=&#8221;on|5px|5px|5px|5px&#8221; global_colors_info=&#8221;{}&#8221;][\/dsm_flipbox_child][\/dsm_flipbox][dsm_flipbox flipbox_type=&#8221;slide&#8221; flipbox_height=&#8221;240px&#8221; _builder_version=&#8221;4.9.9&#8243; _module_preset=&#8221;default&#8221; header_font=&#8221;Montserrat||||||||&#8221; content_font=&#8221;Montserrat||||||||&#8221; subhead_font=&#8221;Montserrat||||||||&#8221; background_color=&#8221;#FFFFFF&#8221; link_option_url=&#8221;https:\/\/stalko.com\/uslugi\/obrobka-szkla\/&#8221; global_colors_info=&#8221;{}&#8221;][dsm_flipbox_child title=&#8221;Obr\u00f3bka szk\u0142a&#8221; button_url_new_window=&#8221;1&#8243; _builder_version=&#8221;4.9.9&#8243; _module_preset=&#8221;default&#8221; header_level=&#8221;h3&#8243; header_font=&#8221;Montserrat|700|||||||&#8221; header_text_align=&#8221;center&#8221; header_text_color=&#8221;#FFFFFF&#8221; content_font=&#8221;Montserrat||||||||&#8221; content_text_color=&#8221;#FFFFFF&#8221; subhead_font=&#8221;Montserrat||||||||&#8221; background_enable_color=&#8221;off&#8221; background_image=&#8221;https:\/\/stalko.com\/wp-content\/uploads\/2022\/11\/Stalko-uslugi-2.png&#8221; background_enable_image=&#8221;on&#8221; text_orientation=&#8221;center&#8221; custom_padding=&#8221;|30px||30px|false|true&#8221; border_radii=&#8221;on|5px|5px|5px|5px&#8221; global_colors_info=&#8221;{}&#8221;][\/dsm_flipbox_child][dsm_flipbox_child alt=&#8221;Easy Robots&#8221; button_url_new_window=&#8221;1&#8243; _builder_version=&#8221;4.9.9&#8243; _module_preset=&#8221;default&#8221; header_level=&#8221;h3&#8243; header_font=&#8221;Montserrat|700|||||||&#8221; header_text_align=&#8221;center&#8221; content_font=&#8221;Montserrat||||||||&#8221; subhead_font=&#8221;Montserrat||||||||&#8221; background_color=&#8221;RGBA(0,0,0,0)&#8221; background_enable_color=&#8221;on&#8221; background_image=&#8221;https:\/\/stalko.com\/wp-content\/uploads\/2022\/11\/Stalko-uslugi-3.png&#8221; background_enable_image=&#8221;on&#8221; border_radii=&#8221;on|5px|5px|5px|5px&#8221; global_colors_info=&#8221;{}&#8221;][\/dsm_flipbox_child][\/dsm_flipbox][\/et_pb_column][et_pb_column type=&#8221;1_2&#8243; _builder_version=&#8221;4.9.9&#8243; _module_preset=&#8221;default&#8221; animation_style=&#8221;slide&#8221; animation_direction=&#8221;right&#8221;][dsm_flipbox flipbox_type=&#8221;slide&#8221; flipbox_height=&#8221;240px&#8221; _builder_version=&#8221;4.9.9&#8243; _module_preset=&#8221;default&#8221; header_font=&#8221;Montserrat||||||||&#8221; content_font=&#8221;Montserrat||||||||&#8221; subhead_font=&#8221;Montserrat||||||||&#8221; background_color=&#8221;#FFFFFF&#8221; link_option_url=&#8221;https:\/\/stalko.com\/uslugi\/giecie\/&#8221; global_colors_info=&#8221;{}&#8221;][dsm_flipbox_child title=&#8221;Gi\u0119cie&#8221; button_url_new_window=&#8221;1&#8243; _builder_version=&#8221;4.9.9&#8243; _module_preset=&#8221;default&#8221; header_level=&#8221;h3&#8243; header_font=&#8221;Montserrat|700|||||||&#8221; header_text_align=&#8221;center&#8221; header_text_color=&#8221;#FFFFFF&#8221; content_font=&#8221;Montserrat||||||||&#8221; content_text_color=&#8221;#FFFFFF&#8221; subhead_font=&#8221;Montserrat||||||||&#8221; background_enable_color=&#8221;off&#8221; background_image=&#8221;https:\/\/stalko.com\/wp-content\/uploads\/2022\/11\/Stalko-uslugi-2.png&#8221; background_enable_image=&#8221;on&#8221; text_orientation=&#8221;center&#8221; custom_padding=&#8221;|30px||30px|false|true&#8221; border_radii=&#8221;on|5px|5px|5px|5px&#8221; global_colors_info=&#8221;{}&#8221;][\/dsm_flipbox_child][dsm_flipbox_child alt=&#8221;Easy Robots&#8221; button_url_new_window=&#8221;1&#8243; _builder_version=&#8221;4.9.9&#8243; _module_preset=&#8221;default&#8221; header_level=&#8221;h3&#8243; header_font=&#8221;Montserrat|700|||||||&#8221; header_text_align=&#8221;center&#8221; content_font=&#8221;Montserrat||||||||&#8221; subhead_font=&#8221;Montserrat||||||||&#8221; background_color=&#8221;RGBA(0,0,0,0)&#8221; background_enable_color=&#8221;on&#8221; background_image=&#8221;https:\/\/stalko.com\/wp-content\/uploads\/2022\/11\/Stalko-uslugi-3.png&#8221; background_enable_image=&#8221;on&#8221; border_radii=&#8221;on|5px|5px|5px|5px&#8221; global_colors_info=&#8221;{}&#8221;][\/dsm_flipbox_child][\/dsm_flipbox][dsm_flipbox flipbox_type=&#8221;slide&#8221; flipbox_height=&#8221;240px&#8221; _builder_version=&#8221;4.9.9&#8243; _module_preset=&#8221;default&#8221; header_font=&#8221;Montserrat||||||||&#8221; content_font=&#8221;Montserrat||||||||&#8221; subhead_font=&#8221;Montserrat||||||||&#8221; background_color=&#8221;#FFFFFF&#8221; link_option_url=&#8221;https:\/\/stalko.com\/uslugi\/spawanie\/&#8221; global_colors_info=&#8221;{}&#8221;][dsm_flipbox_child title=&#8221;Spawanie&#8221; button_url_new_window=&#8221;1&#8243; _builder_version=&#8221;4.9.9&#8243; _module_preset=&#8221;default&#8221; header_level=&#8221;h3&#8243; header_font=&#8221;Montserrat|700|||||||&#8221; header_text_align=&#8221;center&#8221; header_text_color=&#8221;#FFFFFF&#8221; content_font=&#8221;Montserrat||||||||&#8221; content_text_color=&#8221;#FFFFFF&#8221; subhead_font=&#8221;Montserrat||||||||&#8221; background_enable_color=&#8221;off&#8221; background_image=&#8221;https:\/\/stalko.com\/wp-content\/uploads\/2022\/11\/Stalko-uslugi-2.png&#8221; background_enable_image=&#8221;on&#8221; text_orientation=&#8221;center&#8221; custom_padding=&#8221;|30px||30px|false|true&#8221; border_radii=&#8221;on|5px|5px|5px|5px&#8221; global_colors_info=&#8221;{}&#8221;][\/dsm_flipbox_child][dsm_flipbox_child alt=&#8221;Easy Robots&#8221; button_url_new_window=&#8221;1&#8243; _builder_version=&#8221;4.9.9&#8243; _module_preset=&#8221;default&#8221; header_level=&#8221;h3&#8243; header_font=&#8221;Montserrat|700|||||||&#8221; header_text_align=&#8221;center&#8221; content_font=&#8221;Montserrat||||||||&#8221; subhead_font=&#8221;Montserrat||||||||&#8221; background_color=&#8221;RGBA(0,0,0,0)&#8221; background_enable_color=&#8221;on&#8221; background_image=&#8221;https:\/\/stalko.com\/wp-content\/uploads\/2022\/11\/Stalko-uslugi-3.png&#8221; background_enable_image=&#8221;on&#8221; border_radii=&#8221;on|5px|5px|5px|5px&#8221; global_colors_info=&#8221;{}&#8221;][\/dsm_flipbox_child][\/dsm_flipbox][dsm_flipbox flipbox_type=&#8221;slide&#8221; flipbox_height=&#8221;240px&#8221; _builder_version=&#8221;4.9.9&#8243; _module_preset=&#8221;default&#8221; header_font=&#8221;Montserrat||||||||&#8221; content_font=&#8221;Montserrat||||||||&#8221; subhead_font=&#8221;Montserrat||||||||&#8221; background_color=&#8221;#FFFFFF&#8221; link_option_url=&#8221;https:\/\/stalko.com\/uslugi\/dodatkowe-uslugi\/&#8221; global_colors_info=&#8221;{}&#8221;][dsm_flipbox_child title=&#8221;Dodatkowe us\u0142ugi&#8221; button_url_new_window=&#8221;1&#8243; _builder_version=&#8221;4.9.9&#8243; _module_preset=&#8221;default&#8221; header_level=&#8221;h3&#8243; header_font=&#8221;Montserrat|700|||||||&#8221; header_text_align=&#8221;center&#8221; header_text_color=&#8221;#FFFFFF&#8221; content_font=&#8221;Montserrat||||||||&#8221; content_text_color=&#8221;#FFFFFF&#8221; subhead_font=&#8221;Montserrat||||||||&#8221; background_enable_color=&#8221;off&#8221; background_image=&#8221;https:\/\/stalko.com\/wp-content\/uploads\/2022\/11\/Stalko-uslugi-2.png&#8221; background_enable_image=&#8221;on&#8221; text_orientation=&#8221;center&#8221; custom_padding=&#8221;|30px||30px|false|true&#8221; border_radii=&#8221;on|5px|5px|5px|5px&#8221; global_colors_info=&#8221;{}&#8221;][\/dsm_flipbox_child][dsm_flipbox_child alt=&#8221;Easy Robots&#8221; button_url_new_window=&#8221;1&#8243; _builder_version=&#8221;4.9.9&#8243; _module_preset=&#8221;default&#8221; header_level=&#8221;h3&#8243; header_font=&#8221;Montserrat|700|||||||&#8221; header_text_align=&#8221;center&#8221; content_font=&#8221;Montserrat||||||||&#8221; subhead_font=&#8221;Montserrat||||||||&#8221; background_color=&#8221;RGBA(0,0,0,0)&#8221; background_enable_color=&#8221;on&#8221; background_image=&#8221;https:\/\/stalko.com\/wp-content\/uploads\/2022\/11\/Stalko-uslugi-3.png&#8221; background_enable_image=&#8221;on&#8221; border_radii=&#8221;on|5px|5px|5px|5px&#8221; global_colors_info=&#8221;{}&#8221;][\/dsm_flipbox_child][\/dsm_flipbox][\/et_pb_column][\/et_pb_row][\/et_pb_section][et_pb_section fb_built=&#8221;1&#8243; disabled_on=&#8221;off|off|off&#8221; admin_label=&#8221;Stats&#8221; _builder_version=&#8221;4.9.9&#8243; use_background_color_gradient=&#8221;on&#8221; background_color_gradient_start=&#8221;rgba(216,84,91,0.3)&#8221; background_color_gradient_end=&#8221;#d9000d&#8221; background_color_gradient_overlays_image=&#8221;on&#8221; background_image=&#8221;https:\/\/stalko.com\/wp-content\/uploads\/2022\/09\/CNC-Stalko-4.png&#8221; max_width=&#8221;1920px&#8221; min_height=&#8221;438px&#8221; custom_margin=&#8221;||0px||false|false&#8221; custom_padding=&#8221;||0px||false|false&#8221; bottom_divider_style=&#8221;mountains2&#8243; bottom_divider_color=&#8221;rgba(5,41,66,0.3)&#8221; bottom_divider_height=&#8221;12vw&#8221; locked=&#8221;off&#8221;][et_pb_row admin_label=&#8221;Wiersz&#8221; _builder_version=&#8221;4.9.9&#8243; _module_preset=&#8221;default&#8221; custom_margin=&#8221;||||false|false&#8221; custom_padding=&#8221;||||false|false&#8221;][et_pb_column type=&#8221;4_4&#8243; _builder_version=&#8221;4.9.9&#8243; _module_preset=&#8221;default&#8221;][et_pb_text admin_label=&#8221;Title&#8221; _builder_version=&#8221;4.9.9&#8243; text_font=&#8221;Montserrat||||||||&#8221; text_text_color=&#8221;#FFFFFF&#8221; text_font_size=&#8221;16px&#8221; text_line_height=&#8221;1.9em&#8221; header_font=&#8221;||||||||&#8221; header_text_align=&#8221;left&#8221; header_text_color=&#8221;#FFFFFF&#8221; header_2_font=&#8221;Montserrat|700||on|||||&#8221; header_2_text_color=&#8221;#FFFFFF&#8221; header_2_font_size=&#8221;42px&#8221; header_2_line_height=&#8221;1.3em&#8221; width=&#8221;100%&#8221; max_width=&#8221;1200px&#8221; module_alignment=&#8221;center&#8221; animation_style=&#8221;slide&#8221; animation_direction=&#8221;bottom&#8221; animation_intensity_slide=&#8221;4%&#8221; header_2_font_size_tablet=&#8221;&#8221; header_2_font_size_phone=&#8221;29px&#8221; header_2_font_size_last_edited=&#8221;on|phone&#8221; locked=&#8221;off&#8221;]<\/p>\n<h2 style=\"text-align: center;\">Zainteresowany wsp\u00f3\u0142prac\u0105?<\/h2>\n<p>[\/et_pb_text][et_pb_text _builder_version=&#8221;4.9.9&#8243; _module_preset=&#8221;default&#8221; text_text_color=&#8221;#FFFFFF&#8221; text_font_size=&#8221;19px&#8221; text_letter_spacing=&#8221;4px&#8221;]<\/p>\n<p style=\"text-align: center;\">Skontaktuj si\u0119 z nami, udzielimy szczeg\u00f3\u0142owych informacji na ka\u017cdy produkt z naszej oferty. Oferujemy konkurencyjne ceny oraz mo\u017cliwo\u015bc d\u0142u\u017cszej wsp\u00f3\u0142pracy.<\/p>\n<p>[\/et_pb_text][et_pb_button button_url=&#8221;https:\/\/stalko.com\/kontakt\/&#8221; button_text=&#8221;WY\u015aLIJ ZAPYTANIE&#8221; button_alignment=&#8221;center&#8221; admin_label=&#8221;Przycisk&#8221; _builder_version=&#8221;4.9.9&#8243; _module_preset=&#8221;default&#8221; custom_button=&#8221;on&#8221; button_text_size=&#8221;20px&#8221; button_text_color=&#8221;#d9000d&#8221; button_bg_color=&#8221;#FFFFFF&#8221; button_border_width=&#8221;0px&#8221; button_border_color=&#8221;#d9000d&#8221; button_border_radius=&#8221;7px&#8221; locked=&#8221;off&#8221;][\/et_pb_button][\/et_pb_column][\/et_pb_row][\/et_pb_section]<\/p>\n","protected":false},"excerpt":{"rendered":"<p>[et_pb_section fb_built=&#8221;1&#8243; disabled_on=&#8221;off|off|off&#8221; admin_label=&#8221;Header Section&#8221; _builder_version=&#8221;4.9.9&#8243; use_background_color_gradient=&#8221;on&#8221; background_color_gradient_start=&#8221;rgba(216,78,89,0.37)&#8221; background_color_gradient_end=&#8221;#d9000d&#8221; background_color_gradient_overlays_image=&#8221;on&#8221; background_image=&#8221;https:\/\/stalko.com\/wp-content\/uploads\/2022\/09\/CNC-Stalko-1.jpg&#8221; custom_margin=&#8221;|||&#8221; custom_padding=&#8221;6vw|0px|6vw|0px&#8221; bottom_divider_style=&#8221;mountains2&#8243; bottom_divider_color=&#8221;rgba(5,41,66,0.3)&#8221; bottom_divider_height=&#8221;20vw&#8221; animation_style=&#8221;slide&#8221; animation_direction=&#8221;top&#8221; animation_intensity_slide=&#8221;3%&#8221; animation_starting_opacity=&#8221;100%&#8221; locked=&#8221;off&#8221;][et_pb_row disabled_on=&#8221;off|off|off&#8221; module_class=&#8221; et_pb_row_fullwidth&#8221; _builder_version=&#8221;3.25&#8243; width=&#8221;89%&#8221; width_tablet=&#8221;80%&#8221; width_phone=&#8221;&#8221; width_last_edited=&#8221;on|desktop&#8221; max_width=&#8221;89%&#8221; max_width_tablet=&#8221;80%&#8221; max_width_phone=&#8221;&#8221; max_width_last_edited=&#8221;on|desktop&#8221; custom_padding=&#8221;|||&#8221; make_fullwidth=&#8221;on&#8221;][et_pb_column type=&#8221;4_4&#8243; _builder_version=&#8221;3.25&#8243; custom_padding=&#8221;|||&#8221; custom_padding__hover=&#8221;|||&#8221;][et_pb_text disabled_on=&#8221;off|off|off&#8221; _builder_version=&#8221;4.9.9&#8243; text_font=&#8221;Montserrat||||||||&#8221; text_font_size=&#8221;22px&#8221; text_line_height=&#8221;1.8em&#8221; header_font=&#8221;Montserrat|600||on|||||&#8221; header_text_align=&#8221;center&#8221; header_font_size=&#8221;8vw&#8221; header_line_height=&#8221;1.5em&#8221; text_orientation=&#8221;center&#8221; background_layout=&#8221;dark&#8221; custom_margin=&#8221;|||&#8221; header_font_size_tablet=&#8221;50px&#8221; header_font_size_phone=&#8221;&#8221; header_font_size_last_edited=&#8221;on|desktop&#8221; header_line_height_tablet=&#8221;1.1em&#8221; [&hellip;]<\/p>\n","protected":false},"author":1,"featured_media":0,"parent":0,"menu_order":0,"comment_status":"closed","ping_status":"closed","template":"","meta":{"_et_pb_use_builder":"on","_et_pb_old_content":"","_et_gb_content_width":"","_monsterinsights_skip_tracking":false,"_monsterinsights_sitenote_active":false,"_monsterinsights_sitenote_note":"","_monsterinsights_sitenote_category":0,"footnotes":""},"class_list":["post-260687","page","type-page","status-publish","hentry"],"_links":{"self":[{"href":"https:\/\/stalko.com\/fr\/wp-json\/wp\/v2\/pages\/260687","targetHints":{"allow":["GET"]}}],"collection":[{"href":"https:\/\/stalko.com\/fr\/wp-json\/wp\/v2\/pages"}],"about":[{"href":"https:\/\/stalko.com\/fr\/wp-json\/wp\/v2\/types\/page"}],"author":[{"embeddable":true,"href":"https:\/\/stalko.com\/fr\/wp-json\/wp\/v2\/users\/1"}],"replies":[{"embeddable":true,"href":"https:\/\/stalko.com\/fr\/wp-json\/wp\/v2\/comments?post=260687"}],"version-history":[{"count":0,"href":"https:\/\/stalko.com\/fr\/wp-json\/wp\/v2\/pages\/260687\/revisions"}],"wp:attachment":[{"href":"https:\/\/stalko.com\/fr\/wp-json\/wp\/v2\/media?parent=260687"}],"curies":[{"name":"wp","href":"https:\/\/api.w.org\/{rel}","templated":true}]}}