{"id":260897,"date":"2022-11-01T13:34:52","date_gmt":"2022-11-01T12:34:52","guid":{"rendered":"https:\/\/stalko.com\/?page_id=260897"},"modified":"2026-03-24T09:01:10","modified_gmt":"2026-03-24T08:01:10","slug":"carriere","status":"publish","type":"page","link":"https:\/\/stalko.com\/fr\/kariera\/","title":{"rendered":"Carri\u00e8re"},"content":{"rendered":"<p>[et_pb_section fb_built=&#8221;1&#8243; disabled_on=&#8221;off|off|off&#8221; admin_label=&#8221;Header Section&#8221; _builder_version=&#8221;4.9.9&#8243; use_background_color_gradient=&#8221;on&#8221; background_color_gradient_start=&#8221;rgba(216,78,89,0.37)&#8221; background_color_gradient_end=&#8221;#d9000d&#8221; background_color_gradient_overlays_image=&#8221;on&#8221; background_image=&#8221;https:\/\/stalko.com\/wp-content\/uploads\/2022\/09\/CNC-Stalko-1.jpg&#8221; custom_margin=&#8221;|||&#8221; custom_padding=&#8221;6vw|0px|6vw|0px&#8221; bottom_divider_style=&#8221;mountains2&#8243; bottom_divider_color=&#8221;rgba(5,41,66,0.3)&#8221; bottom_divider_height=&#8221;20vw&#8221; animation_style=&#8221;slide&#8221; animation_direction=&#8221;top&#8221; animation_intensity_slide=&#8221;3%&#8221; animation_starting_opacity=&#8221;100%&#8221; locked=&#8221;off&#8221;][et_pb_row disabled_on=&#8221;off|off|off&#8221; module_class=&#8221; et_pb_row_fullwidth&#8221; _builder_version=&#8221;3.25&#8243; width=&#8221;89%&#8221; width_tablet=&#8221;80%&#8221; width_phone=&#8221;&#8221; width_last_edited=&#8221;on|desktop&#8221; max_width=&#8221;89%&#8221; max_width_tablet=&#8221;80%&#8221; max_width_phone=&#8221;&#8221; max_width_last_edited=&#8221;on|desktop&#8221; custom_padding=&#8221;|||&#8221; make_fullwidth=&#8221;on&#8221;][et_pb_column type=&#8221;4_4&#8243; _builder_version=&#8221;3.25&#8243; custom_padding=&#8221;|||&#8221; custom_padding__hover=&#8221;|||&#8221;][et_pb_text disabled_on=&#8221;off|off|off&#8221; _builder_version=&#8221;4.9.9&#8243; text_font=&#8221;Montserrat||||||||&#8221; text_font_size=&#8221;22px&#8221; text_line_height=&#8221;1.8em&#8221; header_font=&#8221;Montserrat|600||on|||||&#8221; header_text_align=&#8221;center&#8221; header_font_size=&#8221;8vw&#8221; header_line_height=&#8221;1.5em&#8221; text_orientation=&#8221;center&#8221; background_layout=&#8221;dark&#8221; custom_margin=&#8221;|||&#8221; header_font_size_tablet=&#8221;50px&#8221; header_font_size_phone=&#8221;&#8221; header_font_size_last_edited=&#8221;on|desktop&#8221; header_line_height_tablet=&#8221;1.1em&#8221; header_line_height_phone=&#8221;1.2em&#8221; header_line_height_last_edited=&#8221;off|desktop&#8221;]<\/p>\n<h1>KARIERA<\/h1>\n<p>[\/et_pb_text][\/et_pb_column][\/et_pb_row][\/et_pb_section][et_pb_section fb_built=&#8221;1&#8243; admin_label=&#8221;About&#8221; _builder_version=&#8221;4.18.0&#8243; _module_preset=&#8221;default&#8221; custom_padding=&#8221;0px||0px||true|false&#8221; locked=&#8221;off&#8221; collapsed=&#8221;on&#8221; global_colors_info=&#8221;{}&#8221;][et_pb_row column_structure=&#8221;1_2,1_2&#8243; use_custom_gutter=&#8221;on&#8221; gutter_width=&#8221;1&#8243; make_equal=&#8221;on&#8221; _builder_version=&#8221;4.9.9&#8243; _module_preset=&#8221;default&#8221; width=&#8221;100%&#8221; max_width=&#8221;100%&#8221; custom_padding=&#8221;0px||0px||true|false&#8221; global_colors_info=&#8221;{}&#8221;][et_pb_column type=&#8221;1_2&#8243; _builder_version=&#8221;4.9.9&#8243; _module_preset=&#8221;default&#8221; background_image=&#8221;https:\/\/stalko.com\/wp-content\/uploads\/2022\/11\/job-g23d8aa97a_1280.jpg&#8221; background_position=&#8221;top_center&#8221; global_colors_info=&#8221;{}&#8221;][et_pb_divider show_divider=&#8221;off&#8221; _builder_version=&#8221;4.18.0&#8243; _module_preset=&#8221;default&#8221; height_tablet=&#8221;60vw&#8221; height_phone=&#8221;60vw&#8221; height_last_edited=&#8221;on|desktop&#8221; global_colors_info=&#8221;{}&#8221;][\/et_pb_divider][\/et_pb_column][et_pb_column type=&#8221;1_2&#8243; _builder_version=&#8221;4.18.0&#8243; _module_preset=&#8221;default&#8221; custom_padding=&#8221;8%|10%|8%|10%|true|true&#8221; global_colors_info=&#8221;{}&#8221;][dsm_perspective_image src=&#8221;https:\/\/stalko.com\/wp-content\/uploads\/2022\/09\/stalko_logo_b.png&#8221; title_text=&#8221;stalko_logo_b&#8221; url=&#8221;https:\/\/hitze.pl&#8221; url_new_window=&#8221;on&#8221; dsm_rotate_x=&#8221;10deg&#8221; _builder_version=&#8221;4.9.9&#8243; _module_preset=&#8221;default&#8221; dsm_rotate_y__hover_enabled=&#8221;on|hover&#8221; dsm_rotate_y__hover=&#8221;16deg&#8221;][\/dsm_perspective_image][et_pb_text _builder_version=&#8221;4.9.9&#8243; _module_preset=&#8221;default&#8221; text_font=&#8221;Montserrat||||||||&#8221; text_text_color=&#8221;#747d88&#8243; text_font_size=&#8221;16px&#8221; text_line_height=&#8221;1.8em&#8221; text_orientation=&#8221;center&#8221; custom_margin=&#8221;29px||||false|false&#8221; locked=&#8221;off&#8221;]<\/p>\n<p style=\"text-align: left;\"><b>GRUPA STALKO <\/b><span style=\"font-weight: 400;\">w obr\u0119bie kt\u00f3rej dzia\u0142aj\u0105 brandy HITZE, LORRIES, EASY ROBOTS STALKO, SORTER, pozyskuje pracownik\u00f3w w ramach rekrutacji wewn\u0119trznej i zewn\u0119trznej z zachowaniem wszystkich zasad zr\u00f3wnowa\u017conego rozwoju. Wybieraj\u0105c naszych przysz\u0142ych pracownik\u00f3w zwracamy uwag\u0119 na ich poziom kompetencji bez wzgl\u0119du na wygl\u0105d, p\u0142e\u0107, orientacj\u0119, czy wyznanie.<\/span><\/p>\n<p>[\/et_pb_text][\/et_pb_column][\/et_pb_row][\/et_pb_section][et_pb_section fb_built=&#8221;1&#8243; admin_label=&#8221;Blog&#8221; _builder_version=&#8221;4.9.9&#8243; _module_preset=&#8221;default&#8221; background_color=&#8221;#f9f9f9&#8243; locked=&#8221;off&#8221; collapsed=&#8221;on&#8221; global_colors_info=&#8221;{}&#8221;][et_pb_row column_structure=&#8221;1_2,1_2&#8243; _builder_version=&#8221;4.9.9&#8243; _module_preset=&#8221;default&#8221;][et_pb_column type=&#8221;1_2&#8243; _builder_version=&#8221;4.9.9&#8243; _module_preset=&#8221;default&#8221; custom_padding=&#8221;50px||||false|false&#8221;][et_pb_text _builder_version=&#8221;4.9.9&#8243; _module_preset=&#8221;534cc526-6274-4e31-9e1a-7f18a5947bf1&#8243; header_4_font=&#8221;Oswald|500||on|||||&#8221; header_4_text_color=&#8221;#d9000d&#8221; header_4_font_size=&#8221;14px&#8221; header_4_letter_spacing=&#8221;1px&#8221; header_4_line_height=&#8221;1.3em&#8221; custom_margin=&#8221;||0px||false|false&#8221; header_4_font_size_tablet=&#8221;13px&#8221; header_4_font_size_phone=&#8221;11px&#8221; header_4_font_size_last_edited=&#8221;on|tablet&#8221; locked=&#8221;off&#8221;]<\/p>\n<h4 style=\"text-align: center;\">Kogo szukamy?<\/h4>\n<p>[\/et_pb_text][et_pb_text _builder_version=&#8221;4.9.9&#8243; _module_preset=&#8221;df96b77a-cd4f-44a8-a771-2d6347592b53&#8243; header_2_font=&#8221;Oswald|500||on|||||&#8221; header_2_text_color=&#8221;#1a202c&#8221; header_2_font_size=&#8221;40px&#8221; header_2_letter_spacing=&#8221;1px&#8221; header_2_line_height=&#8221;1.35em&#8221; custom_margin=&#8221;||||false|false&#8221; custom_padding=&#8221;||||false|false&#8221; header_2_font_size_tablet=&#8221;32px&#8221; header_2_font_size_phone=&#8221;17px&#8221; header_2_font_size_last_edited=&#8221;on|phone&#8221; locked=&#8221;off&#8221; header_2_letter_spacing__hover_enabled=&#8221;off|hover&#8221;]<\/p>\n<h2 style=\"text-align: center;\">Jak wygl\u0105da proces rekrutacji?<\/h2>\n<p>[\/et_pb_text][et_pb_text _builder_version=&#8221;4.9.9&#8243; _module_preset=&#8221;default&#8221; text_font=&#8221;Montserrat||||||||&#8221; text_text_color=&#8221;#747d88&#8243; text_font_size=&#8221;16px&#8221; text_line_height=&#8221;1.8em&#8221; text_orientation=&#8221;center&#8221; custom_margin=&#8221;29px||||false|false&#8221; locked=&#8221;off&#8221;]<\/p>\n<p style=\"text-align: left;\"><span style=\"font-weight: 400;\">Og\u0142oszenie o prac\u0119 publikujemy na naszych stronach internetowych oraz w prasie i portalach bran\u017cowych, umo\u017cliwiaj\u0105c r\u00f3wny dost\u0119p do oferty wszystkim potencjalnym kandydatom. Na tym etapie preferujemy kontakt mailowy. Proces rekrutacji przebiega wed\u0142ug poni\u017cszego schematu.<\/span><\/p>\n<p>[\/et_pb_text][dnxte_feature_list_parent _builder_version=&#8221;4.9.9&#8243; _module_preset=&#8221;default&#8221; custom_padding=&#8221;16px||0px|15px|false|false&#8221;][dnxte_feature_list_child dnxte_feature_list_title=&#8221;Og\u0142oszenie&#8221; dnxte_feature_list_icon_color=&#8221;#d9000d&#8221; _builder_version=&#8221;4.9.9&#8243; _module_preset=&#8221;default&#8221; module_font=&#8221;Montserrat||||||||&#8221; module_text_color=&#8221;#747d88&#8243; module_font_size=&#8221;16px&#8221;][\/dnxte_feature_list_child][dnxte_feature_list_child dnxte_feature_list_title=&#8221;Analiza otrzymanych aplikacji&#8221; dnxte_feature_list_icon_color=&#8221;#d9000d&#8221; _builder_version=&#8221;4.9.9&#8243; _module_preset=&#8221;default&#8221; module_font=&#8221;Montserrat||||||||&#8221; module_text_color=&#8221;#747d88&#8243; module_font_size=&#8221;16px&#8221;][\/dnxte_feature_list_child][dnxte_feature_list_child dnxte_feature_list_title=&#8221;Rozmowa kwalifikacyjna po\u0142\u0105czona z cz\u0119\u015bci\u0105 techniczn\u0105&#8221; dnxte_feature_list_icon_color=&#8221;#d9000d&#8221; _builder_version=&#8221;4.9.9&#8243; _module_preset=&#8221;default&#8221; module_font=&#8221;Montserrat||||||||&#8221; module_text_color=&#8221;#747d88&#8243; module_font_size=&#8221;16px&#8221;][\/dnxte_feature_list_child][dnxte_feature_list_child dnxte_feature_list_title=&#8221;Wyniki procesu rekrutacyjnego&#8221; dnxte_feature_list_icon_color=&#8221;#d9000d&#8221; _builder_version=&#8221;4.9.9&#8243; _module_preset=&#8221;default&#8221; module_font=&#8221;Montserrat||||||||&#8221; module_text_color=&#8221;#747d88&#8243; module_font_size=&#8221;16px&#8221;][\/dnxte_feature_list_child][\/dnxte_feature_list_parent][et_pb_text _builder_version=&#8221;4.9.9&#8243; _module_preset=&#8221;default&#8221; text_font=&#8221;Montserrat||||||||&#8221; text_text_color=&#8221;#747d88&#8243; text_font_size=&#8221;16px&#8221; text_line_height=&#8221;1.8em&#8221; text_orientation=&#8221;center&#8221; custom_margin=&#8221;29px||||false|false&#8221; locked=&#8221;off&#8221;]<\/p>\n<p style=\"text-align: left;\"><span style=\"font-weight: 400;\">Je\u017celi aktualnie nie prowadzimy rekrutacji na wybrane przez Ciebie stanowisko, to nie oznacza, \u017ce nie mo\u017cesz nam wys\u0142a\u0107 swojej aplikacji. Nieustannie tworzymy baz\u0119 fachowc\u00f3w, z kt\u00f3rymi mo\u017cemy nawi\u0105za\u0107 wsp\u00f3\u0142prac\u0119 w przysz\u0142o\u015bci. Zach\u0119camy do wysy\u0142ania swoich CV na adres <\/span><a href=\"mailto:rekrutacja@stalko.com\"><span style=\"font-weight: 400;\">rekrutacja@stalko.com<\/span><\/a><\/p>\n<p>[\/et_pb_text][\/et_pb_column][et_pb_column type=&#8221;1_2&#8243; _builder_version=&#8221;4.9.9&#8243; _module_preset=&#8221;default&#8221;][dsm_masonry_gallery gallery_ids=&#8221;260905&#8243; columns=&#8221;1&#8243; use_overlay=&#8221;on&#8221; use_lightbox=&#8221;on&#8221; overlay_color=&#8221;rgba(217,0,13,0.66)&#8221; columns_tablet=&#8221;1&#8243; columns_phone=&#8221;1&#8243; columns_last_edited=&#8221;on|tablet&#8221; _builder_version=&#8221;4.9.9&#8243; _module_preset=&#8221;default&#8221; custom_padding=&#8221;57px||||false|false&#8221; link_option_url_new_window=&#8221;on&#8221;][\/dsm_masonry_gallery][\/et_pb_column][\/et_pb_row][\/et_pb_section][et_pb_section fb_built=&#8221;1&#8243; _builder_version=&#8221;4.9.9&#8243; _module_preset=&#8221;default&#8221;][et_pb_row _builder_version=&#8221;4.9.9&#8243; _module_preset=&#8221;default&#8221;][et_pb_column type=&#8221;4_4&#8243; _builder_version=&#8221;4.9.9&#8243; _module_preset=&#8221;default&#8221;][et_pb_text _builder_version=&#8221;4.9.9&#8243; _module_preset=&#8221;534cc526-6274-4e31-9e1a-7f18a5947bf1&#8243; header_4_font=&#8221;Oswald|500||on|||||&#8221; header_4_text_color=&#8221;#d9000d&#8221; header_4_font_size=&#8221;14px&#8221; header_4_letter_spacing=&#8221;1px&#8221; header_4_line_height=&#8221;1.3em&#8221; custom_margin=&#8221;||0px||false|false&#8221; header_4_font_size_tablet=&#8221;13px&#8221; header_4_font_size_phone=&#8221;11px&#8221; header_4_font_size_last_edited=&#8221;on|tablet&#8221; locked=&#8221;off&#8221;]<\/p>\n<h4 style=\"text-align: center;\">Szukasz pracy?<\/h4>\n<p>[\/et_pb_text][et_pb_text _builder_version=&#8221;4.9.9&#8243; _module_preset=&#8221;df96b77a-cd4f-44a8-a771-2d6347592b53&#8243; header_2_font=&#8221;Oswald|500||on|||||&#8221; header_2_text_color=&#8221;#1a202c&#8221; header_2_font_size=&#8221;40px&#8221; header_2_letter_spacing=&#8221;1px&#8221; header_2_line_height=&#8221;1.35em&#8221; custom_margin=&#8221;||||false|false&#8221; custom_padding=&#8221;||||false|false&#8221; header_2_font_size_tablet=&#8221;32px&#8221; header_2_font_size_phone=&#8221;17px&#8221; header_2_font_size_last_edited=&#8221;on|phone&#8221; locked=&#8221;off&#8221; header_2_letter_spacing__hover_enabled=&#8221;off|hover&#8221;]<\/p>\n<h2 style=\"text-align: center;\">Aktualne oferty pracy w stalko<\/h2>\n<p>[\/et_pb_text][et_pb_text _builder_version=&#8221;4.9.9&#8243; _module_preset=&#8221;default&#8221; text_font=&#8221;Montserrat||||||||&#8221; text_text_color=&#8221;#747d88&#8243; text_font_size=&#8221;16px&#8221; text_line_height=&#8221;1.8em&#8221; text_orientation=&#8221;center&#8221; custom_margin=&#8221;29px||||false|false&#8221; locked=&#8221;off&#8221;]<\/p>\n<p align=\"justify\">Firma <b>STALKO sp. z o.o. sp.k.<\/b> realizuje projekt badawczo-rozwojowy wsp\u00f3\u0142finansowany ze \u015brodk\u00f3w Unii Europejskiej w ramach programu <b>Fundusze Europejskie dla Nowoczesnej Gospodarki (FENG)<\/b>, dzia\u0142anie <b>\u015acie\u017cka SMART<\/b>.<\/p>\n<p align=\"justify\">Celem projektu jest opracowanie innowacyjnego, ekologicznego ogrzewacza pomieszcze\u0144 w technologii INFERNO, charakteryzuj\u0105cego si\u0119 wysok\u0105 sprawno\u015bci\u0105 energetyczn\u0105 oraz znacz\u0105co obni\u017con\u0105 emisj\u0105 zanieczyszcze\u0144. Projekt wpisuje si\u0119 w rozw\u00f3j nowoczesnych, niskoemisyjnych technologii opartych na odnawialnych \u017ar\u00f3d\u0142ach energii.<\/p>\n<p align=\"justify\"><a name=\"_GoBack\"><\/a> W zwi\u0105zku z tym w STALKO prowadzona jest rekrutacja na ni\u017cej wymienione stanowiska zgodnie z zasadami r\u00f3wno\u015bci szans, niedyskryminacji oraz dost\u0119pno\u015bci, wynikaj\u0105cymi z polityk horyzontalnych Unii Europejskiej. Poszukujemy os\u00f3b na stonowisko:<\/p>\n<p>[\/et_pb_text][et_pb_image src=&#8221;https:\/\/stalko.com\/wp-content\/uploads\/2026\/03\/FENG_RP_UE_RGB-1-scaled.png&#8221; alt=&#8221;Trzy elementy: niebiesko-\u017c\u00f3\u0142te logo z polskim tekstem, flaga Polski z napisem Rzeczpospolita Polska oraz flaga UE z napisem Dofinansowane przez Uni\u0119 Europejsk\u0105.&#8221; title_text=&#8221;Trzy elementy: niebiesko-\u017c\u00f3\u0142te logo z polskim tekstem, flaga Polski z napisem Rzeczpospolita Polska oraz flaga UE z napisem Dofinansowane przez Uni\u0119 Europejsk\u0105.&#8221; _builder_version=&#8221;4.9.9&#8243; _module_preset=&#8221;default&#8221; locked=&#8221;off&#8221;][\/et_pb_image][\/et_pb_column][\/et_pb_row][et_pb_row _builder_version=&#8221;4.9.9&#8243; _module_preset=&#8221;default&#8221;][et_pb_column type=&#8221;4_4&#8243; _builder_version=&#8221;4.9.9&#8243; _module_preset=&#8221;default&#8221;][et_pb_accordion _builder_version=&#8221;4.9.9&#8243; _module_preset=&#8221;default&#8221; hover_enabled=&#8221;0&#8243; icon_color=&#8221;#FFFFFF&#8221; open_toggle_background_color=&#8221;RGBA(0,0,0,0)&#8221; closed_toggle_background_color=&#8221;#262626&#8243; open_toggle_text_color=&#8221;#262626&#8243; toggle_text_color=&#8221;#FFFFFF&#8221; sticky_enabled=&#8221;0&#8243;][et_pb_accordion_item title=&#8221;Specjalista B+R (R&#038;D Engineer) &#8211; badania ogrzewaczy&#8221; open=&#8221;on&#8221; _builder_version=&#8221;4.9.9&#8243; _module_preset=&#8221;default&#8221; open_use_icon_font_size=&#8221;off&#8221;]<\/p>\n<p><b>Zakres obowi\u0105zk\u00f3w<\/b><\/p>\n<ul>\n<li>\n<p>przeprowadzanie bada\u0144 stanowiskowych dla nowego ogrzewacza pomieszcze\u0144 zgodnie z obowi\u0105zuj\u0105c\u0105 norm\u0105 przedmiotow\u0105,<\/p>\n<\/li>\n<li>\n<p>uzyskiwanie oraz przeliczanie wynik\u00f3w emisyjno-energetycznych,<\/p>\n<\/li>\n<li>\n<p>przygotowywanie raport\u00f3w z bada\u0144,<\/p>\n<\/li>\n<li>\n<p>wsp\u00f3\u0142praca z zespo\u0142em konstrukcyjnym w zakresie optymalizacji konstrukcji,<\/p>\n<\/li>\n<li>\n<p>udzia\u0142 w weryfikacji symulacji numerycznych.<\/p>\n<\/li>\n<\/ul>\n<p><b>Wymagania<\/b><\/p>\n<ul>\n<li>\n<p>wykszta\u0142cenie wy\u017csze (preferowane kierunki techniczne),<\/p>\n<\/li>\n<li>\n<p>umiej\u0119tno\u015b\u0107 analizy danych technicznych,<\/p>\n<\/li>\n<li>\n<p>znajomo\u015b\u0107 zagadnie\u0144 zwi\u0105zanych z badaniami urz\u0105dze\u0144 grzewczych lub proces\u00f3w cieplnych b\u0119dzie dodatkowym atutem,<\/p>\n<\/li>\n<li>\n<p>samodzielno\u015b\u0107 i umiej\u0119tno\u015b\u0107 pracy zespo\u0142owej.<\/p>\n<\/li>\n<\/ul>\n<p><b>Oferujemy<\/b><\/p>\n<ul>\n<li>\n<p>zatrudnienie w oparciu o umow\u0119 o prac\u0119 (pe\u0142en etat),<\/p>\n<\/li>\n<li>\n<p>udzia\u0142 w projekcie badawczo-rozwojowym,<\/p>\n<\/li>\n<li>\n<p>mo\u017cliwo\u015b\u0107 wsp\u00f3\u0142pracy przy rozwoju innowacyjnych rozwi\u0105za\u0144,<\/p>\n<\/li>\n<li>\n<p>okres zatrudnienia: 26 miesi\u0119cy.<\/p>\n<\/li>\n<\/ul>\n<p>[\/et_pb_accordion_item][et_pb_accordion_item title=&#8221;Specjalista B+R (R&#038;D Engineer) &#8211; badania materia\u0142\u00f3w&#8221; _builder_version=&#8221;4.9.9&#8243; _module_preset=&#8221;default&#8221; open_use_icon_font_size=&#8221;off&#8221; open=&#8221;off&#8221;]<\/p>\n<p><b>Zakres obowi\u0105zk\u00f3w<\/b><\/p>\n<ul>\n<li>\n<p>przeprowadzanie bada\u0144 stanowiskowych ogrzewacza z now\u0105 mieszank\u0105 akumulacyjn\u0105 w komorze spalania,<\/p>\n<\/li>\n<li>\n<p>uzyskiwanie oraz przeliczanie wynik\u00f3w emisyjno-energetycznych,<\/p>\n<\/li>\n<li>\n<p>przygotowywanie raport\u00f3w z bada\u0144,<\/p>\n<\/li>\n<li>\n<p>wsp\u00f3\u0142praca z zespo\u0142em konstrukcyjnym w zakresie weryfikacji za\u0142o\u017ce\u0144 projektowych,<\/p>\n<\/li>\n<li>\n<p>udzia\u0142 w weryfikacji poprawno\u015bci symulacji numerycznych proces\u00f3w przep\u0142ywowych.<\/p>\n<\/li>\n<\/ul>\n<p><b>Wymagania<\/b><\/p>\n<ul>\n<li>\n<p>wykszta\u0142cenie wy\u017csze (preferowane kierunki techniczne),<\/p>\n<\/li>\n<li>\n<p>umiej\u0119tno\u015b\u0107 analizy wynik\u00f3w bada\u0144 i danych technicznych,<\/p>\n<\/li>\n<li>\n<p>podstawowa znajomo\u015b\u0107 zagadnie\u0144 zwi\u0105zanych z przep\u0142ywami lub wymian\u0105 ciep\u0142a b\u0119dzie dodatkowym atutem,<\/p>\n<\/li>\n<li>\n<p>dok\u0142adno\u015b\u0107 i zaanga\u017cowanie w realizacj\u0119 zada\u0144 badawczych.<\/p>\n<\/li>\n<\/ul>\n<p><b>Oferujemy<\/b><\/p>\n<ul>\n<li>\n<p>zatrudnienie w oparciu o umow\u0119 o prac\u0119 (pe\u0142en etat),<\/p>\n<\/li>\n<li>\n<p>udzia\u0142 w projekcie badawczo-rozwojowym finansowanym ze \u015brodk\u00f3w publicznych,<\/p>\n<\/li>\n<li>\n<p>mo\u017cliwo\u015b\u0107 zdobycia do\u015bwiadczenia w pracach B+R,<\/p>\n<\/li>\n<li>\n<p>okres zatrudnienia: 26 miesi\u0119cy.<\/p>\n<\/li>\n<\/ul>\n<p>[\/et_pb_accordion_item][\/et_pb_accordion][et_pb_text _builder_version=&#8221;4.9.9&#8243; _module_preset=&#8221;default&#8221; text_font=&#8221;Montserrat||||||||&#8221; text_text_color=&#8221;#747d88&#8243; text_font_size=&#8221;16px&#8221; text_line_height=&#8221;1.8em&#8221; text_orientation=&#8221;center&#8221; custom_margin=&#8221;29px||||false|false&#8221; locked=&#8221;off&#8221;]<\/p>\n<p style=\"text-align: left;\"><b>Klauzula r\u00f3wno\u015bci szans (UE)<\/b><\/p>\n<p style=\"text-align: left;\">Proces rekrutacji prowadzony jest z poszanowaniem zasad r\u00f3wno\u015bci szans kobiet i m\u0119\u017cczyzn oraz niedyskryminacji, zgodnie z politykami horyzontalnymi Unii Europejskiej.<\/p>\n<p style=\"text-align: left;\">Zapewniamy r\u00f3wne traktowanie wszystkich kandydat\u00f3w niezale\u017cnie od p\u0142ci, wieku, niepe\u0142nosprawno\u015bci, rasy, pochodzenia etnicznego, narodowo\u015bci, religii, wyznania, orientacji seksualnej czy przekona\u0144.<\/p>\n<p style=\"text-align: left;\">Rekrutacja odbywa si\u0119 w spos\u00f3b przejrzysty, obiektywny i oparty na kryteriach merytorycznych zwi\u0105zanych z wymaganiami stanowiska. Na \u017cyczenie kandydata istnieje mo\u017cliwo\u015b\u0107 dostosowania procesu rekrutacji do szczeg\u00f3lnych potrzeb, w tym wynikaj\u0105cych z niepe\u0142nosprawno\u015bci.<\/p>\n<p>[\/et_pb_text][\/et_pb_column][\/et_pb_row][\/et_pb_section][et_pb_section fb_built=&#8221;1&#8243; disabled_on=&#8221;off|off|off&#8221; admin_label=&#8221;Stats&#8221; _builder_version=&#8221;4.9.9&#8243; use_background_color_gradient=&#8221;on&#8221; background_color_gradient_start=&#8221;rgba(216,84,91,0.3)&#8221; background_color_gradient_end=&#8221;#d9000d&#8221; background_color_gradient_overlays_image=&#8221;on&#8221; background_image=&#8221;https:\/\/stalko.com\/wp-content\/uploads\/2022\/09\/CNC-Stalko-4.png&#8221; max_width=&#8221;1920px&#8221; min_height=&#8221;438px&#8221; custom_margin=&#8221;||0px||false|false&#8221; custom_padding=&#8221;||0px||false|false&#8221; bottom_divider_style=&#8221;mountains2&#8243; bottom_divider_color=&#8221;rgba(5,41,66,0.3)&#8221; bottom_divider_height=&#8221;12vw&#8221; locked=&#8221;off&#8221;][et_pb_row admin_label=&#8221;Wiersz&#8221; _builder_version=&#8221;4.9.9&#8243; _module_preset=&#8221;default&#8221; custom_margin=&#8221;||||false|false&#8221; custom_padding=&#8221;||||false|false&#8221;][et_pb_column type=&#8221;4_4&#8243; _builder_version=&#8221;4.9.9&#8243; _module_preset=&#8221;default&#8221;][et_pb_text admin_label=&#8221;Title&#8221; _builder_version=&#8221;4.9.9&#8243; text_font=&#8221;Montserrat||||||||&#8221; text_text_color=&#8221;#FFFFFF&#8221; text_font_size=&#8221;16px&#8221; text_line_height=&#8221;1.9em&#8221; header_font=&#8221;||||||||&#8221; header_text_align=&#8221;left&#8221; header_text_color=&#8221;#FFFFFF&#8221; header_2_font=&#8221;Montserrat|700||on|||||&#8221; header_2_text_color=&#8221;#FFFFFF&#8221; header_2_font_size=&#8221;42px&#8221; header_2_line_height=&#8221;1.3em&#8221; width=&#8221;100%&#8221; max_width=&#8221;1200px&#8221; module_alignment=&#8221;center&#8221; animation_style=&#8221;slide&#8221; animation_direction=&#8221;bottom&#8221; animation_intensity_slide=&#8221;4%&#8221; header_2_font_size_tablet=&#8221;&#8221; header_2_font_size_phone=&#8221;29px&#8221; header_2_font_size_last_edited=&#8221;on|phone&#8221; locked=&#8221;off&#8221;]<\/p>\n<h2 style=\"text-align: center;\">Zainteresowany wsp\u00f3\u0142prac\u0105?<\/h2>\n<p>[\/et_pb_text][et_pb_text _builder_version=&#8221;4.9.9&#8243; _module_preset=&#8221;default&#8221; text_text_color=&#8221;#FFFFFF&#8221; text_font_size=&#8221;19px&#8221; text_letter_spacing=&#8221;4px&#8221;]<\/p>\n<p style=\"text-align: center;\">Nie prowadzimy aktualnie rekrutacji na interesuj\u0105ce Ci\u0119 stanowisko? Wy\u015blij nam Swoje CV, a my odezwiemy si\u0119 do Ciebie!<\/p>\n<p>[\/et_pb_text][et_pb_button button_url=&#8221;https:\/\/stalko.com\/kontakt\/&#8221; button_text=&#8221;WY\u015aLIJ ZAPYTANIE&#8221; button_alignment=&#8221;center&#8221; admin_label=&#8221;Przycisk&#8221; _builder_version=&#8221;4.9.9&#8243; _module_preset=&#8221;default&#8221; custom_button=&#8221;on&#8221; button_text_size=&#8221;20px&#8221; button_text_color=&#8221;#d9000d&#8221; button_bg_color=&#8221;#FFFFFF&#8221; button_border_width=&#8221;0px&#8221; button_border_color=&#8221;#d9000d&#8221; button_border_radius=&#8221;7px&#8221; locked=&#8221;off&#8221;][\/et_pb_button][\/et_pb_column][\/et_pb_row][\/et_pb_section]<\/p>\n","protected":false},"excerpt":{"rendered":"<p>[et_pb_section fb_built=&#8221;1&#8243; disabled_on=&#8221;off|off|off&#8221; admin_label=&#8221;Header Section&#8221; _builder_version=&#8221;4.9.9&#8243; use_background_color_gradient=&#8221;on&#8221; background_color_gradient_start=&#8221;rgba(216,78,89,0.37)&#8221; background_color_gradient_end=&#8221;#d9000d&#8221; background_color_gradient_overlays_image=&#8221;on&#8221; background_image=&#8221;https:\/\/stalko.com\/wp-content\/uploads\/2022\/09\/CNC-Stalko-1.jpg&#8221; custom_margin=&#8221;|||&#8221; custom_padding=&#8221;6vw|0px|6vw|0px&#8221; bottom_divider_style=&#8221;mountains2&#8243; bottom_divider_color=&#8221;rgba(5,41,66,0.3)&#8221; bottom_divider_height=&#8221;20vw&#8221; animation_style=&#8221;slide&#8221; animation_direction=&#8221;top&#8221; animation_intensity_slide=&#8221;3%&#8221; animation_starting_opacity=&#8221;100%&#8221; locked=&#8221;off&#8221;][et_pb_row disabled_on=&#8221;off|off|off&#8221; module_class=&#8221; et_pb_row_fullwidth&#8221; _builder_version=&#8221;3.25&#8243; width=&#8221;89%&#8221; width_tablet=&#8221;80%&#8221; width_phone=&#8221;&#8221; width_last_edited=&#8221;on|desktop&#8221; max_width=&#8221;89%&#8221; max_width_tablet=&#8221;80%&#8221; max_width_phone=&#8221;&#8221; max_width_last_edited=&#8221;on|desktop&#8221; custom_padding=&#8221;|||&#8221; make_fullwidth=&#8221;on&#8221;][et_pb_column type=&#8221;4_4&#8243; _builder_version=&#8221;3.25&#8243; custom_padding=&#8221;|||&#8221; custom_padding__hover=&#8221;|||&#8221;][et_pb_text disabled_on=&#8221;off|off|off&#8221; _builder_version=&#8221;4.9.9&#8243; text_font=&#8221;Montserrat||||||||&#8221; text_font_size=&#8221;22px&#8221; text_line_height=&#8221;1.8em&#8221; header_font=&#8221;Montserrat|600||on|||||&#8221; header_text_align=&#8221;center&#8221; header_font_size=&#8221;8vw&#8221; header_line_height=&#8221;1.5em&#8221; text_orientation=&#8221;center&#8221; background_layout=&#8221;dark&#8221; custom_margin=&#8221;|||&#8221; header_font_size_tablet=&#8221;50px&#8221; header_font_size_phone=&#8221;&#8221; header_font_size_last_edited=&#8221;on|desktop&#8221; header_line_height_tablet=&#8221;1.1em&#8221; [&hellip;]<\/p>\n","protected":false},"author":1,"featured_media":0,"parent":0,"menu_order":0,"comment_status":"closed","ping_status":"closed","template":"","meta":{"_et_pb_use_builder":"on","_et_pb_old_content":"","_et_gb_content_width":"","_monsterinsights_skip_tracking":false,"_monsterinsights_sitenote_active":false,"_monsterinsights_sitenote_note":"","_monsterinsights_sitenote_category":0,"footnotes":""},"class_list":["post-260897","page","type-page","status-publish","hentry"],"_links":{"self":[{"href":"https:\/\/stalko.com\/fr\/wp-json\/wp\/v2\/pages\/260897","targetHints":{"allow":["GET"]}}],"collection":[{"href":"https:\/\/stalko.com\/fr\/wp-json\/wp\/v2\/pages"}],"about":[{"href":"https:\/\/stalko.com\/fr\/wp-json\/wp\/v2\/types\/page"}],"author":[{"embeddable":true,"href":"https:\/\/stalko.com\/fr\/wp-json\/wp\/v2\/users\/1"}],"replies":[{"embeddable":true,"href":"https:\/\/stalko.com\/fr\/wp-json\/wp\/v2\/comments?post=260897"}],"version-history":[{"count":0,"href":"https:\/\/stalko.com\/fr\/wp-json\/wp\/v2\/pages\/260897\/revisions"}],"wp:attachment":[{"href":"https:\/\/stalko.com\/fr\/wp-json\/wp\/v2\/media?parent=260897"}],"curies":[{"name":"wp","href":"https:\/\/api.w.org\/{rel}","templated":true}]}}