{"id":262525,"date":"2024-02-24T11:35:48","date_gmt":"2024-02-24T10:35:48","guid":{"rendered":"https:\/\/stalko.com\/?page_id=262525"},"modified":"2024-03-05T09:43:16","modified_gmt":"2024-03-05T08:43:16","slug":"rencontre-stalko","status":"publish","type":"page","link":"https:\/\/stalko.com\/fr\/poznaj-stalko\/","title":{"rendered":"D\u00e9couvrez STALKO"},"content":{"rendered":"<p>[et_pb_section fb_built=&#8221;1&#8243; _builder_version=&#8221;4.9.9&#8243; _module_preset=&#8221;default&#8221; background_color=&#8221;#000000&#8243;][et_pb_row _builder_version=&#8221;4.9.9&#8243; _module_preset=&#8221;default&#8221;][et_pb_column type=&#8221;4_4&#8243; _builder_version=&#8221;4.9.9&#8243; _module_preset=&#8221;default&#8221;][et_pb_image src=&#8221;https:\/\/stalko.com\/wp-content\/uploads\/2024\/03\/Poznaj-STALKO-obrobka-metali.png&#8221; title_text=&#8221;Poznaj STALKO &#8211; obr\u00f3bka metali&#8221; align=&#8221;center&#8221; _builder_version=&#8221;4.9.9&#8243; _module_preset=&#8221;default&#8221; hover_enabled=&#8221;0&#8243; sticky_enabled=&#8221;0&#8243; transform_scale=&#8221;78%|78%&#8221;][\/et_pb_image][\/et_pb_column][\/et_pb_row][et_pb_row column_structure=&#8221;1_2,1_2&#8243; _builder_version=&#8221;4.9.9&#8243; _module_preset=&#8221;default&#8221;][et_pb_column type=&#8221;1_2&#8243; _builder_version=&#8221;4.9.9&#8243; _module_preset=&#8221;default&#8221;][et_pb_text _builder_version=&#8221;4.9.9&#8243; _module_preset=&#8221;default&#8221; text_text_color=&#8221;#FFFFFF&#8221; header_2_text_color=&#8221;#FFFFFF&#8221;]<\/p>\n<h2 style=\"text-align: center;\"><strong><span>Kim jeste\u015bmy?<\/span><\/strong><\/h2>\n<p>[\/et_pb_text][et_pb_divider divider_weight=&#8221;3px&#8221; _builder_version=&#8221;4.9.9&#8243; _module_preset=&#8221;default&#8221; width=&#8221;22%&#8221; module_alignment=&#8221;center&#8221; custom_margin=&#8221;-22px||||false|false&#8221; locked=&#8221;off&#8221;][\/et_pb_divider][et_pb_text _builder_version=&#8221;4.9.9&#8243; _module_preset=&#8221;default&#8221; text_text_color=&#8221;#FFFFFF&#8221;]<\/p>\n<p style=\"text-align: center;\"><span>Jeste\u015bmy cz\u0119\u015bci\u0105\u00a0<span style=\"color: #da000c;\"><strong>Grupy Stalko<\/strong><\/span>, znan\u0105 z innowacyjno\u015bci i zaanga\u017cowania w tworzenie trwa\u0142ych rozwi\u0105za\u0144.<\/span><\/p>\n<p style=\"text-align: center;\"><span>Nasza misja to nie tylko dostarczanie produkt\u00f3w najwy\u017cszej jako\u015bci, ale te\u017c budowanie trwa\u0142ych relacji i wspieranie rozwoju naszych partner\u00f3w.<\/span><\/p>\n<p>[\/et_pb_text][\/et_pb_column][et_pb_column type=&#8221;1_2&#8243; _builder_version=&#8221;4.9.9&#8243; _module_preset=&#8221;default&#8221;][et_pb_image src=&#8221;https:\/\/stalko.com\/wp-content\/uploads\/2024\/02\/Stalko-Radom-firma-z-lotu-ptaka-1.jpg&#8221; title_text=&#8221;Stalko Radom firma z lotu ptaka&#8221; _builder_version=&#8221;4.9.9&#8243; _module_preset=&#8221;default&#8221;][\/et_pb_image][\/et_pb_column][\/et_pb_row][et_pb_row _builder_version=&#8221;4.9.9&#8243; _module_preset=&#8221;default&#8221;][et_pb_column type=&#8221;4_4&#8243; _builder_version=&#8221;4.9.9&#8243; _module_preset=&#8221;default&#8221;][et_pb_text _builder_version=&#8221;4.9.9&#8243; _module_preset=&#8221;default&#8221;]<\/p>\n<h2 style=\"text-align: center;\"><span style=\"color: #ffffff;\">Poznaj nasze brandy<\/span><\/h2>\n<p>[\/et_pb_text][et_pb_divider divider_weight=&#8221;3px&#8221; _builder_version=&#8221;4.9.9&#8243; _module_preset=&#8221;default&#8221; width=&#8221;22%&#8221; module_alignment=&#8221;center&#8221; custom_margin=&#8221;-22px||||false|false&#8221;][\/et_pb_divider][\/et_pb_column][\/et_pb_row][et_pb_row column_structure=&#8221;1_4,1_4,1_4,1_4&#8243; _builder_version=&#8221;4.9.9&#8243; _module_preset=&#8221;default&#8221;][et_pb_column type=&#8221;1_4&#8243; _builder_version=&#8221;4.9.9&#8243; _module_preset=&#8221;default&#8221;][et_pb_image src=&#8221;https:\/\/stalko.com\/wp-content\/uploads\/2024\/02\/2.png&#8221; title_text=&#8221;Logo HITZE white&#8221; url=&#8221;https:\/\/hitze.pl\/&#8221; _builder_version=&#8221;4.9.9&#8243; _module_preset=&#8221;default&#8221;][\/et_pb_image][et_pb_text _builder_version=&#8221;4.9.9&#8243; _module_preset=&#8221;default&#8221; text_font_size=&#8221;12px&#8221; header_2_font_size=&#8221;18px&#8221;]<\/p>\n<h2 style=\"text-align: center;\"><span style=\"color: #ffffff;\">Ekologiczne kominki i piece na drewno i gaz<\/span><\/h2>\n<p>[\/et_pb_text][et_pb_divider divider_weight=&#8221;3px&#8221; _builder_version=&#8221;4.9.9&#8243; _module_preset=&#8221;default&#8221; width=&#8221;22%&#8221; module_alignment=&#8221;center&#8221; custom_margin=&#8221;-22px||||false|false&#8221;][\/et_pb_divider][\/et_pb_column][et_pb_column type=&#8221;1_4&#8243; _builder_version=&#8221;4.9.9&#8243; _module_preset=&#8221;default&#8221;][et_pb_image src=&#8221;https:\/\/stalko.com\/wp-content\/uploads\/2024\/02\/1.png&#8221; title_text=&#8221;Logo Lorries bia\u0142e&#8221; url=&#8221;https:\/\/lorries.pl\/&#8221; _builder_version=&#8221;4.9.9&#8243; _module_preset=&#8221;default&#8221;][\/et_pb_image][et_pb_text _builder_version=&#8221;4.9.9&#8243; _module_preset=&#8221;default&#8221; header_2_font_size=&#8221;18px&#8221;]<\/p>\n<h2 style=\"text-align: center;\"><span style=\"color: #ffffff;\">Niezawodne przyczepy premium<\/span><\/h2>\n<p>[\/et_pb_text][et_pb_divider divider_weight=&#8221;3px&#8221; _builder_version=&#8221;4.9.9&#8243; _module_preset=&#8221;default&#8221; width=&#8221;22%&#8221; module_alignment=&#8221;center&#8221; custom_margin=&#8221;-22px||||false|false&#8221;][\/et_pb_divider][\/et_pb_column][et_pb_column type=&#8221;1_4&#8243; _builder_version=&#8221;4.9.9&#8243; _module_preset=&#8221;default&#8221;][et_pb_image src=&#8221;https:\/\/stalko.com\/wp-content\/uploads\/2024\/02\/4.png&#8221; title_text=&#8221;SORTER logo white&#8221; url=&#8221;https:\/\/www.sorter.pl\/&#8221; _builder_version=&#8221;4.9.9&#8243; _module_preset=&#8221;default&#8221;][\/et_pb_image][et_pb_text _builder_version=&#8221;4.9.9&#8243; _module_preset=&#8221;default&#8221; header_2_font_size=&#8221;18px&#8221;]<\/p>\n<h2 style=\"text-align: center;\"><span style=\"color: #ffffff;\">Zaawansowane linie produkcyjne<\/span><\/h2>\n<p>[\/et_pb_text][et_pb_divider divider_weight=&#8221;3px&#8221; _builder_version=&#8221;4.9.9&#8243; _module_preset=&#8221;default&#8221; width=&#8221;22%&#8221; module_alignment=&#8221;center&#8221; custom_margin=&#8221;-22px||||false|false&#8221;][\/et_pb_divider][\/et_pb_column][et_pb_column type=&#8221;1_4&#8243; _builder_version=&#8221;4.9.9&#8243; _module_preset=&#8221;default&#8221;][et_pb_image src=&#8221;https:\/\/stalko.com\/wp-content\/uploads\/2024\/02\/3.png&#8221; title_text=&#8221;Easy Robots logo white&#8221; url=&#8221;https:\/\/easyrobots.pl\/&#8221; _builder_version=&#8221;4.9.9&#8243; _module_preset=&#8221;default&#8221;][\/et_pb_image][et_pb_text _builder_version=&#8221;4.9.9&#8243; _module_preset=&#8221;default&#8221; header_2_font_size=&#8221;18px&#8221;]<\/p>\n<h2 style=\"text-align: center;\"><span style=\"color: #ffffff;\">Inteligentna robotyzacja produkcji<\/span><\/h2>\n<p>[\/et_pb_text][et_pb_divider divider_weight=&#8221;3px&#8221; _builder_version=&#8221;4.9.9&#8243; _module_preset=&#8221;default&#8221; width=&#8221;22%&#8221; module_alignment=&#8221;center&#8221; custom_margin=&#8221;-22px||||false|false&#8221;][\/et_pb_divider][\/et_pb_column][\/et_pb_row][et_pb_row column_structure=&#8221;1_2,1_2&#8243; _builder_version=&#8221;4.9.9&#8243; _module_preset=&#8221;default&#8221;][et_pb_column type=&#8221;1_2&#8243; _builder_version=&#8221;4.9.9&#8243; _module_preset=&#8221;default&#8221;][et_pb_image src=&#8221;https:\/\/stalko.com\/wp-content\/uploads\/2024\/02\/STALKO-Landing-page-Sales-Manago.png&#8221; title_text=&#8221;STALKO &#8211; Landing page &#8211; Sales Manago&#8221; _builder_version=&#8221;4.9.9&#8243; _module_preset=&#8221;default&#8221;][\/et_pb_image][\/et_pb_column][et_pb_column type=&#8221;1_2&#8243; _builder_version=&#8221;4.9.9&#8243; _module_preset=&#8221;default&#8221;][difl_imagecarousel item_desktop=&#8221;1&#8243; loop=&#8221;on&#8221; autoplay=&#8221;on&#8221; pause_hover=&#8221;on&#8221; dots=&#8221;on&#8221; _builder_version=&#8221;4.9.9&#8243; _module_preset=&#8221;default&#8221;][difl_imagecarouselitem admin_label=&#8221;Easy Robots robot spawaj\u0105cy&#8221; image=&#8221;https:\/\/stalko.com\/wp-content\/uploads\/2024\/02\/ER-robot-spawajacy-1.jpg&#8221; ic_button_button_url_new_window=&#8221;1&#8243; _builder_version=&#8221;4.9.9&#8243; _module_preset=&#8221;default&#8221;][\/difl_imagecarouselitem][difl_imagecarouselitem admin_label=&#8221;Ci\u0119cie laserowe &#8221; image=&#8221;https:\/\/stalko.com\/wp-content\/uploads\/2024\/02\/Ciecie-laserem-Stalko-1.jpg&#8221; ic_button_button_url_new_window=&#8221;1&#8243; _builder_version=&#8221;4.9.9&#8243; _module_preset=&#8221;default&#8221;][\/difl_imagecarouselitem][difl_imagecarouselitem admin_label=&#8221;Przyczepa pod\u0142odziowa pla\u017ca&#8221; image=&#8221;https:\/\/stalko.com\/wp-content\/uploads\/2024\/02\/PP75_4816_wiz_3_plaza.jpg&#8221; ic_button_button_url_new_window=&#8221;1&#8243; _builder_version=&#8221;4.9.9&#8243; _module_preset=&#8221;default&#8221;][\/difl_imagecarouselitem][difl_imagecarouselitem admin_label=&#8221;Lorries termoformowanie&#8221; image=&#8221;https:\/\/stalko.com\/wp-content\/uploads\/2024\/02\/Lorries-termoformowanie-Stalko-1.jpg&#8221; ic_button_button_url_new_window=&#8221;1&#8243; _builder_version=&#8221;4.9.9&#8243; _module_preset=&#8221;default&#8221;][\/difl_imagecarouselitem][difl_imagecarouselitem admin_label=&#8221;SORTER paletyzacja&#8221; image=&#8221;https:\/\/stalko.com\/wp-content\/uploads\/2024\/02\/SORTER-paletyzacja-1.jpg&#8221; ic_button_button_url_new_window=&#8221;1&#8243; _builder_version=&#8221;4.9.9&#8243; _module_preset=&#8221;default&#8221;][\/difl_imagecarouselitem][difl_imagecarouselitem admin_label=&#8221;Kominki produkcja&#8221; image=&#8221;https:\/\/stalko.com\/wp-content\/uploads\/2024\/02\/6.png&#8221; ic_button_button_url_new_window=&#8221;1&#8243; _builder_version=&#8221;4.9.9&#8243; _module_preset=&#8221;default&#8221;][\/difl_imagecarouselitem][\/difl_imagecarousel][\/et_pb_column][\/et_pb_row][et_pb_row _builder_version=&#8221;4.9.9&#8243; _module_preset=&#8221;default&#8221; column_structure=&#8221;1_2,1_2&#8243;][et_pb_column _builder_version=&#8221;4.9.9&#8243; _module_preset=&#8221;default&#8221; type=&#8221;1_2&#8243;][et_pb_text _builder_version=&#8221;4.9.9&#8243; _module_preset=&#8221;default&#8221; text_text_color=&#8221;#FFFFFF&#8221;]<\/p>\n<p style=\"text-align: justify;\"><span>Obecnie\u00a0<\/span><b>STALKO<\/b><span>\u00a0to firma z ugruntowan\u0105, stabiln\u0105 pozycj\u0105 na rynku, stawiaj\u0105c\u0105 na nieustanny rozw\u00f3j. W ostatnim czasie w firmie przeprowadzono wiele kluczowych decyzji pocz\u0105wszy od\u00a0<\/span><b>zmiany<\/b><span>\u00a0w pionie zarz\u0105dzaj\u0105cym, ko\u0144cz\u0105c na poszczeg\u00f3lnych dzia\u0142ach produkcyjnych. Usprawniono wiele proces\u00f3w, nie rezygnuj\u0105c przy tym ze swojego priorytetowego<\/span><b><span>\u00a0<\/span>podej\u015bcia do jako\u015bci<\/b><span>.<\/span><\/p>\n<p style=\"text-align: justify;\"><span>Potwierdzeniem wysokich kwalifikacji STALKO by\u0142o przyznanie w 2021 roku, przez Ministra Spraw Wewn\u0119trznych i Administracji\u00a0<\/span><strong>koncesji\u00a0na wykonywanie dzia\u0142alno\u015bci gospodarczej w <span style=\"color: #e02b20;\">zakresie wytwarzania i obrotu broni, amunicji i wyrob\u00f3w o przeznaczeniu wojskowym lub policyjnym<\/span>.<\/strong><\/p>\n<p>[\/et_pb_text][\/et_pb_column][et_pb_column _builder_version=&#8221;4.9.9&#8243; _module_preset=&#8221;default&#8221; type=&#8221;1_2&#8243;][et_pb_image src=&#8221;https:\/\/stalko.com\/wp-content\/uploads\/2024\/02\/STALKO-Koncesja-MSWiA-PL-3-1.png&#8221; title_text=&#8221;STALKO &#8211; Koncesja MSWiA PL &#8211; 3 (1)&#8221; _builder_version=&#8221;4.9.9&#8243; _module_preset=&#8221;default&#8221;][\/et_pb_image][\/et_pb_column][\/et_pb_row][\/et_pb_section]<\/p>\n","protected":false},"excerpt":{"rendered":"<p>[et_pb_section fb_built=&#8221;1&#8243; _builder_version=&#8221;4.9.9&#8243; _module_preset=&#8221;default&#8221; background_color=&#8221;#000000&#8243;][et_pb_row _builder_version=&#8221;4.9.9&#8243; _module_preset=&#8221;default&#8221;][et_pb_column type=&#8221;4_4&#8243; _builder_version=&#8221;4.9.9&#8243; _module_preset=&#8221;default&#8221;][et_pb_image src=&#8221;https:\/\/stalko.com\/wp-content\/uploads\/2024\/03\/Poznaj-STALKO-obrobka-metali.png&#8221; title_text=&#8221;Poznaj STALKO &#8211; obr\u00f3bka metali&#8221; align=&#8221;center&#8221; _builder_version=&#8221;4.9.9&#8243; _module_preset=&#8221;default&#8221; hover_enabled=&#8221;0&#8243; sticky_enabled=&#8221;0&#8243; transform_scale=&#8221;78%|78%&#8221;][\/et_pb_image][\/et_pb_column][\/et_pb_row][et_pb_row column_structure=&#8221;1_2,1_2&#8243; _builder_version=&#8221;4.9.9&#8243; _module_preset=&#8221;default&#8221;][et_pb_column type=&#8221;1_2&#8243; _builder_version=&#8221;4.9.9&#8243; _module_preset=&#8221;default&#8221;][et_pb_text _builder_version=&#8221;4.9.9&#8243; _module_preset=&#8221;default&#8221; text_text_color=&#8221;#FFFFFF&#8221; header_2_text_color=&#8221;#FFFFFF&#8221;] Kim jeste\u015bmy? [\/et_pb_text][et_pb_divider divider_weight=&#8221;3px&#8221; _builder_version=&#8221;4.9.9&#8243; _module_preset=&#8221;default&#8221; width=&#8221;22%&#8221; module_alignment=&#8221;center&#8221; custom_margin=&#8221;-22px||||false|false&#8221; locked=&#8221;off&#8221;][\/et_pb_divider][et_pb_text _builder_version=&#8221;4.9.9&#8243; _module_preset=&#8221;default&#8221; text_text_color=&#8221;#FFFFFF&#8221;] Jeste\u015bmy cz\u0119\u015bci\u0105\u00a0Grupy Stalko, znan\u0105 z innowacyjno\u015bci i zaanga\u017cowania w tworzenie [&hellip;]<\/p>\n","protected":false},"author":3,"featured_media":0,"parent":0,"menu_order":0,"comment_status":"closed","ping_status":"closed","template":"","meta":{"_et_pb_use_builder":"on","_et_pb_old_content":"","_et_gb_content_width":"","_monsterinsights_skip_tracking":false,"_monsterinsights_sitenote_active":false,"_monsterinsights_sitenote_note":"","_monsterinsights_sitenote_category":0,"footnotes":""},"class_list":["post-262525","page","type-page","status-publish","hentry"],"_links":{"self":[{"href":"https:\/\/stalko.com\/fr\/wp-json\/wp\/v2\/pages\/262525","targetHints":{"allow":["GET"]}}],"collection":[{"href":"https:\/\/stalko.com\/fr\/wp-json\/wp\/v2\/pages"}],"about":[{"href":"https:\/\/stalko.com\/fr\/wp-json\/wp\/v2\/types\/page"}],"author":[{"embeddable":true,"href":"https:\/\/stalko.com\/fr\/wp-json\/wp\/v2\/users\/3"}],"replies":[{"embeddable":true,"href":"https:\/\/stalko.com\/fr\/wp-json\/wp\/v2\/comments?post=262525"}],"version-history":[{"count":0,"href":"https:\/\/stalko.com\/fr\/wp-json\/wp\/v2\/pages\/262525\/revisions"}],"wp:attachment":[{"href":"https:\/\/stalko.com\/fr\/wp-json\/wp\/v2\/media?parent=262525"}],"curies":[{"name":"wp","href":"https:\/\/api.w.org\/{rel}","templated":true}]}}