{"id":263076,"date":"2025-05-14T11:27:48","date_gmt":"2025-05-14T09:27:48","guid":{"rendered":"https:\/\/stalko.com\/?page_id=263076"},"modified":"2026-03-23T15:20:11","modified_gmt":"2026-03-23T14:20:11","slug":"projets-de-lue","status":"publish","type":"page","link":"https:\/\/stalko.com\/fr\/projekty-unijne\/","title":{"rendered":"Projets europ\u00e9ens"},"content":{"rendered":"<p>[et_pb_section fb_built=&#8221;1&#8243; disabled_on=&#8221;off|off|off&#8221; admin_label=&#8221;Header Section&#8221; _builder_version=&#8221;4.9.9&#8243; use_background_color_gradient=&#8221;on&#8221; background_color_gradient_start=&#8221;rgba(216,78,89,0.37)&#8221; background_color_gradient_end=&#8221;#d9000d&#8221; background_color_gradient_overlays_image=&#8221;on&#8221; background_image=&#8221;https:\/\/stalko.com\/wp-content\/uploads\/2022\/09\/CNC-Stalko-1.jpg&#8221; custom_margin=&#8221;|||&#8221; custom_padding=&#8221;6vw|0px|6vw|0px&#8221; bottom_divider_style=&#8221;mountains2&#8243; bottom_divider_color=&#8221;rgba(5,41,66,0.3)&#8221; bottom_divider_height=&#8221;20vw&#8221; animation_style=&#8221;slide&#8221; animation_direction=&#8221;top&#8221; animation_intensity_slide=&#8221;3%&#8221; animation_starting_opacity=&#8221;100%&#8221; locked=&#8221;off&#8221;][et_pb_row disabled_on=&#8221;off|off|off&#8221; module_class=&#8221; et_pb_row_fullwidth&#8221; _builder_version=&#8221;3.25&#8243; width=&#8221;89%&#8221; width_tablet=&#8221;80%&#8221; width_phone=&#8221;&#8221; width_last_edited=&#8221;on|desktop&#8221; max_width=&#8221;89%&#8221; max_width_tablet=&#8221;80%&#8221; max_width_phone=&#8221;&#8221; max_width_last_edited=&#8221;on|desktop&#8221; custom_padding=&#8221;|||&#8221; make_fullwidth=&#8221;on&#8221;][et_pb_column type=&#8221;4_4&#8243; _builder_version=&#8221;3.25&#8243; custom_padding=&#8221;|||&#8221; custom_padding__hover=&#8221;|||&#8221;][et_pb_text disabled_on=&#8221;off|off|off&#8221; _builder_version=&#8221;4.9.9&#8243; text_font=&#8221;Montserrat||||||||&#8221; text_font_size=&#8221;22px&#8221; text_line_height=&#8221;1.8em&#8221; header_font=&#8221;Montserrat|600||on|||||&#8221; header_text_align=&#8221;center&#8221; header_font_size=&#8221;8vw&#8221; header_line_height=&#8221;1.5em&#8221; text_orientation=&#8221;center&#8221; background_layout=&#8221;dark&#8221; custom_margin=&#8221;|||&#8221; header_font_size_tablet=&#8221;50px&#8221; header_font_size_phone=&#8221;40px&#8221; header_font_size_last_edited=&#8221;on|phone&#8221; header_line_height_tablet=&#8221;1.1em&#8221; header_line_height_phone=&#8221;1.2em&#8221; header_line_height_last_edited=&#8221;off|desktop&#8221;]<\/p>\n<h1>PROJEKTY UNIJNE<\/h1>\n<p>[\/et_pb_text][\/et_pb_column][\/et_pb_row][\/et_pb_section][et_pb_section fb_built=&#8221;1&#8243; _builder_version=&#8221;4.9.9&#8243; _module_preset=&#8221;default&#8221;][et_pb_row _builder_version=&#8221;4.9.9&#8243; _module_preset=&#8221;default&#8221;][et_pb_column type=&#8221;4_4&#8243; _builder_version=&#8221;4.9.9&#8243; _module_preset=&#8221;default&#8221;][et_pb_text _builder_version=&#8221;4.9.9&#8243; _module_preset=&#8221;534cc526-6274-4e31-9e1a-7f18a5947bf1&#8243; header_4_font=&#8221;Oswald|500||on|||||&#8221; header_4_text_color=&#8221;#d9000d&#8221; header_4_font_size=&#8221;14px&#8221; header_4_letter_spacing=&#8221;1px&#8221; header_4_line_height=&#8221;1.3em&#8221; custom_margin=&#8221;||0px||false|false&#8221; hover_enabled=&#8221;0&#8243; header_4_font_size_tablet=&#8221;13px&#8221; header_4_font_size_phone=&#8221;11px&#8221; header_4_font_size_last_edited=&#8221;on|tablet&#8221; locked=&#8221;off&#8221; sticky_enabled=&#8221;0&#8243;]<\/p>\n<h4 style=\"text-align: center;\">Dofinansowania ze \u015brodk\u00f3w Funduszy Europejskich<\/h4>\n<p>[\/et_pb_text][et_pb_text _builder_version=&#8221;4.9.9&#8243; _module_preset=&#8221;default&#8221; text_font=&#8221;Montserrat||||||||&#8221; text_text_color=&#8221;#747d88&#8243; text_font_size=&#8221;16px&#8221; text_line_height=&#8221;1.8em&#8221; text_orientation=&#8221;center&#8221; custom_margin=&#8221;29px||||false|false&#8221; hover_enabled=&#8221;0&#8243; locked=&#8221;off&#8221; sticky_enabled=&#8221;0&#8243;]<\/p>\n<p style=\"text-align: left;\"><strong>Lista dotacji i dofinansowa\u0144 jakie otrzyma\u0142a firma STALKO Sp\u00f3\u0142ka z Ograniczon\u0105 Odpowiedzialno\u015bci\u0105 Sp\u00f3\u0142ka Komandytowa na realizacj\u0119 Projekt\u00f3w w ramach Funduszy Europejskich:<\/strong><\/p>\n<p>[\/et_pb_text][et_pb_text _builder_version=&#8221;4.9.9&#8243; _module_preset=&#8221;df96b77a-cd4f-44a8-a771-2d6347592b53&#8243; header_2_font=&#8221;Oswald|500||on|||||&#8221; header_2_text_color=&#8221;#1a202c&#8221; header_2_font_size=&#8221;40px&#8221; header_2_letter_spacing=&#8221;1px&#8221; header_2_line_height=&#8221;1.35em&#8221; custom_margin=&#8221;12px||||false|false&#8221; hover_enabled=&#8221;0&#8243; header_2_font_size_tablet=&#8221;32px&#8221; header_2_font_size_phone=&#8221;17px&#8221; header_2_font_size_last_edited=&#8221;on|phone&#8221; locked=&#8221;off&#8221; header_2_letter_spacing__hover_enabled=&#8221;off|hover&#8221; sticky_enabled=&#8221;0&#8243;]<\/p>\n<h2 style=\"text-align: center;\">Wdro\u017cenie innowacji \u015brodowiskowej w procesie technologicznym w firmie STALKO<\/h2>\n<p>[\/et_pb_text][et_pb_image src=&#8221;https:\/\/stalko.com\/wp-content\/uploads\/2025\/05\/KPO_barwy-RP_NextGenerationEU_poziom_zestawienie_podstawowe_-RGB-scaled.webp&#8221; title_text=&#8221;KPO_barwy RP_NextGenerationEU_poziom_zestawienie_podstawowe_ RGB&#8221; _builder_version=&#8221;4.9.9&#8243; _module_preset=&#8221;default&#8221;][\/et_pb_image][et_pb_text _builder_version=&#8221;4.9.9&#8243; _module_preset=&#8221;default&#8221; text_font=&#8221;Montserrat||||||||&#8221; text_text_color=&#8221;#747d88&#8243; text_font_size=&#8221;16px&#8221; text_line_height=&#8221;1.8em&#8221; text_orientation=&#8221;center&#8221; custom_margin=&#8221;29px||||false|false&#8221; locked=&#8221;off&#8221;]<\/p>\n<p style=\"text-align: left;\"><strong>Projekt realizowany w ramach Krajowego Planu Odbudowy i Zwi\u0119kszania Odporno\u015bci<\/strong><\/p>\n<p style=\"text-align: left;\"><strong>Opis projektu<\/strong><br \/>Firma STALKO realizuje projekt wsp\u00f3\u0142finansowany z Krajowego Planu Odbudowy i Zwi\u0119kszania Odporno\u015bci (KPO), w ramach dzia\u0142ania A2.2.1, polegaj\u0105cy na wdro\u017ceniu nowoczesnej linii do automatycznego rozwijania i ci\u0119cia laserowego blachy z kr\u0119gu.<\/p>\n<p style=\"text-align: left;\">Celem inwestycji jest zwi\u0119kszenie efektywno\u015bci produkcji, obni\u017cenie koszt\u00f3w operacyjnych oraz optymalizacja zu\u017cycia surowc\u00f3w. Nowa technologia pozwala na pe\u0142n\u0105 automatyzacj\u0119 proces\u00f3w rozwijania, poziomowania i ci\u0119cia, co znacz\u0105co redukuje odpady oraz poprawia jako\u015b\u0107 i powtarzalno\u015b\u0107 produkt\u00f3w. Dzi\u0119ki precyzyjnemu systemowi CNC ograniczane s\u0105 straty materia\u0142owe, a zu\u017cycie energii i emisja CO\u2082 ulegaj\u0105 redukcji.<\/p>\n<p style=\"text-align: left;\">Inwestycja wpisuje si\u0119 w za\u0142o\u017cenia gospodarki o obiegu zamkni\u0119tym (GOZ) oraz Krajowej Inteligentnej Specjalizacji (KIS nr 7), wspieraj\u0105c ide\u0119 \u201ezero waste\u201d i promuj\u0105c nowoczesne, ekologiczne technologie w przemy\u015ble.<\/p>\n<p style=\"text-align: left;\"><strong>Szczeg\u00f3\u0142y projektu<\/strong><br \/>Tytu\u0142 projektu: Wdro\u017cenie innowacji \u015brodowiskowej w procesie technologicznym zmierzaj\u0105cej do polepszenia gospodarki materia\u0142owej, efektywno\u015bci energetycznej i zmiany przedsi\u0119biorstwa w kierunku zerowej ilo\u015bci odpad\u00f3w w STALKO SP. Z O.O. SP. K.<br \/>Priorytet: Odporno\u015b\u0107 i konkurencyjno\u015b\u0107 gospodarki &#8211; cz\u0119\u015b\u0107 grantowa<br \/>Dzia\u0142anie: A2.2.1. Inwestycje we wdra\u017canie technologii i innowacji \u015brodowiskowych, w tym zwi\u0105zanych z GOZ<br \/>Numer naboru: KPOD.01.13-IW.01-001\/24<br \/>Okres realizacji: 3 lutego 2025 \u2013 23 marca 2026<br \/>Warto\u015b\u0107 przedsi\u0119wzi\u0119cia: 2 104 559.40 PLN<br \/>Warto\u015b\u0107 dofinansowania z UE: 1 052 279.70 PLN<br \/>\u0179r\u00f3d\u0142o finansowania: Projekt wsp\u00f3\u0142finansowany z Krajowego Planu Odbudowy i Zwi\u0119kszania Odporno\u015bci oraz Unii Europejskiej w ramach instrumentu NextGenerationEU.<\/p>\n<p>[\/et_pb_text][\/et_pb_column][\/et_pb_row][\/et_pb_section][et_pb_section fb_built=&#8221;1&#8243; _builder_version=&#8221;4.9.9&#8243; _module_preset=&#8221;default&#8221; hover_enabled=&#8221;0&#8243; background_color=&#8221;#f9f9f9&#8243; sticky_enabled=&#8221;0&#8243;][et_pb_row _builder_version=&#8221;4.9.9&#8243; _module_preset=&#8221;default&#8221;][et_pb_column type=&#8221;4_4&#8243; _builder_version=&#8221;4.9.9&#8243; _module_preset=&#8221;default&#8221;][et_pb_text _builder_version=&#8221;4.9.9&#8243; _module_preset=&#8221;df96b77a-cd4f-44a8-a771-2d6347592b53&#8243; header_2_font=&#8221;Oswald|500||on|||||&#8221; header_2_text_color=&#8221;#1a202c&#8221; header_2_font_size=&#8221;40px&#8221; header_2_letter_spacing=&#8221;1px&#8221; header_2_line_height=&#8221;1.35em&#8221; custom_margin=&#8221;60px||||false|false&#8221; hover_enabled=&#8221;0&#8243; header_2_font_size_tablet=&#8221;32px&#8221; header_2_font_size_phone=&#8221;17px&#8221; header_2_font_size_last_edited=&#8221;on|phone&#8221; locked=&#8221;off&#8221; header_2_letter_spacing__hover_enabled=&#8221;off|hover&#8221; sticky_enabled=&#8221;0&#8243;]<\/p>\n<h2 style=\"text-align: center;\">Opracowanie i wykonanie prototypu innowacyjnego ogrzewacza pomieszcze\u0144 wykonanego w technologii INFERNO<\/h2>\n<p>[\/et_pb_text][et_pb_image src=&#8221;https:\/\/stalko.com\/wp-content\/uploads\/2026\/03\/FENG_RP_UE_RGB-1-scaled.png&#8221; title_text=&#8221;Trzy elementy: niebiesko-\u017c\u00f3\u0142te logo z polskim tekstem, flaga Polski z napisem Rzeczpospolita Polska oraz flaga UE z napisem Dofinansowane przez Uni\u0119 Europejsk\u0105.&#8221; _builder_version=&#8221;4.9.9&#8243; _module_preset=&#8221;default&#8221; hover_enabled=&#8221;0&#8243; alt=&#8221;Trzy elementy: niebiesko-\u017c\u00f3\u0142te logo z polskim tekstem, flaga Polski z napisem Rzeczpospolita Polska oraz flaga UE z napisem Dofinansowane przez Uni\u0119 Europejsk\u0105.&#8221; sticky_enabled=&#8221;0&#8243;][\/et_pb_image][et_pb_text _builder_version=&#8221;4.9.9&#8243; _module_preset=&#8221;default&#8221; text_font=&#8221;Montserrat||||||||&#8221; text_text_color=&#8221;#747d88&#8243; text_font_size=&#8221;16px&#8221; text_line_height=&#8221;1.8em&#8221; text_orientation=&#8221;center&#8221; custom_margin=&#8221;29px||||false|false&#8221; hover_enabled=&#8221;0&#8243; locked=&#8221;off&#8221; sticky_enabled=&#8221;0&#8243;]<\/p>\n<p style=\"text-align: left;\"><strong>Projekt realizowany w ramach Funduszy Europejskich dla Nowoczesnej Gospodarki<\/strong><br \/><strong>Opis projektu<\/strong><\/p>\n<p style=\"text-align: left;\">Firma STALKO sp. z o.o. sp.k. realizuje projekt wsp\u00f3\u0142finansowany ze \u015brodk\u00f3w Unii Europejskiej w ramach programu Fundusze Europejskie dla Nowoczesnej Gospodarki (FENG), priorytet Wsparcie dla przedsi\u0119biorc\u00f3w, dzia\u0142anie \u015acie\u017cka SMART. Projekt polega na opracowaniu i wykonaniu prototypu innowacyjnego, ekologicznego ogrzewacza pomieszcze\u0144 w technologii INFERNO.<br \/>Celem inwestycji jest stworzenie nowoczesnego kominka wolnostoj\u0105cego zasilanego biomas\u0105, kt\u00f3ry dzi\u0119ki autorskiemu systemowi napowietrzania i nowym materia\u0142om akumulacyjnym osi\u0105gnie sprawno\u015b\u0107 energetyczn\u0105 na poziomie 90%. Nowa technologia pozwoli na drastyczne obni\u017cenie emisji py\u0142\u00f3w (do poziomu max. 10 mg\/m\u00b3), co stanowi redukcj\u0119 o 75% wzgl\u0119dem obecnych wymaga\u0144 rynkowych.<br \/>Inwestycja wprowadza innowacj\u0119 produktow\u0105 na skal\u0119 mi\u0119dzynarodow\u0105, promuj\u0105c rozwi\u0105zania niskoemisyjne i efektywne wykorzystanie paliw odnawialnych. Dzi\u0119ki zastosowaniu zasad uniwersalnego projektowania, efekty projektu (w tym aparatura badawcza i dokumentacja) b\u0119d\u0105 w pe\u0142ni dost\u0119pne dla os\u00f3b z niepe\u0142nosprawno\u015bciami.<\/p>\n<p style=\"text-align: left;\"><strong>Szczeg\u00f3\u0142y projektu<\/strong><br \/>Tytu\u0142 projektu: Opracowanie i wykonanie prototypu innowacyjnego ogrzewacza pomieszcze\u0144 wykonanego w technologii INFERNO.<br \/>Priorytet: Wsparcie dla przedsi\u0119biorc\u00f3w<br \/>Dzia\u0142anie: \u015acie\u017cka SMART<br \/>Numer naboru: FENG.01.01-IP.02-002\/25<br \/>Okres realizacji: 01.04.2026 &#8211; 31.05.2028<br \/>Warto\u015b\u0107 przedsi\u0119wzi\u0119cia: 3 187 225.00 PLN<br \/>Warto\u015b\u0107 dofinansowania z UE: 2 110 256.25 PLN<br \/>\u0179r\u00f3d\u0142o finansowania: Projekt wsp\u00f3\u0142finansowany przez Uni\u0119 Europejsk\u0105 ze \u015brodk\u00f3w Europejskiego Funduszu Rozwoju Regionalnego w ramach programu Fundusze Europejskie dla Nowoczesnej Gospodarki 2021-2027.<\/p>\n<p>[\/et_pb_text][\/et_pb_column][\/et_pb_row][\/et_pb_section]<\/p>\n","protected":false},"excerpt":{"rendered":"<p>[et_pb_section fb_built=&#8221;1&#8243; disabled_on=&#8221;off|off|off&#8221; admin_label=&#8221;Header Section&#8221; _builder_version=&#8221;4.9.9&#8243; use_background_color_gradient=&#8221;on&#8221; background_color_gradient_start=&#8221;rgba(216,78,89,0.37)&#8221; background_color_gradient_end=&#8221;#d9000d&#8221; background_color_gradient_overlays_image=&#8221;on&#8221; background_image=&#8221;https:\/\/stalko.com\/wp-content\/uploads\/2022\/09\/CNC-Stalko-1.jpg&#8221; custom_margin=&#8221;|||&#8221; custom_padding=&#8221;6vw|0px|6vw|0px&#8221; bottom_divider_style=&#8221;mountains2&#8243; bottom_divider_color=&#8221;rgba(5,41,66,0.3)&#8221; bottom_divider_height=&#8221;20vw&#8221; animation_style=&#8221;slide&#8221; animation_direction=&#8221;top&#8221; animation_intensity_slide=&#8221;3%&#8221; animation_starting_opacity=&#8221;100%&#8221; locked=&#8221;off&#8221;][et_pb_row disabled_on=&#8221;off|off|off&#8221; module_class=&#8221; et_pb_row_fullwidth&#8221; _builder_version=&#8221;3.25&#8243; width=&#8221;89%&#8221; width_tablet=&#8221;80%&#8221; width_phone=&#8221;&#8221; width_last_edited=&#8221;on|desktop&#8221; max_width=&#8221;89%&#8221; max_width_tablet=&#8221;80%&#8221; max_width_phone=&#8221;&#8221; max_width_last_edited=&#8221;on|desktop&#8221; custom_padding=&#8221;|||&#8221; make_fullwidth=&#8221;on&#8221;][et_pb_column type=&#8221;4_4&#8243; _builder_version=&#8221;3.25&#8243; custom_padding=&#8221;|||&#8221; custom_padding__hover=&#8221;|||&#8221;][et_pb_text disabled_on=&#8221;off|off|off&#8221; _builder_version=&#8221;4.9.9&#8243; text_font=&#8221;Montserrat||||||||&#8221; text_font_size=&#8221;22px&#8221; text_line_height=&#8221;1.8em&#8221; header_font=&#8221;Montserrat|600||on|||||&#8221; header_text_align=&#8221;center&#8221; header_font_size=&#8221;8vw&#8221; header_line_height=&#8221;1.5em&#8221; text_orientation=&#8221;center&#8221; background_layout=&#8221;dark&#8221; custom_margin=&#8221;|||&#8221; header_font_size_tablet=&#8221;50px&#8221; header_font_size_phone=&#8221;40px&#8221; header_font_size_last_edited=&#8221;on|phone&#8221; header_line_height_tablet=&#8221;1.1em&#8221; [&hellip;]<\/p>\n","protected":false},"author":1,"featured_media":0,"parent":0,"menu_order":0,"comment_status":"closed","ping_status":"closed","template":"","meta":{"_et_pb_use_builder":"on","_et_pb_old_content":"","_et_gb_content_width":"","_monsterinsights_skip_tracking":false,"_monsterinsights_sitenote_active":false,"_monsterinsights_sitenote_note":"","_monsterinsights_sitenote_category":0,"footnotes":""},"class_list":["post-263076","page","type-page","status-publish","hentry"],"_links":{"self":[{"href":"https:\/\/stalko.com\/fr\/wp-json\/wp\/v2\/pages\/263076","targetHints":{"allow":["GET"]}}],"collection":[{"href":"https:\/\/stalko.com\/fr\/wp-json\/wp\/v2\/pages"}],"about":[{"href":"https:\/\/stalko.com\/fr\/wp-json\/wp\/v2\/types\/page"}],"author":[{"embeddable":true,"href":"https:\/\/stalko.com\/fr\/wp-json\/wp\/v2\/users\/1"}],"replies":[{"embeddable":true,"href":"https:\/\/stalko.com\/fr\/wp-json\/wp\/v2\/comments?post=263076"}],"version-history":[{"count":0,"href":"https:\/\/stalko.com\/fr\/wp-json\/wp\/v2\/pages\/263076\/revisions"}],"wp:attachment":[{"href":"https:\/\/stalko.com\/fr\/wp-json\/wp\/v2\/media?parent=263076"}],"curies":[{"name":"wp","href":"https:\/\/api.w.org\/{rel}","templated":true}]}}